{"id":839,"date":"2014-10-14T10:45:17","date_gmt":"2014-10-14T14:45:17","guid":{"rendered":"http:\/\/rdcc.cashin.ca\/?page_id=839"},"modified":"2018-02-05T02:57:21","modified_gmt":"2018-02-05T07:57:21","slug":"conditions-dutilisation","status":"publish","type":"page","link":"https:\/\/rdccontrol.com\/fr\/conditions-dutilisation\/","title":{"rendered":"Conditions d&rsquo;utilisation"},"content":{"rendered":"<div class=\"wpb-content-wrapper\">[mk_page_section bg_image=\u00a0\u00bbhttp:\/\/rdccontrol.com\/wp-content\/uploads\/2017\/12\/tim-mccartney-27559.jpg\u00a0\u00bb bg_position=\u00a0\u00bbcenter center\u00a0\u00bb bg_repeat=\u00a0\u00bbno-repeat\u00a0\u00bb bg_stretch=\u00a0\u00bbtrue\u00a0\u00bb video_color_mask=\u00a0\u00bb#000000&Prime; video_opacity=\u00a0\u00bb0.69&Prime; full_width=\u00a0\u00bbtrue\u00a0\u00bb padding_top=\u00a0\u00bb0&Prime; padding_bottom=\u00a0\u00bb0&Prime; sidebar=\u00a0\u00bbsidebar-1&Prime;][vc_column][mk_page_title_box page_title=\u00a0\u00bbConditions d&rsquo;utilisation\u00a0\u00bb page_subtitle=\u00a0\u00bbConditions d\u2019utilisation \u2013 RDC Control\u00a0\u00bb section_height=\u00a0\u00bb250&Prime; bg_repeat=\u00a0\u00bbno-repeat\u00a0\u00bb font_size=\u00a0\u00bb60&Prime; sub_font_color=\u00a0\u00bb#ffffff\u00a0\u00bb][\/vc_column][\/mk_page_section][mk_page_section padding_top=\u00a0\u00bb50&Prime; padding_bottom=\u00a0\u00bb50&Prime; el_class=\u00a0\u00bbterms-content\u00a0\u00bb sidebar=\u00a0\u00bbsidebar-1&Prime;][vc_column][vc_row_inner][vc_column_inner][vc_column_text css=\u00a0\u00bb.vc_custom_1512448726721{margin-bottom: 0px !important;}\u00a0\u00bb]Votre acc\u00e8s \u00e0 rdccontrol.com est sujet aux Conditions d\u2019utilisation suivantes. Ces conditions peuvent \u00eatre mise \u00e0 jour de temps en temps sans pr\u00e9avis. En acc\u00e9dant ou en utilisant ce site web, vous consentez d\u2019avoir lu et compris ces Conditions d\u2019utilisation, et acceptez d\u2019\u00eatre li\u00e9 \u00e0 ces Conditions d\u2019utilisation. Si vous \u00eates en d\u00e9saccord avec ces Conditions d\u2019utilisation (car elles peuvent \u00eatre modifi\u00e9es de temps en temps), ou si vous \u00eates insatisfaits avec ce site web, votre seul et unique recours est de cesser d\u2019utiliser ce site web.[\/vc_column_text][\/vc_column_inner][\/vc_row_inner][vc_row_inner][vc_column_inner][mk_padding_divider][mk_fancy_title color=\u00a0\u00bb#78786d\u00a0\u00bb size=\u00a0\u00bb28&Prime; font_weight=\u00a0\u00bb600&Prime; margin_bottom=\u00a0\u00bb0&Prime; font_family=\u00a0\u00bbnone\u00a0\u00bb]AVIS DE NON-RESPONSABILIT\u00c9\/EXCLUSIONS[\/mk_fancy_title][vc_column_text css=\u00a0\u00bb.vc_custom_1513773098791{margin-bottom: 0px !important;}\u00a0\u00bb]Vous reconnaissez et acceptez que:<\/p>\n<p>Bien que nous nous efforcions de fournir les informations les plus r\u00e9centes concernant nos produits et services sur ce site web, et d\u2019autres informations sur notre entreprise, nous ne garantissons pas l\u2019exactitude, l\u2019efficacit\u00e9 et la pertinence de toute information contenue dans ce site web. Chaque personne assume l\u2019enti\u00e8re responsabilit\u00e9 et tous les risques d\u00e9coulant de l\u2019utilisation de ce site Internet. L\u2019information est pr\u00e9sent\u00e9e \u00ab TELLE QUELLE \u00bb et ce site peut contenir des inexactitudes techniques ou des erreurs typographiques. RDC Control se r\u00e9serve le droit d\u2019ajouter, de supprimer ou de modifier toute information \u00e0 tout moment sans pr\u00e9avis.<\/p>\n<p>RDC Control <em>NE REPR\u00c9SENTE PAS OU NE GARANTIT PAS D\u2019AUCUNE MANI\u00c8RE LES INFORMATIONS OU LE CONTENU AFFICH\u00c9 SUR CE SITE WEB. RDC Control N\u2019EST PAS RESPONSABLE POUR TOUTE D\u00c9CLARATION NI GARANTIE, EXPRESSE OU IMPLICITE, CR\u00c9\u00c9E L\u00c9GALEMENT, PAR UN CONTRAT OU AUTREMENT, Y COMPRIS, MAIS SANS S\u2019Y LIMITER \u00c0TOUTE GARANTIE DE QUALIT\u00c9 MARCHANDE, D\u2019AD\u00c9QUATION \u00c0 UN USAGE, TITRE OU USAGE L\u00c9GAL PARTICULIER. EN AUCUN CAS RDC Control NE SERA RESPONSABLE DE DOMMAGES DE TOUTE NATURE, Y COMPRIS, MAIS SANS S\u2019Y LIMITER AUX DOMMAGES DIRECTS, INDIRECTS, SP\u00c9CIAUX (Y COMPRIS LA PERTE DE PROFIT) NI DOMMAGES DIRECTS OU INDIRECTS PROVENANT DE OU EN RELATION AVEC L\u2019EXISTENCE OU L\u2019UTILISATION DE CE SITE INTERNET ET\/OU PROVENANT DE L\u2019INFORMATION OU DU CONTENU AFFICH\u00c9 SUR CE SITE WEB, PEU IMPORTE SI RDC Control A \u00c9T\u00c9 INFORM\u00c9 DE LA POSSIBILIT\u00c9 DE TELS DOMMAGES.<\/em><\/p>\n<p>RDC Control n\u2019est pas responsable, et ne fournit aucune garantie d\u2019aucune sorte sur l\u2019exactitude, l\u2019efficacit\u00e9, la rapidit\u00e9 et la pertinence de toute information ou contenu provenant de tiers, y compris les liens hypertextes allant vers ou provenant des sites tiers. Sauf sur indication contraire sur ce site web, RDC Control ne modifiera pas, ne censurera pas ni autrement contr\u00f4lera tout contenu fourni par des tiers sur un babillard \u00e9lectronique, clavardage ou autres forums de nature similaire affich\u00e9 sur son site web. De telles informations devraient \u00eatre consid\u00e9r\u00e9es par cons\u00e9quent suspectes et ne sont pas approuv\u00e9es par RDC Control.[\/vc_column_text][mk_padding_divider size=\u00a0\u00bb15&Prime;][mk_fancy_title color=\u00a0\u00bb#78786d\u00a0\u00bb size=\u00a0\u00bb28&Prime; font_weight=\u00a0\u00bb600&Prime; margin_bottom=\u00a0\u00bb0&Prime; font_family=\u00a0\u00bbnone\u00a0\u00bb]VOTRE UTILISATION[\/mk_fancy_title][vc_column_text css=\u00a0\u00bb.vc_custom_1513773157710{margin-bottom: 0px !important;}\u00a0\u00bb]Vous comprenez, reconnaissez et acceptez ce qui suit:<\/p>\n<p>En utilisant ce site web, vous acceptez de ne pas perturber ou d\u2019intercepter les renseignements \u00e9lectroniques affich\u00e9s sur ce site web ou sur n\u2019importe lequel de nos serveurs. Vous acceptez \u00e9galement de ne pas tenter de contourner les mesures de s\u00e9curit\u00e9 de notre site web, et de respecter toute loi et r\u00e8glements locaux, provinciaux, d\u2019\u00c9tat, f\u00e9d\u00e9raux et internationaux.<\/p>\n<p>Vous accordez \u00e0 RDC Control le droit d\u2019utiliser tout le contenu que vous t\u00e9l\u00e9chargez ou transmettez \u00e0 ce site web, \u00e9tant soumis \u00e0 ces Conditions d\u2019utilisation et Politique de confidentialit\u00e9 de RDC Control dans la mani\u00e8re dont RDC Control choisit, y compris, mais sans s\u2019y limiter, \u00e0 la copie, l\u2019affichage, l\u2019ex\u00e9cution ou la publication dans n\u2019importe quel format, ou de modifier ou d\u2019incorporer le contenu sous d\u2019autres formes ou de cr\u00e9er une nouvelle \u0153uvre bas\u00e9e sur ce contenu.<\/p>\n<p>Sauf sur indication et entente pr\u00e9alable avec RDC Control, aucune entente confidentielle sera \u00e9tablie dans le cas o\u00f9 un utilisateur de ce site Internet communiquerait oralement, par \u00e9crit ou \u00e9lectroniquement avec RDC Control (telles que r\u00e9troactions, questions, commentaires, suggestions, id\u00e9es, etc.). Si un site web de RDC Control demande ou exige de telles informations, et ces informations comprennent des informations personnelles (par exemple, le nom, l\u2019adresse, le num\u00e9ro de t\u00e9l\u00e9phone), RDC Control g\u00e9rera, utilisera et maintiendra ces informations de fa\u00e7on consistante avec notre Politique de confidentialit\u00e9. Autrement, de telles communications et tous les renseignements soumis seront consid\u00e9r\u00e9s comme non-confidentiels et RDC Control sera autoris\u00e9 de reproduire, publier ou autrement utiliser ces renseignements \u00e0 n\u2019importe quelle fin. Un utilisateur qui envoie des informations \u00e0 RDC Control est enti\u00e8rement responsable de son contenu, y compris son exactitude et son respect de tout droit de propri\u00e9t\u00e9 et de confidentialit\u00e9 de toute autre personne.[\/vc_column_text][mk_padding_divider size=\u00a0\u00bb15&Prime;][mk_fancy_title color=\u00a0\u00bb#78786d\u00a0\u00bb size=\u00a0\u00bb28&Prime; font_weight=\u00a0\u00bb600&Prime; margin_bottom=\u00a0\u00bb0&Prime; font_family=\u00a0\u00bbnone\u00a0\u00bb]PROPRI\u00c9T\u00c9 INTELLECTUELLE[\/mk_fancy_title][vc_column_text css=\u00a0\u00bb.vc_custom_1512449618492{margin-bottom: 0px !important;}\u00a0\u00bb]Les informations, documents, images connexes et vid\u00e9os publi\u00e9s sur ce site Internet (les \u00ab Informations \u00bb) sont la propri\u00e9t\u00e9 exclusive de RDC Control, \u00e0 l\u2019exception des informations fournies par des fournisseurs tiers.<\/p>\n<p>L\u2019utilisation de ces Information est permise, \u00e0 condition que[\/vc_column_text][mk_custom_list style=\u00a0\u00bb\u00a0\u00bb el_class=\u00a0\u00bblist-section\u00a0\u00bb]\n<ol>\n<li>la mention de copyright ci-dessus appara\u00eet sur toutes les copies,<\/li>\n<li>l\u2019utilisation des Informations soit \u00e0 usage informatif et non commercial ou personnel;<\/li>\n<li>les Informations ne soient pas modifi\u00e9es en aucune fa\u00e7on, et<\/li>\n<li>aucun graphique de ce site Internet ne soit utilis\u00e9 s\u00e9par\u00e9ment du texte qui l\u2019accompagne.<\/li>\n<\/ol>\n[\/mk_custom_list][vc_column_text css=\u00a0\u00bb.vc_custom_1512449494737{margin-bottom: 0px !important;}\u00a0\u00bb]RDC Control n\u2019est pas responsable du contenu fourni par les fournisseurs tiers, et il est interdit de distribuer ce mat\u00e9riel sans la permission du propri\u00e9taire du droit d\u2019auteur. Sauf si autoris\u00e9 par les pr\u00e9sentes, aucune licence ni aucun droit, explicite ou implicite, n\u2019est accord\u00e9 \u00e0 toute personne \u00e0 l\u2019\u00e9gard de tout brevet, marque ou autre droit de propri\u00e9t\u00e9 de RDC Control.<\/p>\n<p>Il est interdit d\u2019utiliser toute marque de commerce, noms commerciaux, aspects visuels et produits de commerce de RDC Control provenant de ce site Internet sans l\u2019autorisation pr\u00e9alable \u00e9crite de RDC Control, sauf pour identifier les produits ou services de l\u2019entreprise.[\/vc_column_text][mk_padding_divider size=\u00a0\u00bb15&Prime;][mk_fancy_title color=\u00a0\u00bb#78786d\u00a0\u00bb size=\u00a0\u00bb28&Prime; font_weight=\u00a0\u00bb600&Prime; margin_bottom=\u00a0\u00bb0&Prime; font_family=\u00a0\u00bbnone\u00a0\u00bb]VIE PRIV\u00c9E ET S\u00c9CURIT\u00c9[\/mk_fancy_title][vc_column_text css=\u00a0\u00bb.vc_custom_1512449775659{margin-bottom: 0px !important;}\u00a0\u00bb]RDC Control s\u2019engage \u00e0 prot\u00e9ger votre vie priv\u00e9e en ligne. Nous comprenons l\u2019importance de la vie priv\u00e9e de nos clients et visiteurs sur notre site web. Notre utilisation des informations personnelles est r\u00e9gie par notre Politique de confidentialit\u00e9 et en acc\u00e9dant et en utilisant notre site web, vous acceptez de respecter cette politique<\/p>\n<p>Vous reconnaissez et acceptez que lorsque vous soumettez vos informations personnelles \u00e0 skyfold.com, sachant que RDC Control dispose de mesures de s\u00e9curit\u00e9 pour pr\u00e9venir l\u2019acc\u00e8s non autoris\u00e9 ou l\u2019interception, il n\u2019y a aucune garantie absolue de s\u00e9curit\u00e9. <em> DANS LE CAS PEU PROBABLE D\u2019UNE INTERCEPTION OU D\u2019UN ACC\u00c8S NON AUTORIS\u00c9 MALGR\u00c9 NOS EFFORTS, RDC Control NE SERA PAS RESPONSABLE POUR DE TELLES INTERCEPTIONS OU D\u2019ACC\u00c8S NON AUTORIS\u00c9S, NI DOMMAGES DIRECTS, INDIRECTS, SP\u00c9CIAUX, OU ACCIDENTELS (Y COMPRIS LA PERTE DE PROFITS) SUBI PAR UN CLIENT OU UN UTILISATEUR, M\u00caME SI RDC Control A \u00c9T\u00c9 INFORM\u00c9 DE LA POSSIBILIT\u00c9 DE TELS DOMMAGES. RDC Control NE GARANTIT PAS, EXPRESS\u00c9MENT OU IMPLICITEMENT, QUE LES INFORMATIONS FOURNIES PAR UN CLIENT SERONT \u00c0 L\u2019ABRIS D\u2019INTERCEPTIONS OU D\u2019ACC\u00c8S NON AUTORIS\u00c9S, ET NE FOURNIT AUCUNE GARANTIE IMPLICITE DE QUALIT\u00c9 MARCHANDE ET D\u2019AD\u00c9QUATION \u00c0 UN USAGE PARTICULIER. LES CLIENTS SONT RESPONSABLES DE MAINTENIR LA CONFIDENTIALIT\u00c9 DE LEURS MOTS DE PASSE.<\/em>[\/vc_column_text][mk_padding_divider size=\u00a0\u00bb15&Prime;][mk_fancy_title color=\u00a0\u00bb#78786d\u00a0\u00bb size=\u00a0\u00bb28&Prime; font_weight=\u00a0\u00bb600&Prime; margin_bottom=\u00a0\u00bb0&Prime; font_family=\u00a0\u00bbnone\u00a0\u00bb]LIMITATION DE RESPONSABILIT\u00c9S[\/mk_fancy_title][vc_column_text css=\u00a0\u00bb.vc_custom_1512450598699{margin-bottom: 0px !important;}\u00a0\u00bb]RDC Control n\u2019assume aucune responsabilit\u00e9 pour le mat\u00e9riel, les informations et les opinions fournies, publi\u00e9es, ou autrement disponibles par le biais de ce site web. Vous \u00eates responsable des risques associ\u00e9s si vous vous fiez sur le mat\u00e9riel, les informations et les opinions. RDC Control ne sera pas responsable de tout dommage personnel ou mat\u00e9riel r\u00e9sultant de l\u2019utilisation de ce site web, ou provenant du contenu du site.<\/p>\n<p><em>CE SITE WEB, LE CONTENU DU SITE ET LES PRODUITS ET SERVICES de RDC Control DISPONIBLES SUR CE SITE WEB SONT FOURNIS SUR UNE BASE \u00abTELS QUELS\u00bb ET \u00abTELS QUE DISPONIBLES\u00bb, D\u00c9FAUTS COMPRIS. EN AUCUN CAS RDC Control, OU SES FILIALES, FOURNISSEURS, DIRECTEURS, EMPLOY\u00c9S OU AGENTS (\u00abPARTIES DE RDC Control\u00bb) SERONT TENUS RESPONSABLES DES DOMMAGES DE TOUTE NATURE, SOUS TOUTE THEORIE JURIDIQUE, PROVENANT DE OU EN RELATION AVEC VOTRE UTILISATION OU DE VOTRE INCAPACIT\u00c9 D\u2019UTILISER CE SITE WEB, LE CONTENU DU SITE, LES SERVICES FOURNIS \u00c0 TRAVERS CE SITE WEB OU \u00c0 TRAVERS TOUT AUTRE SITE LI\u00c9, Y COMPRIS LES DOMMAGES SP\u00c9CIAUX, INDIRECTS, PUNITIFS, VINDICATIFS OU ACCIDENTELS, Y COMPRIS MAIS SANS S\u2019Y LIMITER AUX BLESSURES PERSONNELLES, LA PERTE DE PROFITS OU DOMMAGES RESULTANT DE D\u00c9LAIS, INTERRUPTIONS DE SERVICE, VIRUS, SUPPRESSION DE FICHIERS OU DE COMMUNICATIONS \u00c9LECTRONIQUES, OU ERREURS, OMISSIONS OU INEXACTITUDES CONTENUES DANS CE SITE WEB OU DANS LE CONTENU DU SITE, SI OU NON CEUX-CI PROVIENNENT D\u2019UNE N\u00c9GLIGENCE DE RDC Control OU SI OU NON RDC Control A \u00c9T\u00c9 INFORM\u00c9 DE LA POSSIBILIT\u00c9 DE TELS DOMMAGES.<\/em>[\/vc_column_text][mk_padding_divider size=\u00a0\u00bb15&Prime;][mk_fancy_title color=\u00a0\u00bb#78786d\u00a0\u00bb size=\u00a0\u00bb28&Prime; font_weight=\u00a0\u00bb600&Prime; margin_bottom=\u00a0\u00bb0&Prime; font_family=\u00a0\u00bbnone\u00a0\u00bb]G\u00c9N\u00c9RALIT\u00c9S[\/mk_fancy_title][vc_column_text css=\u00a0\u00bb.vc_custom_1513236565983{margin-bottom: 0px !important;}\u00a0\u00bb]Vous acceptez que ces Conditions d\u2019utilisation d\u00e9crivent l\u2019int\u00e9gralit\u00e9 de l\u2019entente entre nous \u00e0 l\u2019\u00e9gard des sujets \u00e9nonc\u00e9s. Le site rdccontrol.com fut cr\u00e9\u00e9 et est g\u00e9r\u00e9 conform\u00e9ment aux lois de la province de Qu\u00e9bec. Les lois de la province de Qu\u00e9bec contr\u00f4leront les modalit\u00e9s et conditions \u00e9nonc\u00e9es dans ces Conditions d\u2019utilisation, sans donner effet aux principes de conflits de lois. Si un tribunal comp\u00e9tent juge qu\u2019une disposition de ces Conditions d\u2019utilisation est invalide ou inapplicable, vous acceptez que les autres dispositions de ces Conditions d\u2019utilisation demeurent enti\u00e8rement valides et applicables.[\/vc_column_text][\/vc_column_inner][\/vc_row_inner][\/vc_column][\/mk_page_section]\n<\/div>","protected":false},"excerpt":{"rendered":"<p>[mk_page_section bg_image=\u00a0\u00bbhttp:\/\/rdccontrol.com\/wp-content\/uploads\/2017\/12\/tim-mccartney-27559.jpg\u00a0\u00bb bg_position=\u00a0\u00bbcenter center\u00a0\u00bb bg_repeat=\u00a0\u00bbno-repeat\u00a0\u00bb bg_stretch=\u00a0\u00bbtrue\u00a0\u00bb video_color_mask=\u00a0\u00bb#000000&Prime; video_opacity=\u00a0\u00bb0.69&Prime; full_width=\u00a0\u00bbtrue\u00a0\u00bb padding_top=\u00a0\u00bb0&Prime; padding_bottom=\u00a0\u00bb0&Prime; sidebar=\u00a0\u00bbsidebar-1&Prime;][vc_column][mk_page_title_box page_title=\u00a0\u00bbConditions d&rsquo;utilisation\u00a0\u00bb page_subtitle=\u00a0\u00bbConditions d\u2019utilisation \u2013 RDC Control\u00a0\u00bb section_height=\u00a0\u00bb250&Prime; bg_repeat=\u00a0\u00bbno-repeat\u00a0\u00bb font_size=\u00a0\u00bb60&Prime; sub_font_color=\u00a0\u00bb#ffffff\u00a0\u00bb][\/vc_column][\/mk_page_section][mk_page_section padding_top=\u00a0\u00bb50&Prime; padding_bottom=\u00a0\u00bb50&Prime; el_class=\u00a0\u00bbterms-content\u00a0\u00bb sidebar=\u00a0\u00bbsidebar-1&Prime;][vc_column][vc_row_inner][vc_column_inner][vc_column_text css=\u00a0\u00bb.vc_custom_1512448726721{margin-bottom: 0px !important;}\u00a0\u00bb]Votre acc\u00e8s \u00e0 rdccontrol.com est sujet aux Conditions d\u2019utilisation suivantes. Ces conditions peuvent \u00eatre mise \u00e0 jour de temps en temps sans pr\u00e9avis. En acc\u00e9dant ou [&hellip;]<\/p>\n","protected":false},"author":1,"featured_media":0,"parent":0,"menu_order":49,"comment_status":"closed","ping_status":"closed","template":"","meta":{"footnotes":""},"class_list":["post-839","page","type-page","status-publish","hentry"],"yoast_head":"<!-- This site is optimized with the Yoast SEO plugin v27.3 - https:\/\/yoast.com\/product\/yoast-seo-wordpress\/ -->\n<title>Conditions d&#039;utilisation - RDC Control<\/title>\n<meta name=\"robots\" content=\"index, follow, max-snippet:-1, max-image-preview:large, max-video-preview:-1\" \/>\n<link rel=\"canonical\" href=\"https:\/\/rdccontrol.com\/fr\/conditions-dutilisation\/\" \/>\n<meta name=\"twitter:label1\" content=\"Dur\u00e9e de lecture estim\u00e9e\" \/>\n\t<meta name=\"twitter:data1\" content=\"10 minutes\" \/>\n<script type=\"application\/ld+json\" class=\"yoast-schema-graph\">{\"@context\":\"https:\\\/\\\/schema.org\",\"@graph\":[{\"@type\":\"WebPage\",\"@id\":\"https:\\\/\\\/rdccontrol.com\\\/fr\\\/conditions-dutilisation\\\/\",\"url\":\"https:\\\/\\\/rdccontrol.com\\\/fr\\\/conditions-dutilisation\\\/\",\"name\":\"Conditions d'utilisation - RDC Control\",\"isPartOf\":{\"@id\":\"https:\\\/\\\/rdccontrol.com\\\/fr\\\/#website\"},\"datePublished\":\"2014-10-14T14:45:17+00:00\",\"dateModified\":\"2018-02-05T07:57:21+00:00\",\"breadcrumb\":{\"@id\":\"https:\\\/\\\/rdccontrol.com\\\/fr\\\/conditions-dutilisation\\\/#breadcrumb\"},\"inLanguage\":\"fr-FR\",\"potentialAction\":[{\"@type\":\"ReadAction\",\"target\":[\"https:\\\/\\\/rdccontrol.com\\\/fr\\\/conditions-dutilisation\\\/\"]}]},{\"@type\":\"BreadcrumbList\",\"@id\":\"https:\\\/\\\/rdccontrol.com\\\/fr\\\/conditions-dutilisation\\\/#breadcrumb\",\"itemListElement\":[{\"@type\":\"ListItem\",\"position\":1,\"name\":\"Home\",\"item\":\"https:\\\/\\\/rdccontrol.com\\\/fr\\\/\"},{\"@type\":\"ListItem\",\"position\":2,\"name\":\"Conditions d&#8217;utilisation\"}]},{\"@type\":\"WebSite\",\"@id\":\"https:\\\/\\\/rdccontrol.com\\\/fr\\\/#website\",\"url\":\"https:\\\/\\\/rdccontrol.com\\\/fr\\\/\",\"name\":\"RDC Control\",\"description\":\"A perfect alliance between expertise and know-how\",\"publisher\":{\"@id\":\"https:\\\/\\\/rdccontrol.com\\\/fr\\\/#organization\"},\"potentialAction\":[{\"@type\":\"SearchAction\",\"target\":{\"@type\":\"EntryPoint\",\"urlTemplate\":\"https:\\\/\\\/rdccontrol.com\\\/fr\\\/?s={search_term_string}\"},\"query-input\":{\"@type\":\"PropertyValueSpecification\",\"valueRequired\":true,\"valueName\":\"search_term_string\"}}],\"inLanguage\":\"fr-FR\"},{\"@type\":\"Organization\",\"@id\":\"https:\\\/\\\/rdccontrol.com\\\/fr\\\/#organization\",\"name\":\"RDC Control\",\"url\":\"https:\\\/\\\/rdccontrol.com\\\/fr\\\/\",\"logo\":{\"@type\":\"ImageObject\",\"inLanguage\":\"fr-FR\",\"@id\":\"https:\\\/\\\/rdccontrol.com\\\/fr\\\/#\\\/schema\\\/logo\\\/image\\\/\",\"url\":\"http:\\\/\\\/rdccontrol.com\\\/wp-content\\\/uploads\\\/2016\\\/05\\\/Logo_recolored_w.png\",\"contentUrl\":\"http:\\\/\\\/rdccontrol.com\\\/wp-content\\\/uploads\\\/2016\\\/05\\\/Logo_recolored_w.png\",\"width\":330,\"height\":378,\"caption\":\"RDC Control\"},\"image\":{\"@id\":\"https:\\\/\\\/rdccontrol.com\\\/fr\\\/#\\\/schema\\\/logo\\\/image\\\/\"},\"sameAs\":[\"http:\\\/\\\/www.linkedin.com\\\/company\\\/rdc-control-ltd\"]}]}<\/script>\n<!-- \/ Yoast SEO plugin. -->","yoast_head_json":{"title":"Conditions d'utilisation - RDC Control","robots":{"index":"index","follow":"follow","max-snippet":"max-snippet:-1","max-image-preview":"max-image-preview:large","max-video-preview":"max-video-preview:-1"},"canonical":"https:\/\/rdccontrol.com\/fr\/conditions-dutilisation\/","twitter_misc":{"Dur\u00e9e de lecture estim\u00e9e":"10 minutes"},"schema":{"@context":"https:\/\/schema.org","@graph":[{"@type":"WebPage","@id":"https:\/\/rdccontrol.com\/fr\/conditions-dutilisation\/","url":"https:\/\/rdccontrol.com\/fr\/conditions-dutilisation\/","name":"Conditions d'utilisation - RDC Control","isPartOf":{"@id":"https:\/\/rdccontrol.com\/fr\/#website"},"datePublished":"2014-10-14T14:45:17+00:00","dateModified":"2018-02-05T07:57:21+00:00","breadcrumb":{"@id":"https:\/\/rdccontrol.com\/fr\/conditions-dutilisation\/#breadcrumb"},"inLanguage":"fr-FR","potentialAction":[{"@type":"ReadAction","target":["https:\/\/rdccontrol.com\/fr\/conditions-dutilisation\/"]}]},{"@type":"BreadcrumbList","@id":"https:\/\/rdccontrol.com\/fr\/conditions-dutilisation\/#breadcrumb","itemListElement":[{"@type":"ListItem","position":1,"name":"Home","item":"https:\/\/rdccontrol.com\/fr\/"},{"@type":"ListItem","position":2,"name":"Conditions d&#8217;utilisation"}]},{"@type":"WebSite","@id":"https:\/\/rdccontrol.com\/fr\/#website","url":"https:\/\/rdccontrol.com\/fr\/","name":"RDC Control","description":"A perfect alliance between expertise and know-how","publisher":{"@id":"https:\/\/rdccontrol.com\/fr\/#organization"},"potentialAction":[{"@type":"SearchAction","target":{"@type":"EntryPoint","urlTemplate":"https:\/\/rdccontrol.com\/fr\/?s={search_term_string}"},"query-input":{"@type":"PropertyValueSpecification","valueRequired":true,"valueName":"search_term_string"}}],"inLanguage":"fr-FR"},{"@type":"Organization","@id":"https:\/\/rdccontrol.com\/fr\/#organization","name":"RDC Control","url":"https:\/\/rdccontrol.com\/fr\/","logo":{"@type":"ImageObject","inLanguage":"fr-FR","@id":"https:\/\/rdccontrol.com\/fr\/#\/schema\/logo\/image\/","url":"http:\/\/rdccontrol.com\/wp-content\/uploads\/2016\/05\/Logo_recolored_w.png","contentUrl":"http:\/\/rdccontrol.com\/wp-content\/uploads\/2016\/05\/Logo_recolored_w.png","width":330,"height":378,"caption":"RDC Control"},"image":{"@id":"https:\/\/rdccontrol.com\/fr\/#\/schema\/logo\/image\/"},"sameAs":["http:\/\/www.linkedin.com\/company\/rdc-control-ltd"]}]}},"_links":{"self":[{"href":"https:\/\/rdccontrol.com\/fr\/wp-json\/wp\/v2\/pages\/839","targetHints":{"allow":["GET"]}}],"collection":[{"href":"https:\/\/rdccontrol.com\/fr\/wp-json\/wp\/v2\/pages"}],"about":[{"href":"https:\/\/rdccontrol.com\/fr\/wp-json\/wp\/v2\/types\/page"}],"author":[{"embeddable":true,"href":"https:\/\/rdccontrol.com\/fr\/wp-json\/wp\/v2\/users\/1"}],"replies":[{"embeddable":true,"href":"https:\/\/rdccontrol.com\/fr\/wp-json\/wp\/v2\/comments?post=839"}],"version-history":[{"count":40,"href":"https:\/\/rdccontrol.com\/fr\/wp-json\/wp\/v2\/pages\/839\/revisions"}],"predecessor-version":[{"id":3684,"href":"https:\/\/rdccontrol.com\/fr\/wp-json\/wp\/v2\/pages\/839\/revisions\/3684"}],"wp:attachment":[{"href":"https:\/\/rdccontrol.com\/fr\/wp-json\/wp\/v2\/media?parent=839"}],"curies":[{"name":"wp","href":"https:\/\/api.w.org\/{rel}","templated":true}]}}