{"id":836,"date":"2014-10-14T10:35:47","date_gmt":"2014-10-14T14:35:47","guid":{"rendered":"http:\/\/rdcc.cashin.ca\/?page_id=836"},"modified":"2018-02-05T02:57:05","modified_gmt":"2018-02-05T07:57:05","slug":"politique-de-confidentialite","status":"publish","type":"page","link":"https:\/\/rdccontrol.com\/fr\/politique-de-confidentialite\/","title":{"rendered":"Politique de confidentialit\u00e9"},"content":{"rendered":"<div class=\"wpb-content-wrapper\">[mk_page_section bg_image=\u00a0\u00bbhttp:\/\/rdccontrol.com\/wp-content\/uploads\/2017\/12\/viktor-kiryanov-111736.jpg\u00a0\u00bb bg_position=\u00a0\u00bbcenter center\u00a0\u00bb bg_repeat=\u00a0\u00bbno-repeat\u00a0\u00bb bg_stretch=\u00a0\u00bbtrue\u00a0\u00bb video_color_mask=\u00a0\u00bb#000000&Prime; video_opacity=\u00a0\u00bb0.69&Prime; full_width=\u00a0\u00bbtrue\u00a0\u00bb padding_top=\u00a0\u00bb0&Prime; padding_bottom=\u00a0\u00bb0&Prime; sidebar=\u00a0\u00bbsidebar-1&Prime;][vc_column][mk_page_title_box page_title=\u00a0\u00bbPolitique de confidentialit\u00e9\u00a0\u00bb page_subtitle=\u00a0\u00bbCette politique de confidentialit\u00e9 s\u2019applique \u00e0 l\u2019utilisation du Site Web Rdccontrol.com.\u00a0\u00bb section_height=\u00a0\u00bb250&Prime; bg_repeat=\u00a0\u00bbno-repeat\u00a0\u00bb font_size=\u00a0\u00bb60&Prime; sub_font_size=\u00a0\u00bb24&Prime; sub_font_color=\u00a0\u00bb#ffffff\u00a0\u00bb][\/vc_column][\/mk_page_section][mk_page_section padding_top=\u00a0\u00bb50&Prime; padding_bottom=\u00a0\u00bb50&Prime; sidebar=\u00a0\u00bbsidebar-1&Prime;][vc_column][vc_row_inner][vc_column_inner][vc_column_text css=\u00a0\u00bb.vc_custom_1513235253119{margin-bottom: 0px !important;}\u00a0\u00bb]Nous pla\u00e7ons une grande importance sur votre vie priv\u00e9e et rendons cette politique facilement accessible sur notre site afin de vous aider \u00e0 comprendre l\u2019utilisation des informations lors de l\u2019utilisation de ce site.[\/vc_column_text][\/vc_column_inner][\/vc_row_inner][vc_row_inner][vc_column_inner][mk_fancy_title color=\u00a0\u00bb#78786d\u00a0\u00bb size=\u00a0\u00bb28&Prime; font_weight=\u00a0\u00bb600&Prime; txt_transform=\u00a0\u00bbnone\u00a0\u00bb margin_bottom=\u00a0\u00bb0&Prime; font_family=\u00a0\u00bbnone\u00a0\u00bb]Fichiers\/registres et \u00abcookies\u00bb[\/mk_fancy_title][vc_column_text css=\u00a0\u00bb.vc_custom_1512397158590{margin-bottom: 0px !important;}\u00a0\u00bb]Ce site web utilise des applications analytiques standards d\u2019industrie qui regroupent automatiquement des informations limit\u00e9es sur les visiteurs de notre site web. Ces applications sauvegardent ces informations anonymes dans des fichiers\/registres du serveur. Ces informations peuvent inclure les adresses IP, les types de navigateurs, informations IP de base, pages de r\u00e9f\u00e9rences, syst\u00e8mes d\u2019exploitation utilis\u00e9s ainsi que la date\/heure des visites. Ces informations n\u2019identifient pas les utilisateurs, elles sont utilis\u00e9es uniquement pour fins d\u2019administration du site et analyse des tendances et de l\u2019utilisation du site.<\/p>\n<p>De plus, des \u00abcookies\u00bb peuvent \u00eatre utilis\u00e9s pour fournir un acc\u00e8s plus facile et plus rapide aux fonctionnalit\u00e9s du site telles qu\u2019ouvertures de sessions et\/ou visites\/liens r\u00e9p\u00e9titifs. Les cookies sont des petits fichiers de texte sauvegard\u00e9s sur les ordinateurs personnels \u00e0 des fins de r\u00e9f\u00e9rences. Nous ne lions pas les informations que nous sauvegardons dans les cookies \u00e0 des informations que vous avez soumis sur notre site et qui peuvent vous identifier.<\/p>\n<p>Nous utilisons des cookies d\u2019ouvertures de sessions et des cookies persistants. Un cookie d\u2019ouverture de session est supprim\u00e9 lorsque vous fermez votre navigateur, et un cookie persistant peut demeurer sur votre disque dur pendant une certaine p\u00e9riode. Les cookies d\u2019ouvertures de sessions facilitent la navigation sur notre site; les cookies persistants peuvent effectuer des actions telles que l\u2019enregistrement de votre mot de passe pour des forums ou des blogues pour ne pas avoir \u00e0 ressaisir les informations \u00e0 chaque fois que vous visitez ces pages, et\/ou peuvent \u00eatre utilis\u00e9s afin de nous permettre de suivre et de cibler les int\u00e9r\u00eats de nos utilisateurs afin d\u2019am\u00e9liorer l\u2019exp\u00e9rience globale \u00e0 l\u2019\u00e9gard de l\u2019utilisation de notre site.<\/p>\n<p>Nous n\u2019avons pas acc\u00e8s \u00e0 des fonctionnalit\u00e9s d\u2019administration \u00e0 travers tous les cookies utilis\u00e9s par les annonceurs sur notre site lorsque les annonceurs sont pr\u00e9sents.[\/vc_column_text][mk_padding_divider size=\u00a0\u00bb15&Prime;][mk_fancy_title color=\u00a0\u00bb#78786d\u00a0\u00bb size=\u00a0\u00bb28&Prime; font_weight=\u00a0\u00bb600&Prime; txt_transform=\u00a0\u00bbnone\u00a0\u00bb margin_bottom=\u00a0\u00bb0&Prime; font_family=\u00a0\u00bbnone\u00a0\u00bb]Liens vers autres sites web[\/mk_fancy_title][vc_column_text css=\u00a0\u00bb.vc_custom_1512397338447{margin-bottom: 0px !important;}\u00a0\u00bb]Ce site web peut contenir des liens vers d\u2019autres sites qui ne sont pas contr\u00f4l\u00e9s en aucune mani\u00e8re par nous. Soyez conscients de cela quand vous cliquez sur ces liens, nous ne sommes pas responsables des pratiques de confidentialit\u00e9 et\/ou politiques de tout site autre que ceux de notre site. Par cons\u00e9quent, nous sugg\u00e9rons fortement que vous r\u00e9visiez les politiques de confidentialit\u00e9 de chaque site que vous visitez, qu\u2019ils soient li\u00e9s ou non par notre site web.[\/vc_column_text][mk_padding_divider size=\u00a0\u00bb15&Prime;][mk_fancy_title color=\u00a0\u00bb#78786d\u00a0\u00bb size=\u00a0\u00bb28&Prime; font_weight=\u00a0\u00bb600&Prime; txt_transform=\u00a0\u00bbnone\u00a0\u00bb margin_bottom=\u00a0\u00bb0&Prime; font_family=\u00a0\u00bbnone\u00a0\u00bb]Enregistrement et utilisation des renseignements personnels[\/mk_fancy_title][vc_column_text css=\u00a0\u00bb.vc_custom_1512397412856{margin-bottom: 0px !important;}\u00a0\u00bb]Votre enregistrement\/inscription n\u2019est pas n\u00e9cessaire pour utiliser ou acc\u00e9der \u00e0 ce site. Toutefois, ce site peut contenir des forums, des blogues, des babillards ou autres fonctionnalit\u00e9s pour les utilisateurs. Vous pourriez avoir \u00e0 vous inscrire \u00e0 ces pages, en particuli\u00e8rement si vous souhaitez laisser des commentaires ou sauvegarder des articles ou chroniques.<\/p>\n<p>Si vous vous inscrivez et fournissez des informations personnelles, soyez assur\u00e9s que RDC Control ne divulguera pas ces informations \u00e0 des tiers, sauf \u00e0 nos fournisseurs de services op\u00e9rant notre site en notre nom et qui sont autoris\u00e9s \u00e0 utiliser ces informations personnelles conform\u00e9ment aux termes de nos ententes de services avec eux.<\/p>\n<p>Veuillez noter que si vous affichez des commentaires ou des articles sur des forums, blogues ou babillards sur ce site, les informations personnelles que vous fournissez dans ces commentaires ou articles peuvent \u00eatre lues, copi\u00e9es et utilis\u00e9es par tous ceux qui lisent les commentaires ou articles. Nous ne sommes pas responsables des informations personnelles que vous choisissez de rendre visible par le biais de ces pages.<\/p>\n<p>Nous offrons \u00e9galement aux visiteurs de notre site web le choix de recevoir des communications de notre part. Dans ces cas, nous demandons les adresses courriel et noms des visiteurs. Ces communications et envois comprennent nos bulletins d\u2019informations, promotions sur nos produits et toute autre information que nous \u00e9valuons pertinente pour les utilisateurs. Vous pouvez refuser de continuer \u00e0 recevoir une partie ou la totalit\u00e9 de ces communications en cliquant sur le lien \u00abd\u00e9sinscription\u00bb (\u00abunsubscribe\u00bb) dans tout courriel que nous vous envoyons.<\/p>\n<p>Nous vous rappelons que si vous fournissez votre adresse courriel et\/ou votre nom aux fins de recevoir des communications de notre part, RDC Control ne divulguera pas ces informations \u00e0 des tiers, sauf \u00e0 nos fournisseurs de services op\u00e9rant notre site en notre nom et qui sont autoris\u00e9s \u00e0 utiliser ces informations personnelles conform\u00e9ment aux termes de nos ententes de services avec eux.[\/vc_column_text][mk_padding_divider size=\u00a0\u00bb15&Prime;][mk_fancy_title color=\u00a0\u00bb#78786d\u00a0\u00bb size=\u00a0\u00bb28&Prime; font_weight=\u00a0\u00bb600&Prime; txt_transform=\u00a0\u00bbnone\u00a0\u00bb margin_bottom=\u00a0\u00bb0&Prime; font_family=\u00a0\u00bbnone\u00a0\u00bb]S\u00e9curit\u00e9 des informations[\/mk_fancy_title][vc_column_text css=\u00a0\u00bb.vc_custom_1512397464342{margin-bottom: 0px !important;}\u00a0\u00bb]Nous suivons les pratiques standards de l\u2019industrie pour prot\u00e9ger les renseignements personnels que vous nous fournissez. Toutefois, soyez conscients qu\u2019aucune m\u00e9thode impliquant la sauvegarde \u00e9lectronique de renseignements ne peut \u00eatre s\u00e9curitaire \u00e0 100%. Par cons\u00e9quent, et comme cela est le cas avec n\u2019importe quelle autre organisation, nous ne sommes pas en mesure de garantir la s\u00e9curit\u00e9 absolue de vos informations.[\/vc_column_text][mk_padding_divider size=\u00a0\u00bb15&Prime;][mk_fancy_title color=\u00a0\u00bb#78786d\u00a0\u00bb size=\u00a0\u00bb28&Prime; font_weight=\u00a0\u00bb600&Prime; txt_transform=\u00a0\u00bbnone\u00a0\u00bb margin_bottom=\u00a0\u00bb0&Prime; font_family=\u00a0\u00bbnone\u00a0\u00bb]Avis l\u00e9gal[\/mk_fancy_title][vc_column_text css=\u00a0\u00bb.vc_custom_1512397515765{margin-bottom: 0px !important;}\u00a0\u00bb]Nous nous r\u00e9servons le droit de divulguer vos informations personnelles tel que requis par la loi et quand nous croyons que cette divulgation est n\u00e9cessaire pour prot\u00e9ger nos droits et\/ou pour se conformer \u00e0 une proc\u00e9dure judiciaire, une ordonnance du tribunal ou d\u2019un processus l\u00e9gal se portant \u00e0 notre site web.[\/vc_column_text][mk_padding_divider size=\u00a0\u00bb15&Prime;][mk_fancy_title color=\u00a0\u00bb#78786d\u00a0\u00bb size=\u00a0\u00bb28&Prime; font_weight=\u00a0\u00bb600&Prime; txt_transform=\u00a0\u00bbnone\u00a0\u00bb margin_bottom=\u00a0\u00bb0&Prime; font_family=\u00a0\u00bbnone\u00a0\u00bb]Contact\/Coordonn\u00e9es[\/mk_fancy_title][vc_column_text css=\u00a0\u00bb.vc_custom_1512397623088{margin-bottom: 0px !important;}\u00a0\u00bb]Si vous avez des questions ou des pr\u00e9occupations concernant cette politique de confidentialit\u00e9, ou si vous souhaitez nous contacter par la poste, nos coordonn\u00e9es sont les suivantes:<\/p>\n<p>Questions sur la Politique de Confidentialit\u00e9<br \/>\nRDC Control<\/p>\n<p>1100, rue<br \/>\nMich\u00e8le-Bohec<br \/>\nBlainville, QC<br \/>\nJ7C 5N5<\/p>\n<p>Cette politique de confidentialit\u00e9 a \u00e9t\u00e9 derni\u00e8rement mise \u00e0 le 14 Octobre, 2014.[\/vc_column_text][\/vc_column_inner][\/vc_row_inner][\/vc_column][\/mk_page_section]\n<\/div>","protected":false},"excerpt":{"rendered":"<p>[mk_page_section bg_image=\u00a0\u00bbhttp:\/\/rdccontrol.com\/wp-content\/uploads\/2017\/12\/viktor-kiryanov-111736.jpg\u00a0\u00bb bg_position=\u00a0\u00bbcenter center\u00a0\u00bb bg_repeat=\u00a0\u00bbno-repeat\u00a0\u00bb bg_stretch=\u00a0\u00bbtrue\u00a0\u00bb video_color_mask=\u00a0\u00bb#000000&Prime; video_opacity=\u00a0\u00bb0.69&Prime; full_width=\u00a0\u00bbtrue\u00a0\u00bb padding_top=\u00a0\u00bb0&Prime; padding_bottom=\u00a0\u00bb0&Prime; sidebar=\u00a0\u00bbsidebar-1&Prime;][vc_column][mk_page_title_box page_title=\u00a0\u00bbPolitique de confidentialit\u00e9\u00a0\u00bb page_subtitle=\u00a0\u00bbCette politique de confidentialit\u00e9 s\u2019applique \u00e0 l\u2019utilisation du Site Web Rdccontrol.com.\u00a0\u00bb section_height=\u00a0\u00bb250&Prime; bg_repeat=\u00a0\u00bbno-repeat\u00a0\u00bb font_size=\u00a0\u00bb60&Prime; sub_font_size=\u00a0\u00bb24&Prime; sub_font_color=\u00a0\u00bb#ffffff\u00a0\u00bb][\/vc_column][\/mk_page_section][mk_page_section padding_top=\u00a0\u00bb50&Prime; padding_bottom=\u00a0\u00bb50&Prime; sidebar=\u00a0\u00bbsidebar-1&Prime;][vc_column][vc_row_inner][vc_column_inner][vc_column_text css=\u00a0\u00bb.vc_custom_1513235253119{margin-bottom: 0px !important;}\u00a0\u00bb]Nous pla\u00e7ons une grande importance sur votre vie priv\u00e9e et rendons cette politique facilement accessible sur notre site afin [&hellip;]<\/p>\n","protected":false},"author":1,"featured_media":0,"parent":0,"menu_order":50,"comment_status":"closed","ping_status":"closed","template":"","meta":{"footnotes":""},"class_list":["post-836","page","type-page","status-publish","hentry"],"yoast_head":"<!-- This site is optimized with the Yoast SEO plugin v27.3 - https:\/\/yoast.com\/product\/yoast-seo-wordpress\/ -->\n<title>Politique de confidentialit\u00e9 - RDC Control<\/title>\n<meta name=\"robots\" content=\"index, follow, max-snippet:-1, max-image-preview:large, max-video-preview:-1\" \/>\n<link rel=\"canonical\" href=\"https:\/\/rdccontrol.com\/fr\/politique-de-confidentialite\/\" \/>\n<meta name=\"twitter:label1\" content=\"Dur\u00e9e de lecture estim\u00e9e\" \/>\n\t<meta name=\"twitter:data1\" content=\"7 minutes\" \/>\n<script type=\"application\/ld+json\" class=\"yoast-schema-graph\">{\"@context\":\"https:\\\/\\\/schema.org\",\"@graph\":[{\"@type\":\"WebPage\",\"@id\":\"https:\\\/\\\/rdccontrol.com\\\/fr\\\/politique-de-confidentialite\\\/\",\"url\":\"https:\\\/\\\/rdccontrol.com\\\/fr\\\/politique-de-confidentialite\\\/\",\"name\":\"Politique de confidentialit\u00e9 - RDC Control\",\"isPartOf\":{\"@id\":\"https:\\\/\\\/rdccontrol.com\\\/fr\\\/#website\"},\"datePublished\":\"2014-10-14T14:35:47+00:00\",\"dateModified\":\"2018-02-05T07:57:05+00:00\",\"breadcrumb\":{\"@id\":\"https:\\\/\\\/rdccontrol.com\\\/fr\\\/politique-de-confidentialite\\\/#breadcrumb\"},\"inLanguage\":\"fr-FR\",\"potentialAction\":[{\"@type\":\"ReadAction\",\"target\":[\"https:\\\/\\\/rdccontrol.com\\\/fr\\\/politique-de-confidentialite\\\/\"]}]},{\"@type\":\"BreadcrumbList\",\"@id\":\"https:\\\/\\\/rdccontrol.com\\\/fr\\\/politique-de-confidentialite\\\/#breadcrumb\",\"itemListElement\":[{\"@type\":\"ListItem\",\"position\":1,\"name\":\"Home\",\"item\":\"https:\\\/\\\/rdccontrol.com\\\/fr\\\/\"},{\"@type\":\"ListItem\",\"position\":2,\"name\":\"Politique de confidentialit\u00e9\"}]},{\"@type\":\"WebSite\",\"@id\":\"https:\\\/\\\/rdccontrol.com\\\/fr\\\/#website\",\"url\":\"https:\\\/\\\/rdccontrol.com\\\/fr\\\/\",\"name\":\"RDC Control\",\"description\":\"A perfect alliance between expertise and know-how\",\"publisher\":{\"@id\":\"https:\\\/\\\/rdccontrol.com\\\/fr\\\/#organization\"},\"potentialAction\":[{\"@type\":\"SearchAction\",\"target\":{\"@type\":\"EntryPoint\",\"urlTemplate\":\"https:\\\/\\\/rdccontrol.com\\\/fr\\\/?s={search_term_string}\"},\"query-input\":{\"@type\":\"PropertyValueSpecification\",\"valueRequired\":true,\"valueName\":\"search_term_string\"}}],\"inLanguage\":\"fr-FR\"},{\"@type\":\"Organization\",\"@id\":\"https:\\\/\\\/rdccontrol.com\\\/fr\\\/#organization\",\"name\":\"RDC Control\",\"url\":\"https:\\\/\\\/rdccontrol.com\\\/fr\\\/\",\"logo\":{\"@type\":\"ImageObject\",\"inLanguage\":\"fr-FR\",\"@id\":\"https:\\\/\\\/rdccontrol.com\\\/fr\\\/#\\\/schema\\\/logo\\\/image\\\/\",\"url\":\"http:\\\/\\\/rdccontrol.com\\\/wp-content\\\/uploads\\\/2016\\\/05\\\/Logo_recolored_w.png\",\"contentUrl\":\"http:\\\/\\\/rdccontrol.com\\\/wp-content\\\/uploads\\\/2016\\\/05\\\/Logo_recolored_w.png\",\"width\":330,\"height\":378,\"caption\":\"RDC Control\"},\"image\":{\"@id\":\"https:\\\/\\\/rdccontrol.com\\\/fr\\\/#\\\/schema\\\/logo\\\/image\\\/\"},\"sameAs\":[\"http:\\\/\\\/www.linkedin.com\\\/company\\\/rdc-control-ltd\"]}]}<\/script>\n<!-- \/ Yoast SEO plugin. -->","yoast_head_json":{"title":"Politique de confidentialit\u00e9 - RDC Control","robots":{"index":"index","follow":"follow","max-snippet":"max-snippet:-1","max-image-preview":"max-image-preview:large","max-video-preview":"max-video-preview:-1"},"canonical":"https:\/\/rdccontrol.com\/fr\/politique-de-confidentialite\/","twitter_misc":{"Dur\u00e9e de lecture estim\u00e9e":"7 minutes"},"schema":{"@context":"https:\/\/schema.org","@graph":[{"@type":"WebPage","@id":"https:\/\/rdccontrol.com\/fr\/politique-de-confidentialite\/","url":"https:\/\/rdccontrol.com\/fr\/politique-de-confidentialite\/","name":"Politique de confidentialit\u00e9 - RDC Control","isPartOf":{"@id":"https:\/\/rdccontrol.com\/fr\/#website"},"datePublished":"2014-10-14T14:35:47+00:00","dateModified":"2018-02-05T07:57:05+00:00","breadcrumb":{"@id":"https:\/\/rdccontrol.com\/fr\/politique-de-confidentialite\/#breadcrumb"},"inLanguage":"fr-FR","potentialAction":[{"@type":"ReadAction","target":["https:\/\/rdccontrol.com\/fr\/politique-de-confidentialite\/"]}]},{"@type":"BreadcrumbList","@id":"https:\/\/rdccontrol.com\/fr\/politique-de-confidentialite\/#breadcrumb","itemListElement":[{"@type":"ListItem","position":1,"name":"Home","item":"https:\/\/rdccontrol.com\/fr\/"},{"@type":"ListItem","position":2,"name":"Politique de confidentialit\u00e9"}]},{"@type":"WebSite","@id":"https:\/\/rdccontrol.com\/fr\/#website","url":"https:\/\/rdccontrol.com\/fr\/","name":"RDC Control","description":"A perfect alliance between expertise and know-how","publisher":{"@id":"https:\/\/rdccontrol.com\/fr\/#organization"},"potentialAction":[{"@type":"SearchAction","target":{"@type":"EntryPoint","urlTemplate":"https:\/\/rdccontrol.com\/fr\/?s={search_term_string}"},"query-input":{"@type":"PropertyValueSpecification","valueRequired":true,"valueName":"search_term_string"}}],"inLanguage":"fr-FR"},{"@type":"Organization","@id":"https:\/\/rdccontrol.com\/fr\/#organization","name":"RDC Control","url":"https:\/\/rdccontrol.com\/fr\/","logo":{"@type":"ImageObject","inLanguage":"fr-FR","@id":"https:\/\/rdccontrol.com\/fr\/#\/schema\/logo\/image\/","url":"http:\/\/rdccontrol.com\/wp-content\/uploads\/2016\/05\/Logo_recolored_w.png","contentUrl":"http:\/\/rdccontrol.com\/wp-content\/uploads\/2016\/05\/Logo_recolored_w.png","width":330,"height":378,"caption":"RDC Control"},"image":{"@id":"https:\/\/rdccontrol.com\/fr\/#\/schema\/logo\/image\/"},"sameAs":["http:\/\/www.linkedin.com\/company\/rdc-control-ltd"]}]}},"_links":{"self":[{"href":"https:\/\/rdccontrol.com\/fr\/wp-json\/wp\/v2\/pages\/836","targetHints":{"allow":["GET"]}}],"collection":[{"href":"https:\/\/rdccontrol.com\/fr\/wp-json\/wp\/v2\/pages"}],"about":[{"href":"https:\/\/rdccontrol.com\/fr\/wp-json\/wp\/v2\/types\/page"}],"author":[{"embeddable":true,"href":"https:\/\/rdccontrol.com\/fr\/wp-json\/wp\/v2\/users\/1"}],"replies":[{"embeddable":true,"href":"https:\/\/rdccontrol.com\/fr\/wp-json\/wp\/v2\/comments?post=836"}],"version-history":[{"count":30,"href":"https:\/\/rdccontrol.com\/fr\/wp-json\/wp\/v2\/pages\/836\/revisions"}],"predecessor-version":[{"id":3683,"href":"https:\/\/rdccontrol.com\/fr\/wp-json\/wp\/v2\/pages\/836\/revisions\/3683"}],"wp:attachment":[{"href":"https:\/\/rdccontrol.com\/fr\/wp-json\/wp\/v2\/media?parent=836"}],"curies":[{"name":"wp","href":"https:\/\/api.w.org\/{rel}","templated":true}]}}