{"id":804,"date":"2014-10-11T14:21:33","date_gmt":"2014-10-11T18:21:33","guid":{"rendered":"http:\/\/rdcc.cashin.ca\/?page_id=804"},"modified":"2017-12-16T06:33:46","modified_gmt":"2017-12-16T11:33:46","slug":"erreurs-possibles-precautions","status":"publish","type":"page","link":"https:\/\/rdccontrol.com\/fr\/thermocouple\/rtd-101\/erreurs-possibles-precautions\/","title":{"rendered":"Erreurs possibles et pr\u00e9cautions"},"content":{"rendered":"<div class=\"wpb-content-wrapper\">[mk_page_section padding_top=\u00a0\u00bb50&Prime; padding_bottom=\u00a0\u00bb50&Prime; el_class=\u00a0\u00bbintro-thermo-section desktop-section\u00a0\u00bb sidebar=\u00a0\u00bbsidebar-1&Prime;][vc_column width=\u00a0\u00bb1\/4&Prime; el_class=\u00a0\u00bbleft-sidebar-column\u00a0\u00bb][mk_custom_sidebar sidebar=\u00a0\u00bbsidebar-18&Prime;][\/vc_column][vc_column width=\u00a0\u00bb3\/4&Prime; el_class=\u00a0\u00bbright-side-column\u00a0\u00bb][vc_row_inner][vc_column_inner el_class=\u00a0\u00bbnumber-icon-column\u00a0\u00bb width=\u00a0\u00bb1\/12&Prime;][mk_image src=\u00a0\u00bbhttp:\/\/rdccontrol.com\/wp-content\/uploads\/2017\/12\/4.png\u00a0\u00bb image_size=\u00a0\u00bbfull\u00a0\u00bb][\/vc_column_inner][vc_column_inner el_class=\u00a0\u00bbnumber-icon-title-column\u00a0\u00bb width=\u00a0\u00bb5\/6&Prime;][vc_column_text css=\u00a0\u00bb.vc_custom_1513423985584{margin-bottom: 0px !important;}\u00a0\u00bb]\n<h2 class=\"icon-h2\">Erreurs possibles et pr\u00e9cautions<\/h2>\n<div class=\"ctm-space\"><\/div>\n[\/vc_column_text][\/vc_column_inner][\/vc_row_inner][vc_column_text css=\u00a0\u00bb.vc_custom_1513423977396{margin-bottom: 0px !important;}\u00a0\u00bb]\n<p class=\"less-margin-p\"><strong>Les syst\u00e8mes de thermom\u00e8tre \u00e0 r\u00e9sistance sont sensibles \u00e0 trois types d\u2019erreurs :<\/strong><\/p>\n<ul>\n<li>Les tol\u00e9rances inh\u00e9rentes \u00e0 la r\u00e9sistance elle-m\u00eame,<\/li>\n<li>Les gradients de temp\u00e9rature entre le thermom\u00e8tre et le milieu \u00e0 mesurer,<\/li>\n<li>Les erreurs et d\u00e9fauts pr\u00e9sents dans la liaison entre la sonde et l\u2019instrument de mesure.<\/li>\n<\/ul>\n<p>Quelques sources d\u2019erreur sont \u00e9lectriques ; d\u2019autres r\u00e9sultent de la construction m\u00e9canique du thermom\u00e8tre. Les sources d\u2019erreur potentielles incluent l\u2019interchangeabilit\u00e9 et la conformit\u00e9 :<\/p>\n<p>La conformit\u00e9 indique quelle quantit\u00e9 il est permis de d\u00e9vier de la courbe standard.[\/vc_column_text][vc_column_text css=\u00a0\u00bb.vc_custom_1512733775085{margin-bottom: 0px !important;}\u00a0\u00bb]La conformit\u00e9 a deux composantes :<\/p>\n<p>Une tol\u00e9rance \u00e0 la temp\u00e9rature de r\u00e9f\u00e9rence, habituellement 0\u00b0C, et une tol\u00e9rance sur la pente. Ces \u00e9carts possibles sont d\u00e9finis par la normalisation.<\/p>\n<p>Par exemple, la norme DIN 43760 classe B, exige le calibrage \u00e0 moins de 0,12\u03a9 (0.3\u00b0C) \u00e0 0\u00b0C, mais permet \u00e0 la courbe de s\u2019\u00e9carter du nominal 0,00385 de \u00b10.000012 \u03a9\/\u03a9\/\u00b0C. Ceci peut donner des \u00e9carts de 0.8\u00b0C \u00e0 100\u00b0C, 1.3\u00b0C \u00e0 200\u00b0C, et jusqu\u2019\u00e0 3.8\u00b0C \u00e0 700\u00b0C. Il est donc important de conna\u00eetre, avec pr\u00e9cision, les tol\u00e9rances du moyen utilis\u00e9.[\/vc_column_text][\/vc_column][\/mk_page_section][mk_page_section padding_top=\u00a0\u00bb50&Prime; padding_bottom=\u00a0\u00bb50&Prime; el_class=\u00a0\u00bbintro-thermo-section mobile-section\u00a0\u00bb sidebar=\u00a0\u00bbsidebar-1&Prime;][vc_column width=\u00a0\u00bb3\/4&Prime; el_class=\u00a0\u00bbright-side-column\u00a0\u00bb][vc_row_inner][vc_column_inner el_class=\u00a0\u00bbnumber-icon-column\u00a0\u00bb width=\u00a0\u00bb1\/12&Prime;][mk_image src=\u00a0\u00bbhttp:\/\/rdccontrol.com\/wp-content\/uploads\/2017\/12\/4.png\u00a0\u00bb image_size=\u00a0\u00bbfull\u00a0\u00bb][\/vc_column_inner][vc_column_inner el_class=\u00a0\u00bbnumber-icon-title-column\u00a0\u00bb width=\u00a0\u00bb5\/6&Prime;][vc_column_text css=\u00a0\u00bb.vc_custom_1513423985584{margin-bottom: 0px !important;}\u00a0\u00bb]\n<h2 class=\"icon-h2\">Erreurs possibles et pr\u00e9cautions<\/h2>\n<div class=\"ctm-space\"><\/div>\n[\/vc_column_text][\/vc_column_inner][\/vc_row_inner][vc_column_text css=\u00a0\u00bb.vc_custom_1513423977396{margin-bottom: 0px !important;}\u00a0\u00bb]\n<p class=\"less-margin-p\"><strong>Les syst\u00e8mes de thermom\u00e8tre \u00e0 r\u00e9sistance sont sensibles \u00e0 trois types d\u2019erreurs :<\/strong><\/p>\n<ul>\n<li>Les tol\u00e9rances inh\u00e9rentes \u00e0 la r\u00e9sistance elle-m\u00eame,<\/li>\n<li>Les gradients de temp\u00e9rature entre le thermom\u00e8tre et le milieu \u00e0 mesurer,<\/li>\n<li>Les erreurs et d\u00e9fauts pr\u00e9sents dans la liaison entre la sonde et l\u2019instrument de mesure.<\/li>\n<\/ul>\n<p>Quelques sources d\u2019erreur sont \u00e9lectriques ; d\u2019autres r\u00e9sultent de la construction m\u00e9canique du thermom\u00e8tre. Les sources d\u2019erreur potentielles incluent l\u2019interchangeabilit\u00e9 et la conformit\u00e9 :<\/p>\n<p>La conformit\u00e9 indique quelle quantit\u00e9 il est permis de d\u00e9vier de la courbe standard.[\/vc_column_text][vc_column_text css=\u00a0\u00bb.vc_custom_1512733775085{margin-bottom: 0px !important;}\u00a0\u00bb]La conformit\u00e9 a deux composantes :<\/p>\n<p>Une tol\u00e9rance \u00e0 la temp\u00e9rature de r\u00e9f\u00e9rence, habituellement 0\u00b0C, et une tol\u00e9rance sur la pente. Ces \u00e9carts possibles sont d\u00e9finis par la normalisation.<\/p>\n<p>Par exemple, la norme DIN 43760 classe B, exige le calibrage \u00e0 moins de 0,12\u03a9 (0.3\u00b0C) \u00e0 0\u00b0C, mais permet \u00e0 la courbe de s\u2019\u00e9carter du nominal 0,00385 de \u00b10.000012 \u03a9\/\u03a9\/\u00b0C. Ceci peut donner des \u00e9carts de 0.8\u00b0C \u00e0 100\u00b0C, 1.3\u00b0C \u00e0 200\u00b0C, et jusqu\u2019\u00e0 3.8\u00b0C \u00e0 700\u00b0C. Il est donc important de conna\u00eetre, avec pr\u00e9cision, les tol\u00e9rances du moyen utilis\u00e9.[\/vc_column_text][\/vc_column][vc_column width=\u00a0\u00bb1\/4&Prime; el_class=\u00a0\u00bbleft-sidebar-column\u00a0\u00bb][mk_custom_sidebar sidebar=\u00a0\u00bbsidebar-18&Prime;][\/vc_column][\/mk_page_section]\n<\/div>","protected":false},"excerpt":{"rendered":"<p>[mk_page_section padding_top=\u00a0\u00bb50&Prime; padding_bottom=\u00a0\u00bb50&Prime; el_class=\u00a0\u00bbintro-thermo-section desktop-section\u00a0\u00bb sidebar=\u00a0\u00bbsidebar-1&Prime;][vc_column width=\u00a0\u00bb1\/4&Prime; el_class=\u00a0\u00bbleft-sidebar-column\u00a0\u00bb][mk_custom_sidebar sidebar=\u00a0\u00bbsidebar-18&Prime;][\/vc_column][vc_column width=\u00a0\u00bb3\/4&Prime; el_class=\u00a0\u00bbright-side-column\u00a0\u00bb][vc_row_inner][vc_column_inner el_class=\u00a0\u00bbnumber-icon-column\u00a0\u00bb width=\u00a0\u00bb1\/12&Prime;][mk_image src=\u00a0\u00bbhttp:\/\/rdccontrol.com\/wp-content\/uploads\/2017\/12\/4.png\u00a0\u00bb image_size=\u00a0\u00bbfull\u00a0\u00bb][\/vc_column_inner][vc_column_inner el_class=\u00a0\u00bbnumber-icon-title-column\u00a0\u00bb width=\u00a0\u00bb5\/6&Prime;][vc_column_text css=\u00a0\u00bb.vc_custom_1513423985584{margin-bottom: 0px !important;}\u00a0\u00bb] Erreurs possibles et pr\u00e9cautions [\/vc_column_text][\/vc_column_inner][\/vc_row_inner][vc_column_text css=\u00a0\u00bb.vc_custom_1513423977396{margin-bottom: 0px !important;}\u00a0\u00bb] Les syst\u00e8mes de thermom\u00e8tre \u00e0 r\u00e9sistance sont sensibles \u00e0 trois types d\u2019erreurs : Les tol\u00e9rances inh\u00e9rentes \u00e0 la r\u00e9sistance elle-m\u00eame, Les gradients de temp\u00e9rature entre le thermom\u00e8tre [&hellip;]<\/p>\n","protected":false},"author":1,"featured_media":0,"parent":599,"menu_order":42,"comment_status":"closed","ping_status":"closed","template":"","meta":{"footnotes":""},"class_list":["post-804","page","type-page","status-publish","hentry"],"yoast_head":"<!-- This site is optimized with the Yoast SEO plugin v27.3 - https:\/\/yoast.com\/product\/yoast-seo-wordpress\/ -->\n<title>Erreurs possibles et pr\u00e9cautions - RDC Control<\/title>\n<meta name=\"robots\" content=\"index, follow, max-snippet:-1, max-image-preview:large, max-video-preview:-1\" \/>\n<link rel=\"canonical\" href=\"https:\/\/rdccontrol.com\/fr\/thermocouple\/rtd-101\/erreurs-possibles-precautions\/\" \/>\n<meta name=\"twitter:label1\" content=\"Dur\u00e9e de lecture estim\u00e9e\" \/>\n\t<meta name=\"twitter:data1\" content=\"3 minutes\" \/>\n<script type=\"application\/ld+json\" class=\"yoast-schema-graph\">{\"@context\":\"https:\\\/\\\/schema.org\",\"@graph\":[{\"@type\":\"WebPage\",\"@id\":\"https:\\\/\\\/rdccontrol.com\\\/fr\\\/thermocouple\\\/rtd-101\\\/erreurs-possibles-precautions\\\/\",\"url\":\"https:\\\/\\\/rdccontrol.com\\\/fr\\\/thermocouple\\\/rtd-101\\\/erreurs-possibles-precautions\\\/\",\"name\":\"Erreurs possibles et pr\u00e9cautions - RDC Control\",\"isPartOf\":{\"@id\":\"https:\\\/\\\/rdccontrol.com\\\/fr\\\/#website\"},\"datePublished\":\"2014-10-11T18:21:33+00:00\",\"dateModified\":\"2017-12-16T11:33:46+00:00\",\"breadcrumb\":{\"@id\":\"https:\\\/\\\/rdccontrol.com\\\/fr\\\/thermocouple\\\/rtd-101\\\/erreurs-possibles-precautions\\\/#breadcrumb\"},\"inLanguage\":\"fr-FR\",\"potentialAction\":[{\"@type\":\"ReadAction\",\"target\":[\"https:\\\/\\\/rdccontrol.com\\\/fr\\\/thermocouple\\\/rtd-101\\\/erreurs-possibles-precautions\\\/\"]}]},{\"@type\":\"BreadcrumbList\",\"@id\":\"https:\\\/\\\/rdccontrol.com\\\/fr\\\/thermocouple\\\/rtd-101\\\/erreurs-possibles-precautions\\\/#breadcrumb\",\"itemListElement\":[{\"@type\":\"ListItem\",\"position\":1,\"name\":\"Home\",\"item\":\"https:\\\/\\\/rdccontrol.com\\\/fr\\\/\"},{\"@type\":\"ListItem\",\"position\":2,\"name\":\"Thermocouples\",\"item\":\"https:\\\/\\\/rdccontrol.com\\\/fr\\\/thermocouple\\\/\"},{\"@type\":\"ListItem\",\"position\":3,\"name\":\"Introduction aux RTD\",\"item\":\"https:\\\/\\\/rdccontrol.com\\\/fr\\\/thermocouple\\\/rtd-101\\\/\"},{\"@type\":\"ListItem\",\"position\":4,\"name\":\"Erreurs possibles et pr\u00e9cautions\"}]},{\"@type\":\"WebSite\",\"@id\":\"https:\\\/\\\/rdccontrol.com\\\/fr\\\/#website\",\"url\":\"https:\\\/\\\/rdccontrol.com\\\/fr\\\/\",\"name\":\"RDC Control\",\"description\":\"A perfect alliance between expertise and know-how\",\"publisher\":{\"@id\":\"https:\\\/\\\/rdccontrol.com\\\/fr\\\/#organization\"},\"potentialAction\":[{\"@type\":\"SearchAction\",\"target\":{\"@type\":\"EntryPoint\",\"urlTemplate\":\"https:\\\/\\\/rdccontrol.com\\\/fr\\\/?s={search_term_string}\"},\"query-input\":{\"@type\":\"PropertyValueSpecification\",\"valueRequired\":true,\"valueName\":\"search_term_string\"}}],\"inLanguage\":\"fr-FR\"},{\"@type\":\"Organization\",\"@id\":\"https:\\\/\\\/rdccontrol.com\\\/fr\\\/#organization\",\"name\":\"RDC Control\",\"url\":\"https:\\\/\\\/rdccontrol.com\\\/fr\\\/\",\"logo\":{\"@type\":\"ImageObject\",\"inLanguage\":\"fr-FR\",\"@id\":\"https:\\\/\\\/rdccontrol.com\\\/fr\\\/#\\\/schema\\\/logo\\\/image\\\/\",\"url\":\"http:\\\/\\\/rdccontrol.com\\\/wp-content\\\/uploads\\\/2016\\\/05\\\/Logo_recolored_w.png\",\"contentUrl\":\"http:\\\/\\\/rdccontrol.com\\\/wp-content\\\/uploads\\\/2016\\\/05\\\/Logo_recolored_w.png\",\"width\":330,\"height\":378,\"caption\":\"RDC Control\"},\"image\":{\"@id\":\"https:\\\/\\\/rdccontrol.com\\\/fr\\\/#\\\/schema\\\/logo\\\/image\\\/\"},\"sameAs\":[\"http:\\\/\\\/www.linkedin.com\\\/company\\\/rdc-control-ltd\"]}]}<\/script>\n<!-- \/ Yoast SEO plugin. -->","yoast_head_json":{"title":"Erreurs possibles et pr\u00e9cautions - RDC Control","robots":{"index":"index","follow":"follow","max-snippet":"max-snippet:-1","max-image-preview":"max-image-preview:large","max-video-preview":"max-video-preview:-1"},"canonical":"https:\/\/rdccontrol.com\/fr\/thermocouple\/rtd-101\/erreurs-possibles-precautions\/","twitter_misc":{"Dur\u00e9e de lecture estim\u00e9e":"3 minutes"},"schema":{"@context":"https:\/\/schema.org","@graph":[{"@type":"WebPage","@id":"https:\/\/rdccontrol.com\/fr\/thermocouple\/rtd-101\/erreurs-possibles-precautions\/","url":"https:\/\/rdccontrol.com\/fr\/thermocouple\/rtd-101\/erreurs-possibles-precautions\/","name":"Erreurs possibles et pr\u00e9cautions - RDC Control","isPartOf":{"@id":"https:\/\/rdccontrol.com\/fr\/#website"},"datePublished":"2014-10-11T18:21:33+00:00","dateModified":"2017-12-16T11:33:46+00:00","breadcrumb":{"@id":"https:\/\/rdccontrol.com\/fr\/thermocouple\/rtd-101\/erreurs-possibles-precautions\/#breadcrumb"},"inLanguage":"fr-FR","potentialAction":[{"@type":"ReadAction","target":["https:\/\/rdccontrol.com\/fr\/thermocouple\/rtd-101\/erreurs-possibles-precautions\/"]}]},{"@type":"BreadcrumbList","@id":"https:\/\/rdccontrol.com\/fr\/thermocouple\/rtd-101\/erreurs-possibles-precautions\/#breadcrumb","itemListElement":[{"@type":"ListItem","position":1,"name":"Home","item":"https:\/\/rdccontrol.com\/fr\/"},{"@type":"ListItem","position":2,"name":"Thermocouples","item":"https:\/\/rdccontrol.com\/fr\/thermocouple\/"},{"@type":"ListItem","position":3,"name":"Introduction aux RTD","item":"https:\/\/rdccontrol.com\/fr\/thermocouple\/rtd-101\/"},{"@type":"ListItem","position":4,"name":"Erreurs possibles et pr\u00e9cautions"}]},{"@type":"WebSite","@id":"https:\/\/rdccontrol.com\/fr\/#website","url":"https:\/\/rdccontrol.com\/fr\/","name":"RDC Control","description":"A perfect alliance between expertise and know-how","publisher":{"@id":"https:\/\/rdccontrol.com\/fr\/#organization"},"potentialAction":[{"@type":"SearchAction","target":{"@type":"EntryPoint","urlTemplate":"https:\/\/rdccontrol.com\/fr\/?s={search_term_string}"},"query-input":{"@type":"PropertyValueSpecification","valueRequired":true,"valueName":"search_term_string"}}],"inLanguage":"fr-FR"},{"@type":"Organization","@id":"https:\/\/rdccontrol.com\/fr\/#organization","name":"RDC Control","url":"https:\/\/rdccontrol.com\/fr\/","logo":{"@type":"ImageObject","inLanguage":"fr-FR","@id":"https:\/\/rdccontrol.com\/fr\/#\/schema\/logo\/image\/","url":"http:\/\/rdccontrol.com\/wp-content\/uploads\/2016\/05\/Logo_recolored_w.png","contentUrl":"http:\/\/rdccontrol.com\/wp-content\/uploads\/2016\/05\/Logo_recolored_w.png","width":330,"height":378,"caption":"RDC Control"},"image":{"@id":"https:\/\/rdccontrol.com\/fr\/#\/schema\/logo\/image\/"},"sameAs":["http:\/\/www.linkedin.com\/company\/rdc-control-ltd"]}]}},"_links":{"self":[{"href":"https:\/\/rdccontrol.com\/fr\/wp-json\/wp\/v2\/pages\/804","targetHints":{"allow":["GET"]}}],"collection":[{"href":"https:\/\/rdccontrol.com\/fr\/wp-json\/wp\/v2\/pages"}],"about":[{"href":"https:\/\/rdccontrol.com\/fr\/wp-json\/wp\/v2\/types\/page"}],"author":[{"embeddable":true,"href":"https:\/\/rdccontrol.com\/fr\/wp-json\/wp\/v2\/users\/1"}],"replies":[{"embeddable":true,"href":"https:\/\/rdccontrol.com\/fr\/wp-json\/wp\/v2\/comments?post=804"}],"version-history":[{"count":11,"href":"https:\/\/rdccontrol.com\/fr\/wp-json\/wp\/v2\/pages\/804\/revisions"}],"predecessor-version":[{"id":3309,"href":"https:\/\/rdccontrol.com\/fr\/wp-json\/wp\/v2\/pages\/804\/revisions\/3309"}],"up":[{"embeddable":true,"href":"https:\/\/rdccontrol.com\/fr\/wp-json\/wp\/v2\/pages\/599"}],"wp:attachment":[{"href":"https:\/\/rdccontrol.com\/fr\/wp-json\/wp\/v2\/media?parent=804"}],"curies":[{"name":"wp","href":"https:\/\/api.w.org\/{rel}","templated":true}]}}