{"id":732,"date":"2014-10-03T16:17:32","date_gmt":"2014-10-03T20:17:32","guid":{"rendered":"http:\/\/rdcc.cashin.ca\/?page_id=732"},"modified":"2017-12-16T01:18:14","modified_gmt":"2017-12-16T06:18:14","slug":"quel-endroit-devrais-installer-sonde","status":"publish","type":"page","link":"https:\/\/rdccontrol.com\/fr\/thermocouple\/thermocouples-101\/introduction-aux-thermocouples\/quel-endroit-devrais-installer-sonde\/","title":{"rendered":"\u00c0 quel endroit devrais-je installer ma sonde?"},"content":{"rendered":"<div class=\"wpb-content-wrapper\">[mk_page_section padding_top=\u00a0\u00bb50&Prime; padding_bottom=\u00a0\u00bb50&Prime; el_class=\u00a0\u00bbintro-thermo-section desktop-section\u00a0\u00bb sidebar=\u00a0\u00bbsidebar-1&Prime;][vc_column width=\u00a0\u00bb1\/4&Prime; el_class=\u00a0\u00bbleft-sidebar-column\u00a0\u00bb][mk_custom_sidebar sidebar=\u00a0\u00bbsidebar-19&Prime;][\/vc_column][vc_column width=\u00a0\u00bb3\/4&Prime; el_class=\u00a0\u00bbright-side-column\u00a0\u00bb][vc_row_inner][vc_column_inner el_class=\u00a0\u00bbnumber-icon-column\u00a0\u00bb width=\u00a0\u00bb1\/12&Prime;][mk_image src=\u00a0\u00bbhttp:\/\/rdccontrol.com\/wp-content\/uploads\/2017\/12\/10.png\u00a0\u00bb image_size=\u00a0\u00bbfull\u00a0\u00bb][\/vc_column_inner][vc_column_inner el_class=\u00a0\u00bbnumber-icon-title-column\u00a0\u00bb width=\u00a0\u00bb5\/6&Prime;][vc_column_text css=\u00a0\u00bb.vc_custom_1513343617563{margin-bottom: 0px !important;}\u00a0\u00bb]\n<h2 class=\"icon-h2\">\u00c0 quel endroit devrais-je installer ma sonde?<\/h2>\n<div class=\"ctm-space\"><\/div>\n[\/vc_column_text][\/vc_column_inner][\/vc_row_inner][vc_column_text css=\u00a0\u00bb.vc_custom_1513343611756{margin-bottom: 0px !important;}\u00a0\u00bb]L\u2019endroit o\u00f9 la sonde doit \u00eatre install\u00e9e en relation avec l\u2019application et la source de chaleur; peut compenser la demande en \u00e9nergie requise par l\u2019application elle-m\u00eame. En effet, la position de la sonde peut limiter l\u2019effet de retard thermique dans le processus du transfert thermique. Le contr\u00f4leur peut seulement r\u00e9pondre aux changements de temp\u00e9rature que la sonde lui envoie de par sa position dans le proc\u00e9d\u00e9. Ainsi, la position de sonde influencera l\u2019habilit\u00e9 du contr\u00f4leur \u00e0 r\u00e9gulariser la temp\u00e9rature au point de consigne d\u00e9sir\u00e9. Cependant, l\u2019endroit o\u00f9 la sonde sera plac\u00e9e ne peut toutefois pas compenser pour toutes les inefficacit\u00e9s d\u2019un syst\u00e8me thermique complet.[\/vc_column_text][\/vc_column][\/mk_page_section][mk_page_section padding_top=\u00a0\u00bb50&Prime; padding_bottom=\u00a0\u00bb50&Prime; el_class=\u00a0\u00bbintro-thermo-section mobile-section\u00a0\u00bb sidebar=\u00a0\u00bbsidebar-1&Prime;][vc_column width=\u00a0\u00bb3\/4&Prime; el_class=\u00a0\u00bbright-side-column\u00a0\u00bb][vc_row_inner][vc_column_inner el_class=\u00a0\u00bbnumber-icon-column\u00a0\u00bb width=\u00a0\u00bb1\/12&Prime;][mk_image src=\u00a0\u00bbhttp:\/\/rdccontrol.com\/wp-content\/uploads\/2017\/12\/10.png\u00a0\u00bb image_size=\u00a0\u00bbfull\u00a0\u00bb][\/vc_column_inner][vc_column_inner el_class=\u00a0\u00bbnumber-icon-title-column\u00a0\u00bb width=\u00a0\u00bb5\/6&Prime;][vc_column_text css=\u00a0\u00bb.vc_custom_1513343617563{margin-bottom: 0px !important;}\u00a0\u00bb]\n<h2 class=\"icon-h2\">\u00c0 quel endroit devrais-je installer ma sonde?<\/h2>\n<div class=\"ctm-space\"><\/div>\n[\/vc_column_text][\/vc_column_inner][\/vc_row_inner][vc_column_text css=\u00a0\u00bb.vc_custom_1513343611756{margin-bottom: 0px !important;}\u00a0\u00bb]L\u2019endroit o\u00f9 la sonde doit \u00eatre install\u00e9e en relation avec l\u2019application et la source de chaleur; peut compenser la demande en \u00e9nergie requise par l\u2019application elle-m\u00eame. En effet, la position de la sonde peut limiter l\u2019effet de retard thermique dans le processus du transfert thermique. Le contr\u00f4leur peut seulement r\u00e9pondre aux changements de temp\u00e9rature que la sonde lui envoie de par sa position dans le proc\u00e9d\u00e9. Ainsi, la position de sonde influencera l\u2019habilit\u00e9 du contr\u00f4leur \u00e0 r\u00e9gulariser la temp\u00e9rature au point de consigne d\u00e9sir\u00e9. Cependant, l\u2019endroit o\u00f9 la sonde sera plac\u00e9e ne peut toutefois pas compenser pour toutes les inefficacit\u00e9s d\u2019un syst\u00e8me thermique complet.[\/vc_column_text][\/vc_column][vc_column width=\u00a0\u00bb1\/4&Prime; el_class=\u00a0\u00bbleft-sidebar-column\u00a0\u00bb][mk_custom_sidebar sidebar=\u00a0\u00bbsidebar-19&Prime;][\/vc_column][\/mk_page_section]\n<\/div>","protected":false},"excerpt":{"rendered":"<p>[mk_page_section padding_top=\u00a0\u00bb50&Prime; padding_bottom=\u00a0\u00bb50&Prime; el_class=\u00a0\u00bbintro-thermo-section desktop-section\u00a0\u00bb sidebar=\u00a0\u00bbsidebar-1&Prime;][vc_column width=\u00a0\u00bb1\/4&Prime; el_class=\u00a0\u00bbleft-sidebar-column\u00a0\u00bb][mk_custom_sidebar sidebar=\u00a0\u00bbsidebar-19&Prime;][\/vc_column][vc_column width=\u00a0\u00bb3\/4&Prime; el_class=\u00a0\u00bbright-side-column\u00a0\u00bb][vc_row_inner][vc_column_inner el_class=\u00a0\u00bbnumber-icon-column\u00a0\u00bb width=\u00a0\u00bb1\/12&Prime;][mk_image src=\u00a0\u00bbhttp:\/\/rdccontrol.com\/wp-content\/uploads\/2017\/12\/10.png\u00a0\u00bb image_size=\u00a0\u00bbfull\u00a0\u00bb][\/vc_column_inner][vc_column_inner el_class=\u00a0\u00bbnumber-icon-title-column\u00a0\u00bb width=\u00a0\u00bb5\/6&Prime;][vc_column_text css=\u00a0\u00bb.vc_custom_1513343617563{margin-bottom: 0px !important;}\u00a0\u00bb] \u00c0 quel endroit devrais-je installer ma sonde? [\/vc_column_text][\/vc_column_inner][\/vc_row_inner][vc_column_text css=\u00a0\u00bb.vc_custom_1513343611756{margin-bottom: 0px !important;}\u00a0\u00bb]L\u2019endroit o\u00f9 la sonde doit \u00eatre install\u00e9e en relation avec l\u2019application et la source de chaleur; peut compenser la demande en \u00e9nergie requise par l\u2019application [&hellip;]<\/p>\n","protected":false},"author":1,"featured_media":0,"parent":590,"menu_order":27,"comment_status":"closed","ping_status":"closed","template":"","meta":{"footnotes":""},"class_list":["post-732","page","type-page","status-publish","hentry"],"yoast_head":"<!-- This site is optimized with the Yoast SEO plugin v27.3 - https:\/\/yoast.com\/product\/yoast-seo-wordpress\/ -->\n<title>\u00c0 quel endroit devrais-je installer ma sonde? - RDC Control<\/title>\n<meta name=\"robots\" content=\"index, follow, max-snippet:-1, max-image-preview:large, max-video-preview:-1\" \/>\n<link rel=\"canonical\" href=\"https:\/\/rdccontrol.com\/fr\/thermocouple\/thermocouples-101\/introduction-aux-thermocouples\/quel-endroit-devrais-installer-sonde\/\" \/>\n<meta name=\"twitter:label1\" content=\"Dur\u00e9e de lecture estim\u00e9e\" \/>\n\t<meta name=\"twitter:data1\" content=\"2 minutes\" \/>\n<script type=\"application\/ld+json\" class=\"yoast-schema-graph\">{\"@context\":\"https:\\\/\\\/schema.org\",\"@graph\":[{\"@type\":\"WebPage\",\"@id\":\"https:\\\/\\\/rdccontrol.com\\\/fr\\\/thermocouple\\\/thermocouples-101\\\/introduction-aux-thermocouples\\\/quel-endroit-devrais-installer-sonde\\\/\",\"url\":\"https:\\\/\\\/rdccontrol.com\\\/fr\\\/thermocouple\\\/thermocouples-101\\\/introduction-aux-thermocouples\\\/quel-endroit-devrais-installer-sonde\\\/\",\"name\":\"\u00c0 quel endroit devrais-je installer ma sonde? - RDC Control\",\"isPartOf\":{\"@id\":\"https:\\\/\\\/rdccontrol.com\\\/fr\\\/#website\"},\"datePublished\":\"2014-10-03T20:17:32+00:00\",\"dateModified\":\"2017-12-16T06:18:14+00:00\",\"breadcrumb\":{\"@id\":\"https:\\\/\\\/rdccontrol.com\\\/fr\\\/thermocouple\\\/thermocouples-101\\\/introduction-aux-thermocouples\\\/quel-endroit-devrais-installer-sonde\\\/#breadcrumb\"},\"inLanguage\":\"fr-FR\",\"potentialAction\":[{\"@type\":\"ReadAction\",\"target\":[\"https:\\\/\\\/rdccontrol.com\\\/fr\\\/thermocouple\\\/thermocouples-101\\\/introduction-aux-thermocouples\\\/quel-endroit-devrais-installer-sonde\\\/\"]}]},{\"@type\":\"BreadcrumbList\",\"@id\":\"https:\\\/\\\/rdccontrol.com\\\/fr\\\/thermocouple\\\/thermocouples-101\\\/introduction-aux-thermocouples\\\/quel-endroit-devrais-installer-sonde\\\/#breadcrumb\",\"itemListElement\":[{\"@type\":\"ListItem\",\"position\":1,\"name\":\"Home\",\"item\":\"https:\\\/\\\/rdccontrol.com\\\/fr\\\/\"},{\"@type\":\"ListItem\",\"position\":2,\"name\":\"Thermocouples\",\"item\":\"https:\\\/\\\/rdccontrol.com\\\/fr\\\/thermocouple\\\/\"},{\"@type\":\"ListItem\",\"position\":3,\"name\":\"Thermocouples 101\",\"item\":\"https:\\\/\\\/rdccontrol.com\\\/fr\\\/thermocouple\\\/thermocouples-101\\\/\"},{\"@type\":\"ListItem\",\"position\":4,\"name\":\"Introduction aux thermocouples\",\"item\":\"https:\\\/\\\/rdccontrol.com\\\/fr\\\/thermocouple\\\/thermocouples-101\\\/introduction-aux-thermocouples\\\/\"},{\"@type\":\"ListItem\",\"position\":5,\"name\":\"\u00c0 quel endroit devrais-je installer ma sonde?\"}]},{\"@type\":\"WebSite\",\"@id\":\"https:\\\/\\\/rdccontrol.com\\\/fr\\\/#website\",\"url\":\"https:\\\/\\\/rdccontrol.com\\\/fr\\\/\",\"name\":\"RDC Control\",\"description\":\"A perfect alliance between expertise and know-how\",\"publisher\":{\"@id\":\"https:\\\/\\\/rdccontrol.com\\\/fr\\\/#organization\"},\"potentialAction\":[{\"@type\":\"SearchAction\",\"target\":{\"@type\":\"EntryPoint\",\"urlTemplate\":\"https:\\\/\\\/rdccontrol.com\\\/fr\\\/?s={search_term_string}\"},\"query-input\":{\"@type\":\"PropertyValueSpecification\",\"valueRequired\":true,\"valueName\":\"search_term_string\"}}],\"inLanguage\":\"fr-FR\"},{\"@type\":\"Organization\",\"@id\":\"https:\\\/\\\/rdccontrol.com\\\/fr\\\/#organization\",\"name\":\"RDC Control\",\"url\":\"https:\\\/\\\/rdccontrol.com\\\/fr\\\/\",\"logo\":{\"@type\":\"ImageObject\",\"inLanguage\":\"fr-FR\",\"@id\":\"https:\\\/\\\/rdccontrol.com\\\/fr\\\/#\\\/schema\\\/logo\\\/image\\\/\",\"url\":\"http:\\\/\\\/rdccontrol.com\\\/wp-content\\\/uploads\\\/2016\\\/05\\\/Logo_recolored_w.png\",\"contentUrl\":\"http:\\\/\\\/rdccontrol.com\\\/wp-content\\\/uploads\\\/2016\\\/05\\\/Logo_recolored_w.png\",\"width\":330,\"height\":378,\"caption\":\"RDC Control\"},\"image\":{\"@id\":\"https:\\\/\\\/rdccontrol.com\\\/fr\\\/#\\\/schema\\\/logo\\\/image\\\/\"},\"sameAs\":[\"http:\\\/\\\/www.linkedin.com\\\/company\\\/rdc-control-ltd\"]}]}<\/script>\n<!-- \/ Yoast SEO plugin. -->","yoast_head_json":{"title":"\u00c0 quel endroit devrais-je installer ma sonde? - RDC Control","robots":{"index":"index","follow":"follow","max-snippet":"max-snippet:-1","max-image-preview":"max-image-preview:large","max-video-preview":"max-video-preview:-1"},"canonical":"https:\/\/rdccontrol.com\/fr\/thermocouple\/thermocouples-101\/introduction-aux-thermocouples\/quel-endroit-devrais-installer-sonde\/","twitter_misc":{"Dur\u00e9e de lecture estim\u00e9e":"2 minutes"},"schema":{"@context":"https:\/\/schema.org","@graph":[{"@type":"WebPage","@id":"https:\/\/rdccontrol.com\/fr\/thermocouple\/thermocouples-101\/introduction-aux-thermocouples\/quel-endroit-devrais-installer-sonde\/","url":"https:\/\/rdccontrol.com\/fr\/thermocouple\/thermocouples-101\/introduction-aux-thermocouples\/quel-endroit-devrais-installer-sonde\/","name":"\u00c0 quel endroit devrais-je installer ma sonde? - RDC Control","isPartOf":{"@id":"https:\/\/rdccontrol.com\/fr\/#website"},"datePublished":"2014-10-03T20:17:32+00:00","dateModified":"2017-12-16T06:18:14+00:00","breadcrumb":{"@id":"https:\/\/rdccontrol.com\/fr\/thermocouple\/thermocouples-101\/introduction-aux-thermocouples\/quel-endroit-devrais-installer-sonde\/#breadcrumb"},"inLanguage":"fr-FR","potentialAction":[{"@type":"ReadAction","target":["https:\/\/rdccontrol.com\/fr\/thermocouple\/thermocouples-101\/introduction-aux-thermocouples\/quel-endroit-devrais-installer-sonde\/"]}]},{"@type":"BreadcrumbList","@id":"https:\/\/rdccontrol.com\/fr\/thermocouple\/thermocouples-101\/introduction-aux-thermocouples\/quel-endroit-devrais-installer-sonde\/#breadcrumb","itemListElement":[{"@type":"ListItem","position":1,"name":"Home","item":"https:\/\/rdccontrol.com\/fr\/"},{"@type":"ListItem","position":2,"name":"Thermocouples","item":"https:\/\/rdccontrol.com\/fr\/thermocouple\/"},{"@type":"ListItem","position":3,"name":"Thermocouples 101","item":"https:\/\/rdccontrol.com\/fr\/thermocouple\/thermocouples-101\/"},{"@type":"ListItem","position":4,"name":"Introduction aux thermocouples","item":"https:\/\/rdccontrol.com\/fr\/thermocouple\/thermocouples-101\/introduction-aux-thermocouples\/"},{"@type":"ListItem","position":5,"name":"\u00c0 quel endroit devrais-je installer ma sonde?"}]},{"@type":"WebSite","@id":"https:\/\/rdccontrol.com\/fr\/#website","url":"https:\/\/rdccontrol.com\/fr\/","name":"RDC Control","description":"A perfect alliance between expertise and know-how","publisher":{"@id":"https:\/\/rdccontrol.com\/fr\/#organization"},"potentialAction":[{"@type":"SearchAction","target":{"@type":"EntryPoint","urlTemplate":"https:\/\/rdccontrol.com\/fr\/?s={search_term_string}"},"query-input":{"@type":"PropertyValueSpecification","valueRequired":true,"valueName":"search_term_string"}}],"inLanguage":"fr-FR"},{"@type":"Organization","@id":"https:\/\/rdccontrol.com\/fr\/#organization","name":"RDC Control","url":"https:\/\/rdccontrol.com\/fr\/","logo":{"@type":"ImageObject","inLanguage":"fr-FR","@id":"https:\/\/rdccontrol.com\/fr\/#\/schema\/logo\/image\/","url":"http:\/\/rdccontrol.com\/wp-content\/uploads\/2016\/05\/Logo_recolored_w.png","contentUrl":"http:\/\/rdccontrol.com\/wp-content\/uploads\/2016\/05\/Logo_recolored_w.png","width":330,"height":378,"caption":"RDC Control"},"image":{"@id":"https:\/\/rdccontrol.com\/fr\/#\/schema\/logo\/image\/"},"sameAs":["http:\/\/www.linkedin.com\/company\/rdc-control-ltd"]}]}},"_links":{"self":[{"href":"https:\/\/rdccontrol.com\/fr\/wp-json\/wp\/v2\/pages\/732","targetHints":{"allow":["GET"]}}],"collection":[{"href":"https:\/\/rdccontrol.com\/fr\/wp-json\/wp\/v2\/pages"}],"about":[{"href":"https:\/\/rdccontrol.com\/fr\/wp-json\/wp\/v2\/types\/page"}],"author":[{"embeddable":true,"href":"https:\/\/rdccontrol.com\/fr\/wp-json\/wp\/v2\/users\/1"}],"replies":[{"embeddable":true,"href":"https:\/\/rdccontrol.com\/fr\/wp-json\/wp\/v2\/comments?post=732"}],"version-history":[{"count":8,"href":"https:\/\/rdccontrol.com\/fr\/wp-json\/wp\/v2\/pages\/732\/revisions"}],"predecessor-version":[{"id":3270,"href":"https:\/\/rdccontrol.com\/fr\/wp-json\/wp\/v2\/pages\/732\/revisions\/3270"}],"up":[{"embeddable":true,"href":"https:\/\/rdccontrol.com\/fr\/wp-json\/wp\/v2\/pages\/590"}],"wp:attachment":[{"href":"https:\/\/rdccontrol.com\/fr\/wp-json\/wp\/v2\/media?parent=732"}],"curies":[{"name":"wp","href":"https:\/\/api.w.org\/{rel}","templated":true}]}}