{"id":730,"date":"2014-10-03T16:13:15","date_gmt":"2014-10-03T20:13:15","guid":{"rendered":"http:\/\/rdcc.cashin.ca\/?page_id=730"},"modified":"2018-02-06T08:01:08","modified_gmt":"2018-02-06T13:01:08","slug":"quel-temps-reponse-thermocouples-contruits-du-mgo","status":"publish","type":"page","link":"https:\/\/rdccontrol.com\/fr\/thermocouple\/thermocouples-101\/introduction-aux-thermocouples\/quel-temps-reponse-thermocouples-contruits-du-mgo\/","title":{"rendered":"Quel est le temps de r\u00e9ponse des thermocouples contruits avec du MGO?"},"content":{"rendered":"<div class=\"wpb-content-wrapper\">[mk_page_section padding_top=\u00a0\u00bb50&Prime; padding_bottom=\u00a0\u00bb50&Prime; el_class=\u00a0\u00bbintro-thermo-section desktop-section\u00a0\u00bb sidebar=\u00a0\u00bbsidebar-1&Prime;][vc_column width=\u00a0\u00bb1\/4&Prime; el_class=\u00a0\u00bbleft-sidebar-column\u00a0\u00bb][mk_custom_sidebar sidebar=\u00a0\u00bbsidebar-19&Prime;][\/vc_column][vc_column width=\u00a0\u00bb3\/4&Prime; el_class=\u00a0\u00bbright-side-column\u00a0\u00bb][vc_row_inner][vc_column_inner el_class=\u00a0\u00bbnumber-icon-column\u00a0\u00bb width=\u00a0\u00bb1\/12&Prime;][mk_image src=\u00a0\u00bbhttp:\/\/rdccontrol.com\/wp-content\/uploads\/2017\/12\/9.png\u00a0\u00bb image_size=\u00a0\u00bbfull\u00a0\u00bb][\/vc_column_inner][vc_column_inner el_class=\u00a0\u00bbnumber-icon-title-column\u00a0\u00bb width=\u00a0\u00bb5\/6&Prime;][vc_column_text css=\u00a0\u00bb.vc_custom_1513340015218{margin-bottom: 0px !important;}\u00a0\u00bb]\n<h2 class=\"icon-h2\">Quel est le temps de r\u00e9ponse des thermocouples contruits avec du MGO?<\/h2>\n<div class=\"ctm-space\"><\/div>\n[\/vc_column_text][\/vc_column_inner][\/vc_row_inner][vc_column_text css=\u00a0\u00bb.vc_custom_1513340009354{margin-bottom: 0px !important;}\u00a0\u00bb]\n<p>Plus le diam\u00e8tre est petit, plus le thermocouple r\u00e9pondra rapidement. La jonction soud\u00e9e \u00e0 la gaine am\u00e9liorera \u00e9galement le temps de r\u00e9ponse d\u2019approximativement 50 pour cent. Ceci est bas\u00e9 sur une sonde atteignant 63.2 % de la lecture finale, ou la premi\u00e8re constante de temps. Il faut environ cinq constantes de temps pour obtenir une lecture presque finale et en \u00e9tat d\u2019\u00e9quilibre. Puisque vous \u00eates int\u00e9ress\u00e9 par la temp\u00e9rature du milieu environnant, l\u2019exactitude d\u00e9pend de l\u2019habilit\u00e9 de la sonde \u00e0 transmettre la chaleur de la gaine externe aux conducteurs du thermocouple. Plusieurs facteurs entrent en jeu et le plus commun est la constante de temps. La constante de temps est la valeur \u00e0 laquelle comment \u00ab vite \u00bb une sonde r\u00e9pond aux changements de temp\u00e9rature.<\/p>\n<p>Comme indiqu\u00e9 dans les tableaux ci-dessous, le temps de r\u00e9ponse est d\u00e9fini comme combien de temps il faut \u00e0 une sonde pour atteindre 63.2 % d\u2019un changement de temp\u00e9rature.<\/p>\n<p>Le temps de r\u00e9ponse est une fonction reli\u00e9e \u00e0 la grosseur et \u00e0 la conception de la sonde.<\/p>\n[\/vc_column_text][mk_table el_class=\u00a0\u00bbrdc-thermocouple-table\u00a0\u00bb]\n<table class=\"rdc-thermocouple-table\" border=\"1\" cellspacing=\"0\" cellpadding=\"3\">\n<thead>\n<tr>\n<th colspan=\"4\" align=\"center\"><b style=\"text-transform: none;\">Temps de r\u00e9ponse moyen dans l\u2019eau immobile (secondes)<\/b><\/th>\n<\/tr>\n<tr>\n<th colspan=\"4\" align=\"center\"><b style=\"text-transform: none;\">Lectures \u00e0 63.2% de la temp\u00e9rature mesur\u00e9e<\/b><\/th>\n<\/tr>\n<tr>\n<th colspan=\"2\" align=\"center\" width=\"33%\"><b style=\"text-transform: none;\">Diam\u00e8tre de la Gaine<\/b><\/th>\n<th align=\"center\" width=\"33%\"><b style=\"text-transform: none;\">Jonction Non Isol\u00e9e<\/b><\/th>\n<th align=\"center\" width=\"34%\"><b style=\"text-transform: none;\">Jonction Isol\u00e9e<\/b><\/th>\n<\/tr>\n<\/thead>\n<tbody>\n<tr>\n<td align=\"center\">1\/2<\/td>\n<td align=\"center\">0,500<\/td>\n<td align=\"center\">15<\/td>\n<td align=\"center\">20<\/td>\n<\/tr>\n<tr>\n<td align=\"center\">3\/8<\/td>\n<td align=\"center\">0,375<\/td>\n<td align=\"center\">8<\/td>\n<td align=\"center\">11<\/td>\n<\/tr>\n<tr>\n<td align=\"center\">5\/16<\/td>\n<td align=\"center\">0,313<\/td>\n<td align=\"center\">5<\/td>\n<td align=\"center\">7<\/td>\n<\/tr>\n<tr>\n<td align=\"center\">1\/4<\/td>\n<td align=\"center\">0,250<\/td>\n<td align=\"center\">2,2<\/td>\n<td align=\"center\">4,1<\/td>\n<\/tr>\n<tr>\n<td align=\"center\">3\/16<\/td>\n<td align=\"center\">0,188<\/td>\n<td align=\"center\">1<\/td>\n<td align=\"center\">2,3<\/td>\n<\/tr>\n<tr>\n<td align=\"center\">1\/8<\/td>\n<td align=\"center\">0,125<\/td>\n<td align=\"center\">0,5<\/td>\n<td align=\"center\">1,1<\/td>\n<\/tr>\n<tr>\n<td align=\"center\">1\/16<\/td>\n<td align=\"center\">0,062<\/td>\n<td align=\"center\">0,22<\/td>\n<td align=\"center\">0,4<\/td>\n<\/tr>\n<tr>\n<td align=\"center\">1\/25<\/td>\n<td align=\"center\">0,040<\/td>\n<td align=\"center\">0,04<\/td>\n<td align=\"center\">0,13<\/td>\n<\/tr>\n<\/tbody>\n<\/table>\n[\/mk_table][mk_padding_divider size=\u00a0\u00bb50&Prime;][mk_table el_class=\u00a0\u00bbrdc-thermocouple-table image-table\u00a0\u00bb]\n<table class=\"rdc-thermocouple-table\" border=\"1\" cellspacing=\"0\" cellpadding=\"3\">\n<thead>\n<tr>\n<th colspan=\"5\" align=\"center\"><b style=\"text-transform: none;\">Temps de r\u00e9ponse dans l\u2019eau immobile \u00e0 80\u00b0C<br \/>\nmesur\u00e9 avec un thermocouple de .250\u2033 de Diam\u00e8tre.<\/b><\/th>\n<\/tr>\n<tr>\n<th rowspan=\"2\" align=\"center\" width=\"25%\"><b style=\"text-transform: none;\">Constante de Temps<\/b><\/th>\n<th colspan=\"2\" align=\"center\" nowrap=\"nowrap\" width=\"25%\"><b style=\"text-transform: none;\">Temps de R\u00e9ponse<\/b><\/th>\n<th rowspan=\"2\" align=\"center\" width=\"25%\"><b style=\"text-transform: none;\">Changement<\/b><\/th>\n<th rowspan=\"2\" align=\"center\" width=\"25%\"><b style=\"text-transform: none;\">Temp\u00e9rature Mesur\u00e9e<\/b><\/th>\n<\/tr>\n<tr>\n<th align=\"center\"><b style=\"text-transform: none;\">Jonction<br \/>\nNon Isol\u00e9e<\/b><\/th>\n<th align=\"center\"><b style=\"text-transform: none;\">Jonction<br \/>\nIsol\u00e9e<\/b><\/th>\n<\/tr>\n<\/thead>\n<tbody>\n<tr>\n<td align=\"center\">1<\/td>\n<td align=\"center\">2,2<\/td>\n<td align=\"center\">4,1<\/td>\n<td align=\"center\">63,2%<\/td>\n<td align=\"center\">50,6<\/td>\n<\/tr>\n<tr>\n<td align=\"center\">2<\/td>\n<td align=\"center\">4,4<\/td>\n<td align=\"center\">8,2<\/td>\n<td align=\"center\">86,5%<\/td>\n<td align=\"center\">69,2<\/td>\n<\/tr>\n<tr>\n<td align=\"center\">3<\/td>\n<td align=\"center\">6,6<\/td>\n<td align=\"center\">12,3<\/td>\n<td align=\"center\">95,0%<\/td>\n<td align=\"center\">76,0<\/td>\n<\/tr>\n<tr>\n<td align=\"center\">4<\/td>\n<td align=\"center\">8,8<\/td>\n<td align=\"center\">16,4<\/td>\n<td align=\"center\">98,2%<\/td>\n<td align=\"center\">78,6<\/td>\n<\/tr>\n<tr>\n<td align=\"center\">5<\/td>\n<td align=\"center\">11,0<\/td>\n<td align=\"center\">20,5<\/td>\n<td align=\"center\">99,3%<\/td>\n<td align=\"center\">79,4<\/td>\n<\/tr>\n<tr>\n<td align=\"center\">6<\/td>\n<td align=\"center\">13,2<\/td>\n<td align=\"center\">24,6<\/td>\n<td align=\"center\">99,8%<\/td>\n<td align=\"center\">79,8<\/td>\n<\/tr>\n<tr>\n<td class=\"image-td\" colspan=\"5\" align=\"center\"><img loading=\"lazy\" decoding=\"async\" src=\"http:\/\/rdccontrol.com\/wp-content\/uploads\/2014\/09\/thermocouple-temperature-change-graph.jpg\" alt=\"\" width=\"208\" height=\"131\" \/><\/td>\n<\/tr>\n<\/tbody>\n<\/table>\n[\/mk_table][\/vc_column][\/mk_page_section][mk_page_section padding_top=\u00a0\u00bb50&Prime; padding_bottom=\u00a0\u00bb50&Prime; el_class=\u00a0\u00bbintro-thermo-section mobile-section\u00a0\u00bb sidebar=\u00a0\u00bbsidebar-1&Prime;][vc_column width=\u00a0\u00bb3\/4&Prime; el_class=\u00a0\u00bbright-side-column\u00a0\u00bb][vc_row_inner][vc_column_inner el_class=\u00a0\u00bbnumber-icon-column\u00a0\u00bb width=\u00a0\u00bb1\/12&Prime;][mk_image src=\u00a0\u00bbhttp:\/\/rdccontrol.com\/wp-content\/uploads\/2017\/12\/9.png\u00a0\u00bb image_size=\u00a0\u00bbfull\u00a0\u00bb][\/vc_column_inner][vc_column_inner el_class=\u00a0\u00bbnumber-icon-title-column\u00a0\u00bb width=\u00a0\u00bb5\/6&Prime;][vc_column_text css=\u00a0\u00bb.vc_custom_1513340015218{margin-bottom: 0px !important;}\u00a0\u00bb]\n<h2 class=\"icon-h2\">Quel est le temps de r\u00e9ponse des thermocouples contruits avec du MGO?<\/h2>\n<div class=\"ctm-space\"><\/div>\n[\/vc_column_text][\/vc_column_inner][\/vc_row_inner][vc_column_text css=\u00a0\u00bb.vc_custom_1513340009354{margin-bottom: 0px !important;}\u00a0\u00bb]\n<p>Plus le diam\u00e8tre est petit, plus le thermocouple r\u00e9pondra rapidement. La jonction soud\u00e9e \u00e0 la gaine am\u00e9liorera \u00e9galement le temps de r\u00e9ponse d\u2019approximativement 50 pour cent. Ceci est bas\u00e9 sur une sonde atteignant 63.2 % de la lecture finale, ou la premi\u00e8re constante de temps. Il faut environ cinq constantes de temps pour obtenir une lecture presque finale et en \u00e9tat d\u2019\u00e9quilibre. Puisque vous \u00eates int\u00e9ress\u00e9 par la temp\u00e9rature du milieu environnant, l\u2019exactitude d\u00e9pend de l\u2019habilit\u00e9 de la sonde \u00e0 transmettre la chaleur de la gaine externe aux conducteurs du thermocouple. Plusieurs facteurs entrent en jeu et le plus commun est la constante de temps. La constante de temps est la valeur \u00e0 laquelle comment \u00ab vite \u00bb une sonde r\u00e9pond aux changements de temp\u00e9rature.<\/p>\n<p>Comme indiqu\u00e9 dans les tableaux ci-dessous, le temps de r\u00e9ponse est d\u00e9fini comme combien de temps il faut \u00e0 une sonde pour atteindre 63.2 % d\u2019un changement de temp\u00e9rature.<\/p>\n<p>Le temps de r\u00e9ponse est une fonction reli\u00e9e \u00e0 la grosseur et \u00e0 la conception de la sonde.<\/p>\n[\/vc_column_text][mk_table el_class=\u00a0\u00bbrdc-thermocouple-table\u00a0\u00bb]\n<table class=\"rdc-thermocouple-table\" border=\"1\" cellspacing=\"0\" cellpadding=\"3\">\n<thead>\n<tr>\n<th colspan=\"4\" align=\"center\"><b>Temps de r\u00e9ponse moyen dans l\u2019eau immobile (secondes)<\/b><\/th>\n<\/tr>\n<tr>\n<th colspan=\"4\" align=\"center\"><b>Lectures \u00e0 63.2% de la temp\u00e9rature mesur\u00e9e<\/b><\/th>\n<\/tr>\n<tr>\n<th colspan=\"2\" align=\"center\" width=\"33%\"><b>Diam\u00e8tre de la Gaine<\/b><\/th>\n<th align=\"center\" width=\"33%\"><b>Jonction Non Isol\u00e9e<\/b><\/th>\n<th align=\"center\" width=\"34%\"><b>Jonction Isol\u00e9e<\/b><\/th>\n<\/tr>\n<\/thead>\n<tbody>\n<tr>\n<td align=\"center\">1\/2<\/td>\n<td align=\"center\">0,500<\/td>\n<td align=\"center\">15<\/td>\n<td align=\"center\">20<\/td>\n<\/tr>\n<tr>\n<td align=\"center\">3\/8<\/td>\n<td align=\"center\">0,375<\/td>\n<td align=\"center\">8<\/td>\n<td align=\"center\">11<\/td>\n<\/tr>\n<tr>\n<td align=\"center\">5\/16<\/td>\n<td align=\"center\">0,313<\/td>\n<td align=\"center\">5<\/td>\n<td align=\"center\">7<\/td>\n<\/tr>\n<tr>\n<td align=\"center\">1\/4<\/td>\n<td align=\"center\">0,250<\/td>\n<td align=\"center\">2,2<\/td>\n<td align=\"center\">4,1<\/td>\n<\/tr>\n<tr>\n<td align=\"center\">3\/16<\/td>\n<td align=\"center\">0,188<\/td>\n<td align=\"center\">1<\/td>\n<td align=\"center\">2,3<\/td>\n<\/tr>\n<tr>\n<td align=\"center\">1\/8<\/td>\n<td align=\"center\">0,125<\/td>\n<td align=\"center\">0,5<\/td>\n<td align=\"center\">1,1<\/td>\n<\/tr>\n<tr>\n<td align=\"center\">1\/16<\/td>\n<td align=\"center\">0,062<\/td>\n<td align=\"center\">0,22<\/td>\n<td align=\"center\">0,4<\/td>\n<\/tr>\n<tr>\n<td align=\"center\">1\/25<\/td>\n<td align=\"center\">0,040<\/td>\n<td align=\"center\">0,04<\/td>\n<td align=\"center\">0,13<\/td>\n<\/tr>\n<\/tbody>\n<\/table>\n[\/mk_table][mk_padding_divider size=\u00a0\u00bb50&Prime;][mk_table el_class=\u00a0\u00bbrdc-thermocouple-table\u00a0\u00bb]\n<table class=\"rdc-thermocouple-table\" border=\"1\" cellspacing=\"0\" cellpadding=\"3\">\n<thead>\n<tr>\n<th colspan=\"5\" align=\"center\"><b>Temps de r\u00e9ponse dans l\u2019eau immobile \u00e0 80\u00b0C<br \/>\nmesur\u00e9 avec un thermocouple de .250\u2033 de Diam\u00e8tre.<\/b><\/th>\n<\/tr>\n<tr>\n<th rowspan=\"2\" align=\"center\" width=\"25%\"><b>Constante de Temps<\/b><\/th>\n<th colspan=\"2\" align=\"center\" nowrap=\"nowrap\" width=\"25%\"><b>Constante de Temps&lt;\/b<\/b><\/th>\n<th rowspan=\"2\" align=\"center\" width=\"25%\"><b>Changement<\/b><\/th>\n<th rowspan=\"2\" align=\"center\" width=\"25%\"><b>Temp\u00e9rature Mesur\u00e9e<\/b><\/th>\n<\/tr>\n<tr>\n<th align=\"center\"><b>Jonction<br \/>\nNon Isol\u00e9e<\/b><\/th>\n<th align=\"center\"><b>Jonction<br \/>\nIsol\u00e9e<\/b><\/th>\n<\/tr>\n<\/thead>\n<tbody>\n<tr>\n<td align=\"center\">1<\/td>\n<td align=\"center\">2,2<\/td>\n<td align=\"center\">4,1<\/td>\n<td align=\"center\">63,2%<\/td>\n<td align=\"center\">50,6<\/td>\n<\/tr>\n<tr>\n<td align=\"center\">2<\/td>\n<td align=\"center\">4,4<\/td>\n<td align=\"center\">8,2<\/td>\n<td align=\"center\">86,5%<\/td>\n<td align=\"center\">69,2<\/td>\n<\/tr>\n<tr>\n<td align=\"center\">3<\/td>\n<td align=\"center\">6,6<\/td>\n<td align=\"center\">12,3<\/td>\n<td align=\"center\">95,0%<\/td>\n<td align=\"center\">76,0<\/td>\n<\/tr>\n<tr>\n<td align=\"center\">4<\/td>\n<td align=\"center\">8,8<\/td>\n<td align=\"center\">16,4<\/td>\n<td align=\"center\">98,2%<\/td>\n<td align=\"center\">78,6<\/td>\n<\/tr>\n<tr>\n<td align=\"center\">5<\/td>\n<td align=\"center\">11,0<\/td>\n<td align=\"center\">20,5<\/td>\n<td align=\"center\">99,3%<\/td>\n<td align=\"center\">79,4<\/td>\n<\/tr>\n<tr>\n<td align=\"center\">6<\/td>\n<td align=\"center\">13,2<\/td>\n<td align=\"center\">24,6<\/td>\n<td align=\"center\">99,8%<\/td>\n<td align=\"center\">79,8<\/td>\n<\/tr>\n<tr>\n<td class=\"image-td\" colspan=\"5\" align=\"center\"><img loading=\"lazy\" decoding=\"async\" src=\"http:\/\/rdccontrol.com\/wp-content\/uploads\/2014\/09\/thermocouple-temperature-change-graph.jpg\" alt=\"\" width=\"208\" height=\"131\" \/><\/td>\n<\/tr>\n<\/tbody>\n<\/table>\n[\/mk_table][\/vc_column][vc_column width=\u00a0\u00bb1\/4&Prime; el_class=\u00a0\u00bbleft-sidebar-column\u00a0\u00bb][mk_custom_sidebar sidebar=\u00a0\u00bbsidebar-19&Prime;][\/vc_column][\/mk_page_section]\n<\/div>","protected":false},"excerpt":{"rendered":"<p>[mk_page_section padding_top=\u00a0\u00bb50&Prime; padding_bottom=\u00a0\u00bb50&Prime; el_class=\u00a0\u00bbintro-thermo-section desktop-section\u00a0\u00bb sidebar=\u00a0\u00bbsidebar-1&Prime;][vc_column width=\u00a0\u00bb1\/4&Prime; el_class=\u00a0\u00bbleft-sidebar-column\u00a0\u00bb][mk_custom_sidebar sidebar=\u00a0\u00bbsidebar-19&Prime;][\/vc_column][vc_column width=\u00a0\u00bb3\/4&Prime; el_class=\u00a0\u00bbright-side-column\u00a0\u00bb][vc_row_inner][vc_column_inner el_class=\u00a0\u00bbnumber-icon-column\u00a0\u00bb width=\u00a0\u00bb1\/12&Prime;][mk_image src=\u00a0\u00bbhttp:\/\/rdccontrol.com\/wp-content\/uploads\/2017\/12\/9.png\u00a0\u00bb image_size=\u00a0\u00bbfull\u00a0\u00bb][\/vc_column_inner][vc_column_inner el_class=\u00a0\u00bbnumber-icon-title-column\u00a0\u00bb width=\u00a0\u00bb5\/6&Prime;][vc_column_text css=\u00a0\u00bb.vc_custom_1513340015218{margin-bottom: 0px !important;}\u00a0\u00bb] Quel est le temps de r\u00e9ponse des thermocouples contruits avec du MGO? [\/vc_column_text][\/vc_column_inner][\/vc_row_inner][vc_column_text css=\u00a0\u00bb.vc_custom_1513340009354{margin-bottom: 0px !important;}\u00a0\u00bb] Plus le diam\u00e8tre est petit, plus le thermocouple r\u00e9pondra rapidement. La jonction soud\u00e9e \u00e0 la gaine am\u00e9liorera \u00e9galement le [&hellip;]<\/p>\n","protected":false},"author":1,"featured_media":0,"parent":590,"menu_order":26,"comment_status":"closed","ping_status":"closed","template":"","meta":{"footnotes":""},"class_list":["post-730","page","type-page","status-publish","hentry"],"yoast_head":"<!-- This site is optimized with the Yoast SEO plugin v27.3 - https:\/\/yoast.com\/product\/yoast-seo-wordpress\/ -->\n<title>Quel est le temps de r\u00e9ponse des thermocouples contruits avec du MGO? - RDC Control<\/title>\n<meta name=\"robots\" content=\"index, follow, max-snippet:-1, max-image-preview:large, max-video-preview:-1\" \/>\n<link rel=\"canonical\" href=\"https:\/\/rdccontrol.com\/fr\/thermocouple\/thermocouples-101\/introduction-aux-thermocouples\/quel-temps-reponse-thermocouples-contruits-du-mgo\/\" \/>\n<meta name=\"twitter:label1\" content=\"Dur\u00e9e de lecture estim\u00e9e\" \/>\n\t<meta name=\"twitter:data1\" content=\"4 minutes\" \/>\n<script type=\"application\/ld+json\" class=\"yoast-schema-graph\">{\"@context\":\"https:\\\/\\\/schema.org\",\"@graph\":[{\"@type\":\"WebPage\",\"@id\":\"https:\\\/\\\/rdccontrol.com\\\/fr\\\/thermocouple\\\/thermocouples-101\\\/introduction-aux-thermocouples\\\/quel-temps-reponse-thermocouples-contruits-du-mgo\\\/\",\"url\":\"https:\\\/\\\/rdccontrol.com\\\/fr\\\/thermocouple\\\/thermocouples-101\\\/introduction-aux-thermocouples\\\/quel-temps-reponse-thermocouples-contruits-du-mgo\\\/\",\"name\":\"Quel est le temps de r\u00e9ponse des thermocouples contruits avec du MGO? - RDC Control\",\"isPartOf\":{\"@id\":\"https:\\\/\\\/rdccontrol.com\\\/fr\\\/#website\"},\"primaryImageOfPage\":{\"@id\":\"https:\\\/\\\/rdccontrol.com\\\/fr\\\/thermocouple\\\/thermocouples-101\\\/introduction-aux-thermocouples\\\/quel-temps-reponse-thermocouples-contruits-du-mgo\\\/#primaryimage\"},\"image\":{\"@id\":\"https:\\\/\\\/rdccontrol.com\\\/fr\\\/thermocouple\\\/thermocouples-101\\\/introduction-aux-thermocouples\\\/quel-temps-reponse-thermocouples-contruits-du-mgo\\\/#primaryimage\"},\"thumbnailUrl\":\"http:\\\/\\\/rdccontrol.com\\\/wp-content\\\/uploads\\\/2014\\\/09\\\/thermocouple-temperature-change-graph.jpg\",\"datePublished\":\"2014-10-03T20:13:15+00:00\",\"dateModified\":\"2018-02-06T13:01:08+00:00\",\"breadcrumb\":{\"@id\":\"https:\\\/\\\/rdccontrol.com\\\/fr\\\/thermocouple\\\/thermocouples-101\\\/introduction-aux-thermocouples\\\/quel-temps-reponse-thermocouples-contruits-du-mgo\\\/#breadcrumb\"},\"inLanguage\":\"fr-FR\",\"potentialAction\":[{\"@type\":\"ReadAction\",\"target\":[\"https:\\\/\\\/rdccontrol.com\\\/fr\\\/thermocouple\\\/thermocouples-101\\\/introduction-aux-thermocouples\\\/quel-temps-reponse-thermocouples-contruits-du-mgo\\\/\"]}]},{\"@type\":\"ImageObject\",\"inLanguage\":\"fr-FR\",\"@id\":\"https:\\\/\\\/rdccontrol.com\\\/fr\\\/thermocouple\\\/thermocouples-101\\\/introduction-aux-thermocouples\\\/quel-temps-reponse-thermocouples-contruits-du-mgo\\\/#primaryimage\",\"url\":\"http:\\\/\\\/rdccontrol.com\\\/wp-content\\\/uploads\\\/2014\\\/09\\\/thermocouple-temperature-change-graph.jpg\",\"contentUrl\":\"http:\\\/\\\/rdccontrol.com\\\/wp-content\\\/uploads\\\/2014\\\/09\\\/thermocouple-temperature-change-graph.jpg\"},{\"@type\":\"BreadcrumbList\",\"@id\":\"https:\\\/\\\/rdccontrol.com\\\/fr\\\/thermocouple\\\/thermocouples-101\\\/introduction-aux-thermocouples\\\/quel-temps-reponse-thermocouples-contruits-du-mgo\\\/#breadcrumb\",\"itemListElement\":[{\"@type\":\"ListItem\",\"position\":1,\"name\":\"Home\",\"item\":\"https:\\\/\\\/rdccontrol.com\\\/fr\\\/\"},{\"@type\":\"ListItem\",\"position\":2,\"name\":\"Thermocouples\",\"item\":\"https:\\\/\\\/rdccontrol.com\\\/fr\\\/thermocouple\\\/\"},{\"@type\":\"ListItem\",\"position\":3,\"name\":\"Thermocouples 101\",\"item\":\"https:\\\/\\\/rdccontrol.com\\\/fr\\\/thermocouple\\\/thermocouples-101\\\/\"},{\"@type\":\"ListItem\",\"position\":4,\"name\":\"Introduction aux thermocouples\",\"item\":\"https:\\\/\\\/rdccontrol.com\\\/fr\\\/thermocouple\\\/thermocouples-101\\\/introduction-aux-thermocouples\\\/\"},{\"@type\":\"ListItem\",\"position\":5,\"name\":\"Quel est le temps de r\u00e9ponse des thermocouples contruits avec du MGO?\"}]},{\"@type\":\"WebSite\",\"@id\":\"https:\\\/\\\/rdccontrol.com\\\/fr\\\/#website\",\"url\":\"https:\\\/\\\/rdccontrol.com\\\/fr\\\/\",\"name\":\"RDC Control\",\"description\":\"A perfect alliance between expertise and know-how\",\"publisher\":{\"@id\":\"https:\\\/\\\/rdccontrol.com\\\/fr\\\/#organization\"},\"potentialAction\":[{\"@type\":\"SearchAction\",\"target\":{\"@type\":\"EntryPoint\",\"urlTemplate\":\"https:\\\/\\\/rdccontrol.com\\\/fr\\\/?s={search_term_string}\"},\"query-input\":{\"@type\":\"PropertyValueSpecification\",\"valueRequired\":true,\"valueName\":\"search_term_string\"}}],\"inLanguage\":\"fr-FR\"},{\"@type\":\"Organization\",\"@id\":\"https:\\\/\\\/rdccontrol.com\\\/fr\\\/#organization\",\"name\":\"RDC Control\",\"url\":\"https:\\\/\\\/rdccontrol.com\\\/fr\\\/\",\"logo\":{\"@type\":\"ImageObject\",\"inLanguage\":\"fr-FR\",\"@id\":\"https:\\\/\\\/rdccontrol.com\\\/fr\\\/#\\\/schema\\\/logo\\\/image\\\/\",\"url\":\"http:\\\/\\\/rdccontrol.com\\\/wp-content\\\/uploads\\\/2016\\\/05\\\/Logo_recolored_w.png\",\"contentUrl\":\"http:\\\/\\\/rdccontrol.com\\\/wp-content\\\/uploads\\\/2016\\\/05\\\/Logo_recolored_w.png\",\"width\":330,\"height\":378,\"caption\":\"RDC Control\"},\"image\":{\"@id\":\"https:\\\/\\\/rdccontrol.com\\\/fr\\\/#\\\/schema\\\/logo\\\/image\\\/\"},\"sameAs\":[\"http:\\\/\\\/www.linkedin.com\\\/company\\\/rdc-control-ltd\"]}]}<\/script>\n<!-- \/ Yoast SEO plugin. -->","yoast_head_json":{"title":"Quel est le temps de r\u00e9ponse des thermocouples contruits avec du MGO? - RDC Control","robots":{"index":"index","follow":"follow","max-snippet":"max-snippet:-1","max-image-preview":"max-image-preview:large","max-video-preview":"max-video-preview:-1"},"canonical":"https:\/\/rdccontrol.com\/fr\/thermocouple\/thermocouples-101\/introduction-aux-thermocouples\/quel-temps-reponse-thermocouples-contruits-du-mgo\/","twitter_misc":{"Dur\u00e9e de lecture estim\u00e9e":"4 minutes"},"schema":{"@context":"https:\/\/schema.org","@graph":[{"@type":"WebPage","@id":"https:\/\/rdccontrol.com\/fr\/thermocouple\/thermocouples-101\/introduction-aux-thermocouples\/quel-temps-reponse-thermocouples-contruits-du-mgo\/","url":"https:\/\/rdccontrol.com\/fr\/thermocouple\/thermocouples-101\/introduction-aux-thermocouples\/quel-temps-reponse-thermocouples-contruits-du-mgo\/","name":"Quel est le temps de r\u00e9ponse des thermocouples contruits avec du MGO? - RDC Control","isPartOf":{"@id":"https:\/\/rdccontrol.com\/fr\/#website"},"primaryImageOfPage":{"@id":"https:\/\/rdccontrol.com\/fr\/thermocouple\/thermocouples-101\/introduction-aux-thermocouples\/quel-temps-reponse-thermocouples-contruits-du-mgo\/#primaryimage"},"image":{"@id":"https:\/\/rdccontrol.com\/fr\/thermocouple\/thermocouples-101\/introduction-aux-thermocouples\/quel-temps-reponse-thermocouples-contruits-du-mgo\/#primaryimage"},"thumbnailUrl":"http:\/\/rdccontrol.com\/wp-content\/uploads\/2014\/09\/thermocouple-temperature-change-graph.jpg","datePublished":"2014-10-03T20:13:15+00:00","dateModified":"2018-02-06T13:01:08+00:00","breadcrumb":{"@id":"https:\/\/rdccontrol.com\/fr\/thermocouple\/thermocouples-101\/introduction-aux-thermocouples\/quel-temps-reponse-thermocouples-contruits-du-mgo\/#breadcrumb"},"inLanguage":"fr-FR","potentialAction":[{"@type":"ReadAction","target":["https:\/\/rdccontrol.com\/fr\/thermocouple\/thermocouples-101\/introduction-aux-thermocouples\/quel-temps-reponse-thermocouples-contruits-du-mgo\/"]}]},{"@type":"ImageObject","inLanguage":"fr-FR","@id":"https:\/\/rdccontrol.com\/fr\/thermocouple\/thermocouples-101\/introduction-aux-thermocouples\/quel-temps-reponse-thermocouples-contruits-du-mgo\/#primaryimage","url":"http:\/\/rdccontrol.com\/wp-content\/uploads\/2014\/09\/thermocouple-temperature-change-graph.jpg","contentUrl":"http:\/\/rdccontrol.com\/wp-content\/uploads\/2014\/09\/thermocouple-temperature-change-graph.jpg"},{"@type":"BreadcrumbList","@id":"https:\/\/rdccontrol.com\/fr\/thermocouple\/thermocouples-101\/introduction-aux-thermocouples\/quel-temps-reponse-thermocouples-contruits-du-mgo\/#breadcrumb","itemListElement":[{"@type":"ListItem","position":1,"name":"Home","item":"https:\/\/rdccontrol.com\/fr\/"},{"@type":"ListItem","position":2,"name":"Thermocouples","item":"https:\/\/rdccontrol.com\/fr\/thermocouple\/"},{"@type":"ListItem","position":3,"name":"Thermocouples 101","item":"https:\/\/rdccontrol.com\/fr\/thermocouple\/thermocouples-101\/"},{"@type":"ListItem","position":4,"name":"Introduction aux thermocouples","item":"https:\/\/rdccontrol.com\/fr\/thermocouple\/thermocouples-101\/introduction-aux-thermocouples\/"},{"@type":"ListItem","position":5,"name":"Quel est le temps de r\u00e9ponse des thermocouples contruits avec du MGO?"}]},{"@type":"WebSite","@id":"https:\/\/rdccontrol.com\/fr\/#website","url":"https:\/\/rdccontrol.com\/fr\/","name":"RDC Control","description":"A perfect alliance between expertise and know-how","publisher":{"@id":"https:\/\/rdccontrol.com\/fr\/#organization"},"potentialAction":[{"@type":"SearchAction","target":{"@type":"EntryPoint","urlTemplate":"https:\/\/rdccontrol.com\/fr\/?s={search_term_string}"},"query-input":{"@type":"PropertyValueSpecification","valueRequired":true,"valueName":"search_term_string"}}],"inLanguage":"fr-FR"},{"@type":"Organization","@id":"https:\/\/rdccontrol.com\/fr\/#organization","name":"RDC Control","url":"https:\/\/rdccontrol.com\/fr\/","logo":{"@type":"ImageObject","inLanguage":"fr-FR","@id":"https:\/\/rdccontrol.com\/fr\/#\/schema\/logo\/image\/","url":"http:\/\/rdccontrol.com\/wp-content\/uploads\/2016\/05\/Logo_recolored_w.png","contentUrl":"http:\/\/rdccontrol.com\/wp-content\/uploads\/2016\/05\/Logo_recolored_w.png","width":330,"height":378,"caption":"RDC Control"},"image":{"@id":"https:\/\/rdccontrol.com\/fr\/#\/schema\/logo\/image\/"},"sameAs":["http:\/\/www.linkedin.com\/company\/rdc-control-ltd"]}]}},"_links":{"self":[{"href":"https:\/\/rdccontrol.com\/fr\/wp-json\/wp\/v2\/pages\/730","targetHints":{"allow":["GET"]}}],"collection":[{"href":"https:\/\/rdccontrol.com\/fr\/wp-json\/wp\/v2\/pages"}],"about":[{"href":"https:\/\/rdccontrol.com\/fr\/wp-json\/wp\/v2\/types\/page"}],"author":[{"embeddable":true,"href":"https:\/\/rdccontrol.com\/fr\/wp-json\/wp\/v2\/users\/1"}],"replies":[{"embeddable":true,"href":"https:\/\/rdccontrol.com\/fr\/wp-json\/wp\/v2\/comments?post=730"}],"version-history":[{"count":18,"href":"https:\/\/rdccontrol.com\/fr\/wp-json\/wp\/v2\/pages\/730\/revisions"}],"predecessor-version":[{"id":3732,"href":"https:\/\/rdccontrol.com\/fr\/wp-json\/wp\/v2\/pages\/730\/revisions\/3732"}],"up":[{"embeddable":true,"href":"https:\/\/rdccontrol.com\/fr\/wp-json\/wp\/v2\/pages\/590"}],"wp:attachment":[{"href":"https:\/\/rdccontrol.com\/fr\/wp-json\/wp\/v2\/media?parent=730"}],"curies":[{"name":"wp","href":"https:\/\/api.w.org\/{rel}","templated":true}]}}