{"id":727,"date":"2014-10-03T15:14:43","date_gmt":"2014-10-03T19:14:43","guid":{"rendered":"http:\/\/rdcc.cashin.ca\/?page_id=727"},"modified":"2018-02-06T08:03:06","modified_gmt":"2018-02-06T13:03:06","slug":"quel-type-type-jonction-devrais-utiliser","status":"publish","type":"page","link":"https:\/\/rdccontrol.com\/fr\/thermocouple\/thermocouples-101\/introduction-aux-thermocouples\/quel-type-type-jonction-devrais-utiliser\/","title":{"rendered":"Quel type de type de jonction devrais-je utiliser?"},"content":{"rendered":"<div class=\"wpb-content-wrapper\">[mk_page_section padding_top=\u00a0\u00bb50&Prime; padding_bottom=\u00a0\u00bb50&Prime; el_class=\u00a0\u00bbintro-thermo-section desktop-section\u00a0\u00bb sidebar=\u00a0\u00bbsidebar-1&Prime;][vc_column width=\u00a0\u00bb1\/4&Prime; el_class=\u00a0\u00bbleft-sidebar-column\u00a0\u00bb][mk_custom_sidebar sidebar=\u00a0\u00bbsidebar-19&Prime;][\/vc_column][vc_column width=\u00a0\u00bb3\/4&Prime; el_class=\u00a0\u00bbright-side-column\u00a0\u00bb][vc_row_inner][vc_column_inner el_class=\u00a0\u00bbnumber-icon-column\u00a0\u00bb width=\u00a0\u00bb1\/12&Prime;][mk_image src=\u00a0\u00bbhttp:\/\/rdccontrol.com\/wp-content\/uploads\/2017\/12\/8.png\u00a0\u00bb image_size=\u00a0\u00bbfull\u00a0\u00bb][\/vc_column_inner][vc_column_inner el_class=\u00a0\u00bbnumber-icon-title-column\u00a0\u00bb width=\u00a0\u00bb5\/6&Prime;][vc_column_text css=\u00a0\u00bb.vc_custom_1513339786745{margin-bottom: 0px !important;}\u00a0\u00bb]\n<h2 class=\"icon-h2\">Quel type de type de jonction devrais-je utiliser?<\/h2>\n<div class=\"ctm-space\"><\/div>\n[\/vc_column_text][\/vc_column_inner][\/vc_row_inner][vc_column_text css=\u00a0\u00bb.vc_custom_1513339782178{margin-bottom: 0px !important;}\u00a0\u00bb]De fa\u00e7on g\u00e9n\u00e9rale, la jonction soud\u00e9e \u00e0 la gaine est le meilleur compromis entre la perfomance et la fiabilit\u00e9. C\u2019est le choix le plus appropri\u00e9 pour les applications d\u2019usage g\u00e9n\u00e9rale. Choisissez la jonction isol\u00e9e pour les probl\u00e8mes r\u00e9li\u00e9s aux champs magn\u00e9tiques ou au changement fr\u00e9quent de la temp\u00e9rature. Pour un temps de r\u00e9ponse instan\u00e9, la jonction expos\u00e9e est le meilleur choix.[\/vc_column_text][mk_table el_class=\u00a0\u00bbrdc-thermocouple-table tempreture-thermo-table\u00a0\u00bb]\n<table class=\"rdc-thermocouple-table\" border=\"1\" cellspacing=\"0\" cellpadding=\"3\">\n<thead>\n<tr>\n<th class=\"image-th\" align=\"center\" width=\"135\"><b style=\"text-transform: none;\">Illustrations (X-Ray)<\/b><\/th>\n<th class=\"junction-th\" align=\"center\"><b style=\"text-transform: none;\">Type de jonction <\/b><\/th>\n<th class=\"app-th\" width=\"100%\"><b style=\"text-transform: none;\">Notes<\/b><\/th>\n<\/tr>\n<\/thead>\n<tbody>\n<tr>\n<td style=\"border-left: 1px solid rgba(119, 119, 119, 0.4); border-bottom: 1px solid rgba(119, 119, 119, 0.4);\" align=\"center\"><img loading=\"lazy\" decoding=\"async\" src=\"http:\/\/rdccontrol.com\/wp-content\/uploads\/2014\/09\/grounded-junction.jpg\" alt=\"\" width=\"220\" height=\"121\" \/><\/td>\n<td style=\"border-left: 1px solid rgba(119, 119, 119, 0.4); border-bottom: 1px solid rgba(119, 119, 119, 0.4);\" align=\"center\">Jonction Soud\u00e9e \u00e0 la Gaine<\/td>\n<td style=\"border-left: 1px solid rgba(119, 119, 119, 0.4); border-bottom: 1px solid rgba(119, 119, 119, 0.4); border-right: 1px solid rgba(119, 119, 119, 0.4);\" align=\"left\">Les conducteurs sont soud\u00e9s \u00e0 la gaine, formant une jonction compl\u00e8tement int\u00e8gre et scell\u00e9e. Elle est recommand\u00e9e en pr\u00e9sence de liquide, d\u2019humidit\u00e9, de gaz ou de haute pression. Les conducteurs sont prot\u00e9g\u00e9s de l\u2019environnement ext\u00e9rieur. Son temps de r\u00e9ponse est comparable au type de jonction expos\u00e9e.<\/td>\n<\/tr>\n<tr>\n<td style=\"border-left: 1px solid rgba(119, 119, 119, 0.4); border-bottom: 1px solid rgba(119, 119, 119, 0.4);\" align=\"center\"><img loading=\"lazy\" decoding=\"async\" class=\"\" src=\"http:\/\/rdccontrol.com\/wp-content\/uploads\/2014\/09\/ungrounded-junction.jpg\" alt=\"\" width=\"220\" height=\"121\" \/><\/td>\n<td style=\"border-left: 1px solid rgba(119, 119, 119, 0.4); border-bottom: 1px solid rgba(119, 119, 119, 0.4);\" align=\"center\">Jonction Isol\u00e9e<\/td>\n<td style=\"border-left: 1px solid rgba(119, 119, 119, 0.4); border-bottom: 1px solid rgba(119, 119, 119, 0.4); border-right: 1px solid rgba(119, 119, 119, 0.4);\" align=\"left\">Sur ce type, la jonction des conducteurs est compl\u00e8tement isol\u00e9e de la gaine m\u00e9tallique. La jonction isol\u00e9e est excellente pour les applications o\u00f9 les champs magn\u00e9tiques pr\u00e9sents pourraient affecter la lecture. Elle est aussi excellente lorsqu\u2019il y a de fr\u00e9quents et rapides changements de temp\u00e9rature. Son temps de r\u00e9ponse est de toute \u00e9vidence plus lent que la jonction soud\u00e9e \u00e0 la gaine.<\/td>\n<\/tr>\n<tr>\n<td style=\"border-left: 1px solid rgba(119, 119, 119, 0.4); border-bottom: 1px solid rgba(119, 119, 119, 0.4);\" align=\"center\"><img loading=\"lazy\" decoding=\"async\" class=\"\" src=\"http:\/\/rdccontrol.com\/wp-content\/uploads\/2014\/09\/dual-ungrounded-junction.jpg\" alt=\"\" width=\"220\" height=\"121\" \/><\/td>\n<td style=\"border-left: 1px solid rgba(119, 119, 119, 0.4); border-bottom: 1px solid rgba(119, 119, 119, 0.4);\" align=\"center\">Double Jonction Isol\u00e9e<\/td>\n<td style=\"border-left: 1px solid rgba(119, 119, 119, 0.4); border-bottom: 1px solid rgba(119, 119, 119, 0.4); border-right: 1px solid rgba(119, 119, 119, 0.4);\" align=\"left\">Dans ce type de jonction, les deux jonctions de thermocouple sont isol\u00e9es et encapsul\u00e9es dans une simple gaine. L\u2019isolation entre les jonctions et la gaine \u00e9limine un \u00e9ventuel retour \u00e0 la terre si elles sont branch\u00e9es \u00e0 des instruments de mesure s\u00e9par\u00e9s.<\/td>\n<\/tr>\n<tr>\n<td style=\"border-left: 1px solid rgba(119, 119, 119, 0.4); border-bottom: 1px solid rgba(119, 119, 119, 0.4);\" align=\"center\"><img loading=\"lazy\" decoding=\"async\" src=\"http:\/\/rdccontrol.com\/wp-content\/uploads\/2014\/09\/exposed-junction.jpg\" alt=\"\" width=\"220\" height=\"121\" \/><\/td>\n<td style=\"border-left: 1px solid rgba(119, 119, 119, 0.4); border-bottom: 1px solid rgba(119, 119, 119, 0.4);\" align=\"center\">Jonction Expos\u00e9e<\/td>\n<td style=\"border-left: 1px solid rgba(119, 119, 119, 0.4); border-bottom: 1px solid rgba(119, 119, 119, 0.4); border-right: 1px solid rgba(119, 119, 119, 0.4);\" align=\"left\">Les conducteurs du thermocouple sont fusionn\u00e9s et l\u2019isolation est d\u00e9couverte et scell\u00e9e contre la p\u00e9n\u00e9tration de l\u2019humidit\u00e9, des liquides ou des gaz. Ce type de jonction nous donne le temps de r\u00e9ponse le plus rapide mais laisse les conducteurs sans protection contre la corrosion ou les bris m\u00e9caniques.<\/td>\n<\/tr>\n<\/tbody>\n<\/table>\n[\/mk_table][\/vc_column][\/mk_page_section][mk_page_section padding_top=\u00a0\u00bb50&Prime; padding_bottom=\u00a0\u00bb50&Prime; el_class=\u00a0\u00bbintro-thermo-section mobile-section\u00a0\u00bb sidebar=\u00a0\u00bbsidebar-1&Prime;][vc_column width=\u00a0\u00bb3\/4&Prime; el_class=\u00a0\u00bbright-side-column\u00a0\u00bb][vc_row_inner][vc_column_inner el_class=\u00a0\u00bbnumber-icon-column\u00a0\u00bb width=\u00a0\u00bb1\/12&Prime;][mk_image src=\u00a0\u00bbhttp:\/\/rdccontrol.com\/wp-content\/uploads\/2017\/12\/8.png\u00a0\u00bb image_size=\u00a0\u00bbfull\u00a0\u00bb][\/vc_column_inner][vc_column_inner el_class=\u00a0\u00bbnumber-icon-title-column\u00a0\u00bb width=\u00a0\u00bb5\/6&Prime;][vc_column_text css=\u00a0\u00bb.vc_custom_1513339786745{margin-bottom: 0px !important;}\u00a0\u00bb]\n<h2 class=\"icon-h2\">Quel type de type de jonction devrais-je utiliser?<\/h2>\n<div class=\"ctm-space\"><\/div>\n[\/vc_column_text][\/vc_column_inner][\/vc_row_inner][vc_column_text css=\u00a0\u00bb.vc_custom_1513339782178{margin-bottom: 0px !important;}\u00a0\u00bb]De fa\u00e7on g\u00e9n\u00e9rale, la jonction soud\u00e9e \u00e0 la gaine est le meilleur compromis entre la perfomance et la fiabilit\u00e9. C\u2019est le choix le plus appropri\u00e9 pour les applications d\u2019usage g\u00e9n\u00e9rale. Choisissez la jonction isol\u00e9e pour les probl\u00e8mes r\u00e9li\u00e9s aux champs magn\u00e9tiques ou au changement fr\u00e9quent de la temp\u00e9rature. Pour un temps de r\u00e9ponse instan\u00e9, la jonction expos\u00e9e est le meilleur choix.[\/vc_column_text][mk_table el_class=\u00a0\u00bbrdc-thermocouple-table tempreture-thermo-table\u00a0\u00bb]\n<table class=\"rdc-thermocouple-table\" border=\"1\" cellspacing=\"0\" cellpadding=\"3\">\n<thead>\n<tr>\n<th class=\"image-th\" align=\"center\" width=\"135\"><b>Illustrations (X-Ray)<\/b><\/th>\n<th class=\"junction-th\" align=\"center\"><b>Type de jonction <\/b><\/th>\n<th class=\"app-th\" width=\"100%\"><b>Notes<\/b><\/th>\n<\/tr>\n<\/thead>\n<tbody>\n<tr>\n<td style=\"border-left: 1px solid rgba(119, 119, 119, 0.4); border-bottom: 1px solid rgba(119, 119, 119, 0.4);\" align=\"center\"><img loading=\"lazy\" decoding=\"async\" src=\"http:\/\/rdccontrol.com\/wp-content\/uploads\/2014\/09\/grounded-junction.jpg\" alt=\"\" width=\"220\" height=\"121\" \/><\/td>\n<td style=\"border-left: 1px solid rgba(119, 119, 119, 0.4); border-bottom: 1px solid rgba(119, 119, 119, 0.4);\" align=\"center\">Jonction Soud\u00e9e \u00e0 la Gaine<\/td>\n<td style=\"border-left: 1px solid rgba(119, 119, 119, 0.4); border-bottom: 1px solid rgba(119, 119, 119, 0.4); border-right: 1px solid rgba(119, 119, 119, 0.4);\" align=\"left\">Les conducteurs sont soud\u00e9s \u00e0 la gaine, formant une jonction compl\u00e8tement int\u00e8gre et scell\u00e9e. Elle est recommand\u00e9e en pr\u00e9sence de liquide, d\u2019humidit\u00e9, de gaz ou de haute pression. Les conducteurs sont prot\u00e9g\u00e9s de l\u2019environnement ext\u00e9rieur. Son temps de r\u00e9ponse est comparable au type de jonction expos\u00e9e.<\/td>\n<\/tr>\n<tr>\n<td style=\"border-left: 1px solid rgba(119, 119, 119, 0.4); border-bottom: 1px solid rgba(119, 119, 119, 0.4);\" align=\"center\"><img loading=\"lazy\" decoding=\"async\" class=\"\" src=\"http:\/\/rdccontrol.com\/wp-content\/uploads\/2014\/09\/ungrounded-junction.jpg\" alt=\"\" width=\"220\" height=\"121\" \/><\/td>\n<td style=\"border-left: 1px solid rgba(119, 119, 119, 0.4); border-bottom: 1px solid rgba(119, 119, 119, 0.4);\" align=\"center\">Jonction Isol\u00e9e<\/td>\n<td style=\"border-left: 1px solid rgba(119, 119, 119, 0.4); border-bottom: 1px solid rgba(119, 119, 119, 0.4); border-right: 1px solid rgba(119, 119, 119, 0.4);\" align=\"left\">Sur ce type, la jonction des conducteurs est compl\u00e8tement isol\u00e9e de la gaine m\u00e9tallique. La jonction isol\u00e9e est excellente pour les applications o\u00f9 les champs magn\u00e9tiques pr\u00e9sents pourraient affecter la lecture. Elle est aussi excellente lorsqu\u2019il y a de fr\u00e9quents et rapides changements de temp\u00e9rature. Son temps de r\u00e9ponse est de toute \u00e9vidence plus lent que la jonction soud\u00e9e \u00e0 la gaine.<\/td>\n<\/tr>\n<tr>\n<td style=\"border-left: 1px solid rgba(119, 119, 119, 0.4); border-bottom: 1px solid rgba(119, 119, 119, 0.4);\" align=\"center\"><img loading=\"lazy\" decoding=\"async\" class=\"\" src=\"http:\/\/rdccontrol.com\/wp-content\/uploads\/2014\/09\/dual-ungrounded-junction.jpg\" alt=\"\" width=\"220\" height=\"121\" \/><\/td>\n<td style=\"border-left: 1px solid rgba(119, 119, 119, 0.4); border-bottom: 1px solid rgba(119, 119, 119, 0.4);\" align=\"center\">Double Jonction Isol\u00e9e<\/td>\n<td style=\"border-left: 1px solid rgba(119, 119, 119, 0.4); border-bottom: 1px solid rgba(119, 119, 119, 0.4); border-right: 1px solid rgba(119, 119, 119, 0.4);\" align=\"left\">Dans ce type de jonction, les deux jonctions de thermocouple sont isol\u00e9es et encapsul\u00e9es dans une simple gaine. L\u2019isolation entre les jonctions et la gaine \u00e9limine un \u00e9ventuel retour \u00e0 la terre si elles sont branch\u00e9es \u00e0 des instruments de mesure s\u00e9par\u00e9s.<\/td>\n<\/tr>\n<tr>\n<td style=\"border-left: 1px solid rgba(119, 119, 119, 0.4); border-bottom: 1px solid rgba(119, 119, 119, 0.4);\" align=\"center\"><img loading=\"lazy\" decoding=\"async\" src=\"http:\/\/rdccontrol.com\/wp-content\/uploads\/2014\/09\/exposed-junction.jpg\" alt=\"\" width=\"220\" height=\"121\" \/><\/td>\n<td style=\"border-left: 1px solid rgba(119, 119, 119, 0.4); border-bottom: 1px solid rgba(119, 119, 119, 0.4);\" align=\"center\">Jonction Expos\u00e9e<\/td>\n<td style=\"border-left: 1px solid rgba(119, 119, 119, 0.4); border-bottom: 1px solid rgba(119, 119, 119, 0.4); border-right: 1px solid rgba(119, 119, 119, 0.4);\" align=\"left\">Les conducteurs du thermocouple sont fusionn\u00e9s et l\u2019isolation est d\u00e9couverte et scell\u00e9e contre la p\u00e9n\u00e9tration de l\u2019humidit\u00e9, des liquides ou des gaz. Ce type de jonction nous donne le temps de r\u00e9ponse le plus rapide mais laisse les conducteurs sans protection contre la corrosion ou les bris m\u00e9caniques.<\/td>\n<\/tr>\n<\/tbody>\n<\/table>\n[\/mk_table][\/vc_column][vc_column width=\u00a0\u00bb1\/4&Prime; el_class=\u00a0\u00bbleft-sidebar-column\u00a0\u00bb][mk_custom_sidebar sidebar=\u00a0\u00bbsidebar-19&Prime;][\/vc_column][\/mk_page_section]\n<\/div>","protected":false},"excerpt":{"rendered":"<p>[mk_page_section padding_top=\u00a0\u00bb50&Prime; padding_bottom=\u00a0\u00bb50&Prime; el_class=\u00a0\u00bbintro-thermo-section desktop-section\u00a0\u00bb sidebar=\u00a0\u00bbsidebar-1&Prime;][vc_column width=\u00a0\u00bb1\/4&Prime; el_class=\u00a0\u00bbleft-sidebar-column\u00a0\u00bb][mk_custom_sidebar sidebar=\u00a0\u00bbsidebar-19&Prime;][\/vc_column][vc_column width=\u00a0\u00bb3\/4&Prime; el_class=\u00a0\u00bbright-side-column\u00a0\u00bb][vc_row_inner][vc_column_inner el_class=\u00a0\u00bbnumber-icon-column\u00a0\u00bb width=\u00a0\u00bb1\/12&Prime;][mk_image src=\u00a0\u00bbhttp:\/\/rdccontrol.com\/wp-content\/uploads\/2017\/12\/8.png\u00a0\u00bb image_size=\u00a0\u00bbfull\u00a0\u00bb][\/vc_column_inner][vc_column_inner el_class=\u00a0\u00bbnumber-icon-title-column\u00a0\u00bb width=\u00a0\u00bb5\/6&Prime;][vc_column_text css=\u00a0\u00bb.vc_custom_1513339786745{margin-bottom: 0px !important;}\u00a0\u00bb] Quel type de type de jonction devrais-je utiliser? [\/vc_column_text][\/vc_column_inner][\/vc_row_inner][vc_column_text css=\u00a0\u00bb.vc_custom_1513339782178{margin-bottom: 0px !important;}\u00a0\u00bb]De fa\u00e7on g\u00e9n\u00e9rale, la jonction soud\u00e9e \u00e0 la gaine est le meilleur compromis entre la perfomance et la fiabilit\u00e9. C\u2019est le choix le plus [&hellip;]<\/p>\n","protected":false},"author":1,"featured_media":0,"parent":590,"menu_order":25,"comment_status":"closed","ping_status":"closed","template":"","meta":{"footnotes":""},"class_list":["post-727","page","type-page","status-publish","hentry"],"yoast_head":"<!-- This site is optimized with the Yoast SEO plugin v27.3 - https:\/\/yoast.com\/product\/yoast-seo-wordpress\/ -->\n<title>Quel type de type de jonction devrais-je utiliser? - RDC Control<\/title>\n<meta name=\"robots\" content=\"index, follow, max-snippet:-1, max-image-preview:large, max-video-preview:-1\" \/>\n<link rel=\"canonical\" href=\"https:\/\/rdccontrol.com\/fr\/thermocouple\/thermocouples-101\/introduction-aux-thermocouples\/quel-type-type-jonction-devrais-utiliser\/\" \/>\n<meta name=\"twitter:label1\" content=\"Dur\u00e9e de lecture estim\u00e9e\" \/>\n\t<meta name=\"twitter:data1\" content=\"4 minutes\" \/>\n<script type=\"application\/ld+json\" class=\"yoast-schema-graph\">{\"@context\":\"https:\\\/\\\/schema.org\",\"@graph\":[{\"@type\":\"WebPage\",\"@id\":\"https:\\\/\\\/rdccontrol.com\\\/fr\\\/thermocouple\\\/thermocouples-101\\\/introduction-aux-thermocouples\\\/quel-type-type-jonction-devrais-utiliser\\\/\",\"url\":\"https:\\\/\\\/rdccontrol.com\\\/fr\\\/thermocouple\\\/thermocouples-101\\\/introduction-aux-thermocouples\\\/quel-type-type-jonction-devrais-utiliser\\\/\",\"name\":\"Quel type de type de jonction devrais-je utiliser? - RDC Control\",\"isPartOf\":{\"@id\":\"https:\\\/\\\/rdccontrol.com\\\/fr\\\/#website\"},\"primaryImageOfPage\":{\"@id\":\"https:\\\/\\\/rdccontrol.com\\\/fr\\\/thermocouple\\\/thermocouples-101\\\/introduction-aux-thermocouples\\\/quel-type-type-jonction-devrais-utiliser\\\/#primaryimage\"},\"image\":{\"@id\":\"https:\\\/\\\/rdccontrol.com\\\/fr\\\/thermocouple\\\/thermocouples-101\\\/introduction-aux-thermocouples\\\/quel-type-type-jonction-devrais-utiliser\\\/#primaryimage\"},\"thumbnailUrl\":\"http:\\\/\\\/rdccontrol.com\\\/wp-content\\\/uploads\\\/2014\\\/09\\\/grounded-junction.jpg\",\"datePublished\":\"2014-10-03T19:14:43+00:00\",\"dateModified\":\"2018-02-06T13:03:06+00:00\",\"breadcrumb\":{\"@id\":\"https:\\\/\\\/rdccontrol.com\\\/fr\\\/thermocouple\\\/thermocouples-101\\\/introduction-aux-thermocouples\\\/quel-type-type-jonction-devrais-utiliser\\\/#breadcrumb\"},\"inLanguage\":\"fr-FR\",\"potentialAction\":[{\"@type\":\"ReadAction\",\"target\":[\"https:\\\/\\\/rdccontrol.com\\\/fr\\\/thermocouple\\\/thermocouples-101\\\/introduction-aux-thermocouples\\\/quel-type-type-jonction-devrais-utiliser\\\/\"]}]},{\"@type\":\"ImageObject\",\"inLanguage\":\"fr-FR\",\"@id\":\"https:\\\/\\\/rdccontrol.com\\\/fr\\\/thermocouple\\\/thermocouples-101\\\/introduction-aux-thermocouples\\\/quel-type-type-jonction-devrais-utiliser\\\/#primaryimage\",\"url\":\"http:\\\/\\\/rdccontrol.com\\\/wp-content\\\/uploads\\\/2014\\\/09\\\/grounded-junction.jpg\",\"contentUrl\":\"http:\\\/\\\/rdccontrol.com\\\/wp-content\\\/uploads\\\/2014\\\/09\\\/grounded-junction.jpg\"},{\"@type\":\"BreadcrumbList\",\"@id\":\"https:\\\/\\\/rdccontrol.com\\\/fr\\\/thermocouple\\\/thermocouples-101\\\/introduction-aux-thermocouples\\\/quel-type-type-jonction-devrais-utiliser\\\/#breadcrumb\",\"itemListElement\":[{\"@type\":\"ListItem\",\"position\":1,\"name\":\"Home\",\"item\":\"https:\\\/\\\/rdccontrol.com\\\/fr\\\/\"},{\"@type\":\"ListItem\",\"position\":2,\"name\":\"Thermocouples\",\"item\":\"https:\\\/\\\/rdccontrol.com\\\/fr\\\/thermocouple\\\/\"},{\"@type\":\"ListItem\",\"position\":3,\"name\":\"Thermocouples 101\",\"item\":\"https:\\\/\\\/rdccontrol.com\\\/fr\\\/thermocouple\\\/thermocouples-101\\\/\"},{\"@type\":\"ListItem\",\"position\":4,\"name\":\"Introduction aux thermocouples\",\"item\":\"https:\\\/\\\/rdccontrol.com\\\/fr\\\/thermocouple\\\/thermocouples-101\\\/introduction-aux-thermocouples\\\/\"},{\"@type\":\"ListItem\",\"position\":5,\"name\":\"Quel type de type de jonction devrais-je utiliser?\"}]},{\"@type\":\"WebSite\",\"@id\":\"https:\\\/\\\/rdccontrol.com\\\/fr\\\/#website\",\"url\":\"https:\\\/\\\/rdccontrol.com\\\/fr\\\/\",\"name\":\"RDC Control\",\"description\":\"A perfect alliance between expertise and know-how\",\"publisher\":{\"@id\":\"https:\\\/\\\/rdccontrol.com\\\/fr\\\/#organization\"},\"potentialAction\":[{\"@type\":\"SearchAction\",\"target\":{\"@type\":\"EntryPoint\",\"urlTemplate\":\"https:\\\/\\\/rdccontrol.com\\\/fr\\\/?s={search_term_string}\"},\"query-input\":{\"@type\":\"PropertyValueSpecification\",\"valueRequired\":true,\"valueName\":\"search_term_string\"}}],\"inLanguage\":\"fr-FR\"},{\"@type\":\"Organization\",\"@id\":\"https:\\\/\\\/rdccontrol.com\\\/fr\\\/#organization\",\"name\":\"RDC Control\",\"url\":\"https:\\\/\\\/rdccontrol.com\\\/fr\\\/\",\"logo\":{\"@type\":\"ImageObject\",\"inLanguage\":\"fr-FR\",\"@id\":\"https:\\\/\\\/rdccontrol.com\\\/fr\\\/#\\\/schema\\\/logo\\\/image\\\/\",\"url\":\"http:\\\/\\\/rdccontrol.com\\\/wp-content\\\/uploads\\\/2016\\\/05\\\/Logo_recolored_w.png\",\"contentUrl\":\"http:\\\/\\\/rdccontrol.com\\\/wp-content\\\/uploads\\\/2016\\\/05\\\/Logo_recolored_w.png\",\"width\":330,\"height\":378,\"caption\":\"RDC Control\"},\"image\":{\"@id\":\"https:\\\/\\\/rdccontrol.com\\\/fr\\\/#\\\/schema\\\/logo\\\/image\\\/\"},\"sameAs\":[\"http:\\\/\\\/www.linkedin.com\\\/company\\\/rdc-control-ltd\"]}]}<\/script>\n<!-- \/ Yoast SEO plugin. -->","yoast_head_json":{"title":"Quel type de type de jonction devrais-je utiliser? - RDC Control","robots":{"index":"index","follow":"follow","max-snippet":"max-snippet:-1","max-image-preview":"max-image-preview:large","max-video-preview":"max-video-preview:-1"},"canonical":"https:\/\/rdccontrol.com\/fr\/thermocouple\/thermocouples-101\/introduction-aux-thermocouples\/quel-type-type-jonction-devrais-utiliser\/","twitter_misc":{"Dur\u00e9e de lecture estim\u00e9e":"4 minutes"},"schema":{"@context":"https:\/\/schema.org","@graph":[{"@type":"WebPage","@id":"https:\/\/rdccontrol.com\/fr\/thermocouple\/thermocouples-101\/introduction-aux-thermocouples\/quel-type-type-jonction-devrais-utiliser\/","url":"https:\/\/rdccontrol.com\/fr\/thermocouple\/thermocouples-101\/introduction-aux-thermocouples\/quel-type-type-jonction-devrais-utiliser\/","name":"Quel type de type de jonction devrais-je utiliser? - RDC Control","isPartOf":{"@id":"https:\/\/rdccontrol.com\/fr\/#website"},"primaryImageOfPage":{"@id":"https:\/\/rdccontrol.com\/fr\/thermocouple\/thermocouples-101\/introduction-aux-thermocouples\/quel-type-type-jonction-devrais-utiliser\/#primaryimage"},"image":{"@id":"https:\/\/rdccontrol.com\/fr\/thermocouple\/thermocouples-101\/introduction-aux-thermocouples\/quel-type-type-jonction-devrais-utiliser\/#primaryimage"},"thumbnailUrl":"http:\/\/rdccontrol.com\/wp-content\/uploads\/2014\/09\/grounded-junction.jpg","datePublished":"2014-10-03T19:14:43+00:00","dateModified":"2018-02-06T13:03:06+00:00","breadcrumb":{"@id":"https:\/\/rdccontrol.com\/fr\/thermocouple\/thermocouples-101\/introduction-aux-thermocouples\/quel-type-type-jonction-devrais-utiliser\/#breadcrumb"},"inLanguage":"fr-FR","potentialAction":[{"@type":"ReadAction","target":["https:\/\/rdccontrol.com\/fr\/thermocouple\/thermocouples-101\/introduction-aux-thermocouples\/quel-type-type-jonction-devrais-utiliser\/"]}]},{"@type":"ImageObject","inLanguage":"fr-FR","@id":"https:\/\/rdccontrol.com\/fr\/thermocouple\/thermocouples-101\/introduction-aux-thermocouples\/quel-type-type-jonction-devrais-utiliser\/#primaryimage","url":"http:\/\/rdccontrol.com\/wp-content\/uploads\/2014\/09\/grounded-junction.jpg","contentUrl":"http:\/\/rdccontrol.com\/wp-content\/uploads\/2014\/09\/grounded-junction.jpg"},{"@type":"BreadcrumbList","@id":"https:\/\/rdccontrol.com\/fr\/thermocouple\/thermocouples-101\/introduction-aux-thermocouples\/quel-type-type-jonction-devrais-utiliser\/#breadcrumb","itemListElement":[{"@type":"ListItem","position":1,"name":"Home","item":"https:\/\/rdccontrol.com\/fr\/"},{"@type":"ListItem","position":2,"name":"Thermocouples","item":"https:\/\/rdccontrol.com\/fr\/thermocouple\/"},{"@type":"ListItem","position":3,"name":"Thermocouples 101","item":"https:\/\/rdccontrol.com\/fr\/thermocouple\/thermocouples-101\/"},{"@type":"ListItem","position":4,"name":"Introduction aux thermocouples","item":"https:\/\/rdccontrol.com\/fr\/thermocouple\/thermocouples-101\/introduction-aux-thermocouples\/"},{"@type":"ListItem","position":5,"name":"Quel type de type de jonction devrais-je utiliser?"}]},{"@type":"WebSite","@id":"https:\/\/rdccontrol.com\/fr\/#website","url":"https:\/\/rdccontrol.com\/fr\/","name":"RDC Control","description":"A perfect alliance between expertise and know-how","publisher":{"@id":"https:\/\/rdccontrol.com\/fr\/#organization"},"potentialAction":[{"@type":"SearchAction","target":{"@type":"EntryPoint","urlTemplate":"https:\/\/rdccontrol.com\/fr\/?s={search_term_string}"},"query-input":{"@type":"PropertyValueSpecification","valueRequired":true,"valueName":"search_term_string"}}],"inLanguage":"fr-FR"},{"@type":"Organization","@id":"https:\/\/rdccontrol.com\/fr\/#organization","name":"RDC Control","url":"https:\/\/rdccontrol.com\/fr\/","logo":{"@type":"ImageObject","inLanguage":"fr-FR","@id":"https:\/\/rdccontrol.com\/fr\/#\/schema\/logo\/image\/","url":"http:\/\/rdccontrol.com\/wp-content\/uploads\/2016\/05\/Logo_recolored_w.png","contentUrl":"http:\/\/rdccontrol.com\/wp-content\/uploads\/2016\/05\/Logo_recolored_w.png","width":330,"height":378,"caption":"RDC Control"},"image":{"@id":"https:\/\/rdccontrol.com\/fr\/#\/schema\/logo\/image\/"},"sameAs":["http:\/\/www.linkedin.com\/company\/rdc-control-ltd"]}]}},"_links":{"self":[{"href":"https:\/\/rdccontrol.com\/fr\/wp-json\/wp\/v2\/pages\/727","targetHints":{"allow":["GET"]}}],"collection":[{"href":"https:\/\/rdccontrol.com\/fr\/wp-json\/wp\/v2\/pages"}],"about":[{"href":"https:\/\/rdccontrol.com\/fr\/wp-json\/wp\/v2\/types\/page"}],"author":[{"embeddable":true,"href":"https:\/\/rdccontrol.com\/fr\/wp-json\/wp\/v2\/users\/1"}],"replies":[{"embeddable":true,"href":"https:\/\/rdccontrol.com\/fr\/wp-json\/wp\/v2\/comments?post=727"}],"version-history":[{"count":18,"href":"https:\/\/rdccontrol.com\/fr\/wp-json\/wp\/v2\/pages\/727\/revisions"}],"predecessor-version":[{"id":3733,"href":"https:\/\/rdccontrol.com\/fr\/wp-json\/wp\/v2\/pages\/727\/revisions\/3733"}],"up":[{"embeddable":true,"href":"https:\/\/rdccontrol.com\/fr\/wp-json\/wp\/v2\/pages\/590"}],"wp:attachment":[{"href":"https:\/\/rdccontrol.com\/fr\/wp-json\/wp\/v2\/media?parent=727"}],"curies":[{"name":"wp","href":"https:\/\/api.w.org\/{rel}","templated":true}]}}