{"id":720,"date":"2014-10-03T11:52:21","date_gmt":"2014-10-03T15:52:21","guid":{"rendered":"http:\/\/rdcc.cashin.ca\/?page_id=720"},"modified":"2018-02-06T08:08:56","modified_gmt":"2018-02-06T13:08:56","slug":"quelles-meilleure-gaine-protection-metallique-mon-application","status":"publish","type":"page","link":"https:\/\/rdccontrol.com\/fr\/thermocouple\/thermocouples-101\/introduction-aux-thermocouples\/quelles-meilleure-gaine-protection-metallique-mon-application\/","title":{"rendered":"Quelles est la meilleure gaine de protection m\u00e9tallique pour mon application?"},"content":{"rendered":"<div class=\"wpb-content-wrapper\">[mk_page_section padding_top=\u00a0\u00bb50&Prime; padding_bottom=\u00a0\u00bb50&Prime; el_class=\u00a0\u00bbintro-thermo-section desktop-section\u00a0\u00bb sidebar=\u00a0\u00bbsidebar-1&Prime;][vc_column width=\u00a0\u00bb1\/4&Prime; el_class=\u00a0\u00bbleft-sidebar-column\u00a0\u00bb][mk_custom_sidebar sidebar=\u00a0\u00bbsidebar-19&Prime;][\/vc_column][vc_column width=\u00a0\u00bb3\/4&Prime; el_class=\u00a0\u00bbright-side-column\u00a0\u00bb][vc_row_inner][vc_column_inner el_class=\u00a0\u00bbnumber-icon-column\u00a0\u00bb width=\u00a0\u00bb1\/12&Prime;][mk_image src=\u00a0\u00bbhttp:\/\/rdccontrol.com\/wp-content\/uploads\/2017\/12\/6.png\u00a0\u00bb image_size=\u00a0\u00bbfull\u00a0\u00bb][\/vc_column_inner][vc_column_inner el_class=\u00a0\u00bbnumber-icon-title-column\u00a0\u00bb width=\u00a0\u00bb5\/6&Prime;][vc_column_text css=\u00a0\u00bb.vc_custom_1513339021496{margin-bottom: 0px !important;}\u00a0\u00bb]\n<h2 class=\"icon-h2\">Quelles est la meilleure gaine de protection m\u00e9tallique pour mon application?<\/h2>\n<div class=\"ctm-space\"><\/div>\n[\/vc_column_text][\/vc_column_inner][\/vc_row_inner][vc_column_text css=\u00a0\u00bb.vc_custom_1513339012203{margin-bottom: 0px !important;}\u00a0\u00bb]<img loading=\"lazy\" decoding=\"async\" class=\"alignleft size-full wp-image-216\" src=\"http:\/\/rdccontrol.com\/wp-content\/uploads\/2014\/09\/thermocouple-protection-tube.jpg\" alt=\"\" width=\"250\" height=\"94\" srcset=\"https:\/\/rdccontrol.com\/wp-content\/uploads\/2014\/09\/thermocouple-protection-tube.jpg 250w, https:\/\/rdccontrol.com\/wp-content\/uploads\/2014\/09\/thermocouple-protection-tube-600x225.jpg 600w\" sizes=\"auto, (max-width: 250px) 100vw, 250px\" \/><\/p>\n<p class=\"right-p\">Dans les environnements corrosifs non s\u00e9v\u00e8res et les applications tout usage, les aciers inoxydables 304 et 316 sont habituellement le meilleur choix en consid\u00e9rant le co\u00fbt versus la performance. L\u2019inconel 600 ou l\u2019acier inoxydable 310 sont les meilleurs choix quand les temp\u00e9ratures exc\u00e8dent 899\u00b0C (1650\u00b0F)<\/p>\n[\/vc_column_text][mk_table el_class=\u00a0\u00bbrdc-thermocouple-table\u00a0\u00bb]\n<table class=\"rdc-thermocouple-table\" border=\"1\" cellspacing=\"0\" cellpadding=\"3\">\n<thead>\n<tr>\n<th style=\"background: #EEECDD !important; color: #777777 !important;\" colspan=\"7\"><b style=\"text-transform: none;\">Caract\u00e9risques des mat\u00e9riaux des Gaines M\u00e9talliques (MGO) de Thermocouple.<\/b><\/th>\n<\/tr>\n<tr>\n<th rowspan=\"2\" align=\"center\"><b style=\"text-transform: none;\">Gaine<br \/>\nm\u00e9tallique<\/b><\/th>\n<th colspan=\"2\" align=\"center\"><b style=\"text-transform: none;\">Point<br \/>\nde fusion<\/b><\/th>\n<th colspan=\"2\" align=\"center\"><b style=\"text-transform: none;\">Temp.<br \/>\nmax.<\/b><\/th>\n<th rowspan=\"2\" align=\"left\"><b style=\"text-transform: none;\">Notes<\/b><\/th>\n<\/tr>\n<tr>\n<th align=\"center\"><b>\u00b0C<\/b><\/th>\n<th align=\"center\"><b>\u00b0F<\/b><\/th>\n<th align=\"center\"><b>\u00b0C<\/b><\/th>\n<th align=\"center\"><b>\u00b0F<\/b><\/th>\n<\/tr>\n<\/thead>\n<tbody>\n<tr>\n<td align=\"center\">304SS<\/td>\n<td align=\"center\">1400<\/td>\n<td align=\"center\">2550<\/td>\n<td align=\"center\">900<\/td>\n<td align=\"center\">1650<\/td>\n<td align=\"left\">Acier inoxydable d\u2019utilisation g\u00e9n\u00e9rale.<br \/>\nBonne r\u00e9sistance \u00e0 la corrosion.<\/td>\n<\/tr>\n<tr>\n<td align=\"center\">316SS<\/td>\n<td align=\"center\">1370<\/td>\n<td align=\"center\">2500<\/td>\n<td align=\"center\">1125<\/td>\n<td align=\"center\">1700<\/td>\n<td align=\"left\">Acier inoxydable d\u2019utilisation g\u00e9n\u00e9rale.<br \/>\nR\u00e9sistance sup\u00e9rieure \u00e0 la corrosion.<\/td>\n<\/tr>\n<tr>\n<td align=\"center\">310SS<\/td>\n<td align=\"center\">1400<\/td>\n<td align=\"center\">2550<\/td>\n<td align=\"center\">1150<\/td>\n<td align=\"center\">2100<\/td>\n<td align=\"left\">R\u00e9sistance sup\u00e9rieure \u00e0 la corrosion.<br \/>\nTr\u00e8s r\u00e9sistant aux hautes temp\u00e9rature.<\/td>\n<\/tr>\n<tr>\n<td align=\"center\">446SS<\/td>\n<td align=\"center\">1480<\/td>\n<td align=\"center\">2700<\/td>\n<td align=\"center\">1100<\/td>\n<td align=\"center\">2000<\/td>\n<td align=\"left\">Utilis\u00e9 dans les atmosph\u00e8res sulfureuses.<\/td>\n<\/tr>\n<tr>\n<td align=\"center\">Inconel 600<\/td>\n<td align=\"center\">1400<\/td>\n<td align=\"center\">2550<\/td>\n<td align=\"center\">1150<\/td>\n<td align=\"center\">2100<\/td>\n<td align=\"left\">Excellente r\u00e9sistance \u00e0 l\u2019oxydation et \u00e0 la corrosion \u00e0 haute temp\u00e9rature.<\/td>\n<\/tr>\n<tr>\n<td align=\"center\">Pyrosil D<\/td>\n<td align=\"center\">1420<\/td>\n<td align=\"center\">2585<\/td>\n<td align=\"center\">1250<\/td>\n<td align=\"center\">2280<\/td>\n<td align=\"left\">R\u00e9sistance sup\u00e9rieure \u00e0 l\u2019oxydation que le 310SS &amp; INC 600.<br \/>\nPlus r\u00e9sistant aux hautes temp. que le 310SS &amp; INC 600.<br \/>\nCoefficient d\u2019\u00e9lasticit\u00e9 thermique compatible avec les alliages de nickel (thermocouple type K et N)<\/td>\n<\/tr>\n<\/tbody>\n<\/table>\n[\/mk_table][\/vc_column][\/mk_page_section][mk_page_section padding_top=\u00a0\u00bb50&Prime; padding_bottom=\u00a0\u00bb50&Prime; el_class=\u00a0\u00bbintro-thermo-section mobile-section\u00a0\u00bb sidebar=\u00a0\u00bbsidebar-1&Prime;][vc_column width=\u00a0\u00bb3\/4&Prime; el_class=\u00a0\u00bbright-side-column\u00a0\u00bb][vc_row_inner][vc_column_inner el_class=\u00a0\u00bbnumber-icon-column\u00a0\u00bb width=\u00a0\u00bb1\/12&Prime;][mk_image src=\u00a0\u00bbhttp:\/\/rdccontrol.com\/wp-content\/uploads\/2017\/12\/6.png\u00a0\u00bb image_size=\u00a0\u00bbfull\u00a0\u00bb][\/vc_column_inner][vc_column_inner el_class=\u00a0\u00bbnumber-icon-title-column\u00a0\u00bb width=\u00a0\u00bb5\/6&Prime;][vc_column_text css=\u00a0\u00bb.vc_custom_1513339021496{margin-bottom: 0px !important;}\u00a0\u00bb]\n<h2 class=\"icon-h2\">Quelles est la meilleure gaine de protection m\u00e9tallique pour mon application?<\/h2>\n<div class=\"ctm-space\"><\/div>\n[\/vc_column_text][\/vc_column_inner][\/vc_row_inner][vc_column_text css=\u00a0\u00bb.vc_custom_1513339012203{margin-bottom: 0px !important;}\u00a0\u00bb]<img loading=\"lazy\" decoding=\"async\" class=\"alignleft size-full wp-image-216\" src=\"http:\/\/rdccontrol.com\/wp-content\/uploads\/2014\/09\/thermocouple-protection-tube.jpg\" alt=\"\" width=\"250\" height=\"94\" srcset=\"https:\/\/rdccontrol.com\/wp-content\/uploads\/2014\/09\/thermocouple-protection-tube.jpg 250w, https:\/\/rdccontrol.com\/wp-content\/uploads\/2014\/09\/thermocouple-protection-tube-600x225.jpg 600w\" sizes=\"auto, (max-width: 250px) 100vw, 250px\" \/><\/p>\n<p class=\"right-p\">Dans les environnements corrosifs non s\u00e9v\u00e8res et les applications tout usage, les aciers inoxydables 304 et 316 sont habituellement le meilleur choix en consid\u00e9rant le co\u00fbt versus la performance. L\u2019inconel 600 ou l\u2019acier inoxydable 310 sont les meilleurs choix quand les temp\u00e9ratures exc\u00e8dent 899\u00b0C (1650\u00b0F)<\/p>\n[\/vc_column_text][mk_table el_class=\u00a0\u00bbrdc-thermocouple-table\u00a0\u00bb]\n<table class=\"rdc-thermocouple-table\" border=\"1\" cellspacing=\"0\" cellpadding=\"3\">\n<thead>\n<tr>\n<th style=\"background: #EEECDD !important; color: #777777 !important;\" colspan=\"7\"><b>Caract\u00e9risques des mat\u00e9riaux des Gaines M\u00e9talliques (MGO) de Thermocouple.<\/b><\/th>\n<\/tr>\n<tr>\n<th rowspan=\"2\" align=\"center\"><b>Gaine<br \/>\nm\u00e9tallique<\/b><\/th>\n<th colspan=\"2\" align=\"center\"><b>Point<br \/>\nde fusion<\/b><\/th>\n<th colspan=\"2\" align=\"center\"><b>Temp.<br \/>\nmax.<\/b><\/th>\n<th rowspan=\"2\" align=\"left\"><b>Notes<\/b><\/th>\n<\/tr>\n<tr>\n<th align=\"center\"><b>\u00b0C<\/b><\/th>\n<th align=\"center\"><b>\u00b0F<\/b><\/th>\n<th align=\"center\"><b>\u00b0C<\/b><\/th>\n<th align=\"center\"><b>\u00b0F<\/b><\/th>\n<\/tr>\n<\/thead>\n<tbody>\n<tr>\n<td align=\"center\">304SS<\/td>\n<td align=\"center\">1400<\/td>\n<td align=\"center\">2550<\/td>\n<td align=\"center\">900<\/td>\n<td align=\"center\">1650<\/td>\n<td align=\"left\">Acier inoxydable d\u2019utilisation g\u00e9n\u00e9rale.<br \/>\nBonne r\u00e9sistance \u00e0 la corrosion.<\/td>\n<\/tr>\n<tr>\n<td align=\"center\">316SS<\/td>\n<td align=\"center\">1370<\/td>\n<td align=\"center\">2500<\/td>\n<td align=\"center\">1125<\/td>\n<td align=\"center\">1700<\/td>\n<td align=\"left\">Acier inoxydable d\u2019utilisation g\u00e9n\u00e9rale.<br \/>\nR\u00e9sistance sup\u00e9rieure \u00e0 la corrosion.<\/td>\n<\/tr>\n<tr>\n<td align=\"center\">310SS<\/td>\n<td align=\"center\">1400<\/td>\n<td align=\"center\">2550<\/td>\n<td align=\"center\">1150<\/td>\n<td align=\"center\">2100<\/td>\n<td align=\"left\">R\u00e9sistance sup\u00e9rieure \u00e0 la corrosion.<br \/>\nTr\u00e8s r\u00e9sistant aux hautes temp\u00e9rature.<\/td>\n<\/tr>\n<tr>\n<td align=\"center\">446SS<\/td>\n<td align=\"center\">1480<\/td>\n<td align=\"center\">2700<\/td>\n<td align=\"center\">1100<\/td>\n<td align=\"center\">2000<\/td>\n<td align=\"left\">Utilis\u00e9 dans les atmosph\u00e8res sulfureuses.<\/td>\n<\/tr>\n<tr>\n<td align=\"center\">Inconel 600<\/td>\n<td align=\"center\">1400<\/td>\n<td align=\"center\">2550<\/td>\n<td align=\"center\">1150<\/td>\n<td align=\"center\">2100<\/td>\n<td align=\"left\">Excellente r\u00e9sistance \u00e0 l\u2019oxydation et \u00e0 la corrosion \u00e0 haute temp\u00e9rature.<\/td>\n<\/tr>\n<tr>\n<td align=\"center\">Pyrosil D<\/td>\n<td align=\"center\">1420<\/td>\n<td align=\"center\">2585<\/td>\n<td align=\"center\">1250<\/td>\n<td align=\"center\">2280<\/td>\n<td align=\"left\">R\u00e9sistance sup\u00e9rieure \u00e0 l\u2019oxydation que le 310SS &amp; INC 600.<br \/>\nPlus r\u00e9sistant aux hautes temp. que le 310SS &amp; INC 600.<br \/>\nCoefficient d\u2019\u00e9lasticit\u00e9 thermique compatible avec les alliages de nickel (thermocouple type K et N)<\/td>\n<\/tr>\n<\/tbody>\n<\/table>\n[\/mk_table][\/vc_column][vc_column width=\u00a0\u00bb1\/4&Prime; el_class=\u00a0\u00bbleft-sidebar-column\u00a0\u00bb][mk_custom_sidebar sidebar=\u00a0\u00bbsidebar-19&Prime;][\/vc_column][\/mk_page_section]\n<\/div>","protected":false},"excerpt":{"rendered":"<p>[mk_page_section padding_top=\u00a0\u00bb50&Prime; padding_bottom=\u00a0\u00bb50&Prime; el_class=\u00a0\u00bbintro-thermo-section desktop-section\u00a0\u00bb sidebar=\u00a0\u00bbsidebar-1&Prime;][vc_column width=\u00a0\u00bb1\/4&Prime; el_class=\u00a0\u00bbleft-sidebar-column\u00a0\u00bb][mk_custom_sidebar sidebar=\u00a0\u00bbsidebar-19&Prime;][\/vc_column][vc_column width=\u00a0\u00bb3\/4&Prime; el_class=\u00a0\u00bbright-side-column\u00a0\u00bb][vc_row_inner][vc_column_inner el_class=\u00a0\u00bbnumber-icon-column\u00a0\u00bb width=\u00a0\u00bb1\/12&Prime;][mk_image src=\u00a0\u00bbhttp:\/\/rdccontrol.com\/wp-content\/uploads\/2017\/12\/6.png\u00a0\u00bb image_size=\u00a0\u00bbfull\u00a0\u00bb][\/vc_column_inner][vc_column_inner el_class=\u00a0\u00bbnumber-icon-title-column\u00a0\u00bb width=\u00a0\u00bb5\/6&Prime;][vc_column_text css=\u00a0\u00bb.vc_custom_1513339021496{margin-bottom: 0px !important;}\u00a0\u00bb] Quelles est la meilleure gaine de protection m\u00e9tallique pour mon application? [\/vc_column_text][\/vc_column_inner][\/vc_row_inner][vc_column_text css=\u00a0\u00bb.vc_custom_1513339012203{margin-bottom: 0px !important;}\u00a0\u00bb] Dans les environnements corrosifs non s\u00e9v\u00e8res et les applications tout usage, les aciers inoxydables 304 et 316 sont habituellement le [&hellip;]<\/p>\n","protected":false},"author":1,"featured_media":0,"parent":590,"menu_order":0,"comment_status":"closed","ping_status":"closed","template":"","meta":{"footnotes":""},"class_list":["post-720","page","type-page","status-publish","hentry"],"yoast_head":"<!-- This site is optimized with the Yoast SEO plugin v27.3 - https:\/\/yoast.com\/product\/yoast-seo-wordpress\/ -->\n<title>Quelles est la meilleure gaine de protection m\u00e9tallique pour mon application? - RDC Control<\/title>\n<meta name=\"robots\" content=\"index, follow, max-snippet:-1, max-image-preview:large, max-video-preview:-1\" \/>\n<link rel=\"canonical\" href=\"https:\/\/rdccontrol.com\/fr\/thermocouple\/thermocouples-101\/introduction-aux-thermocouples\/quelles-meilleure-gaine-protection-metallique-mon-application\/\" \/>\n<meta name=\"twitter:label1\" content=\"Dur\u00e9e de lecture estim\u00e9e\" \/>\n\t<meta name=\"twitter:data1\" content=\"3 minutes\" \/>\n<script type=\"application\/ld+json\" class=\"yoast-schema-graph\">{\"@context\":\"https:\\\/\\\/schema.org\",\"@graph\":[{\"@type\":\"WebPage\",\"@id\":\"https:\\\/\\\/rdccontrol.com\\\/fr\\\/thermocouple\\\/thermocouples-101\\\/introduction-aux-thermocouples\\\/quelles-meilleure-gaine-protection-metallique-mon-application\\\/\",\"url\":\"https:\\\/\\\/rdccontrol.com\\\/fr\\\/thermocouple\\\/thermocouples-101\\\/introduction-aux-thermocouples\\\/quelles-meilleure-gaine-protection-metallique-mon-application\\\/\",\"name\":\"Quelles est la meilleure gaine de protection m\u00e9tallique pour mon application? - RDC Control\",\"isPartOf\":{\"@id\":\"https:\\\/\\\/rdccontrol.com\\\/fr\\\/#website\"},\"primaryImageOfPage\":{\"@id\":\"https:\\\/\\\/rdccontrol.com\\\/fr\\\/thermocouple\\\/thermocouples-101\\\/introduction-aux-thermocouples\\\/quelles-meilleure-gaine-protection-metallique-mon-application\\\/#primaryimage\"},\"image\":{\"@id\":\"https:\\\/\\\/rdccontrol.com\\\/fr\\\/thermocouple\\\/thermocouples-101\\\/introduction-aux-thermocouples\\\/quelles-meilleure-gaine-protection-metallique-mon-application\\\/#primaryimage\"},\"thumbnailUrl\":\"http:\\\/\\\/rdccontrol.com\\\/wp-content\\\/uploads\\\/2014\\\/09\\\/thermocouple-protection-tube.jpg\",\"datePublished\":\"2014-10-03T15:52:21+00:00\",\"dateModified\":\"2018-02-06T13:08:56+00:00\",\"breadcrumb\":{\"@id\":\"https:\\\/\\\/rdccontrol.com\\\/fr\\\/thermocouple\\\/thermocouples-101\\\/introduction-aux-thermocouples\\\/quelles-meilleure-gaine-protection-metallique-mon-application\\\/#breadcrumb\"},\"inLanguage\":\"fr-FR\",\"potentialAction\":[{\"@type\":\"ReadAction\",\"target\":[\"https:\\\/\\\/rdccontrol.com\\\/fr\\\/thermocouple\\\/thermocouples-101\\\/introduction-aux-thermocouples\\\/quelles-meilleure-gaine-protection-metallique-mon-application\\\/\"]}]},{\"@type\":\"ImageObject\",\"inLanguage\":\"fr-FR\",\"@id\":\"https:\\\/\\\/rdccontrol.com\\\/fr\\\/thermocouple\\\/thermocouples-101\\\/introduction-aux-thermocouples\\\/quelles-meilleure-gaine-protection-metallique-mon-application\\\/#primaryimage\",\"url\":\"http:\\\/\\\/rdccontrol.com\\\/wp-content\\\/uploads\\\/2014\\\/09\\\/thermocouple-protection-tube.jpg\",\"contentUrl\":\"http:\\\/\\\/rdccontrol.com\\\/wp-content\\\/uploads\\\/2014\\\/09\\\/thermocouple-protection-tube.jpg\"},{\"@type\":\"BreadcrumbList\",\"@id\":\"https:\\\/\\\/rdccontrol.com\\\/fr\\\/thermocouple\\\/thermocouples-101\\\/introduction-aux-thermocouples\\\/quelles-meilleure-gaine-protection-metallique-mon-application\\\/#breadcrumb\",\"itemListElement\":[{\"@type\":\"ListItem\",\"position\":1,\"name\":\"Home\",\"item\":\"https:\\\/\\\/rdccontrol.com\\\/fr\\\/\"},{\"@type\":\"ListItem\",\"position\":2,\"name\":\"Thermocouples\",\"item\":\"https:\\\/\\\/rdccontrol.com\\\/fr\\\/thermocouple\\\/\"},{\"@type\":\"ListItem\",\"position\":3,\"name\":\"Thermocouples 101\",\"item\":\"https:\\\/\\\/rdccontrol.com\\\/fr\\\/thermocouple\\\/thermocouples-101\\\/\"},{\"@type\":\"ListItem\",\"position\":4,\"name\":\"Introduction aux thermocouples\",\"item\":\"https:\\\/\\\/rdccontrol.com\\\/fr\\\/thermocouple\\\/thermocouples-101\\\/introduction-aux-thermocouples\\\/\"},{\"@type\":\"ListItem\",\"position\":5,\"name\":\"Quelles est la meilleure gaine de protection m\u00e9tallique pour mon application?\"}]},{\"@type\":\"WebSite\",\"@id\":\"https:\\\/\\\/rdccontrol.com\\\/fr\\\/#website\",\"url\":\"https:\\\/\\\/rdccontrol.com\\\/fr\\\/\",\"name\":\"RDC Control\",\"description\":\"A perfect alliance between expertise and know-how\",\"publisher\":{\"@id\":\"https:\\\/\\\/rdccontrol.com\\\/fr\\\/#organization\"},\"potentialAction\":[{\"@type\":\"SearchAction\",\"target\":{\"@type\":\"EntryPoint\",\"urlTemplate\":\"https:\\\/\\\/rdccontrol.com\\\/fr\\\/?s={search_term_string}\"},\"query-input\":{\"@type\":\"PropertyValueSpecification\",\"valueRequired\":true,\"valueName\":\"search_term_string\"}}],\"inLanguage\":\"fr-FR\"},{\"@type\":\"Organization\",\"@id\":\"https:\\\/\\\/rdccontrol.com\\\/fr\\\/#organization\",\"name\":\"RDC Control\",\"url\":\"https:\\\/\\\/rdccontrol.com\\\/fr\\\/\",\"logo\":{\"@type\":\"ImageObject\",\"inLanguage\":\"fr-FR\",\"@id\":\"https:\\\/\\\/rdccontrol.com\\\/fr\\\/#\\\/schema\\\/logo\\\/image\\\/\",\"url\":\"http:\\\/\\\/rdccontrol.com\\\/wp-content\\\/uploads\\\/2016\\\/05\\\/Logo_recolored_w.png\",\"contentUrl\":\"http:\\\/\\\/rdccontrol.com\\\/wp-content\\\/uploads\\\/2016\\\/05\\\/Logo_recolored_w.png\",\"width\":330,\"height\":378,\"caption\":\"RDC Control\"},\"image\":{\"@id\":\"https:\\\/\\\/rdccontrol.com\\\/fr\\\/#\\\/schema\\\/logo\\\/image\\\/\"},\"sameAs\":[\"http:\\\/\\\/www.linkedin.com\\\/company\\\/rdc-control-ltd\"]}]}<\/script>\n<!-- \/ Yoast SEO plugin. -->","yoast_head_json":{"title":"Quelles est la meilleure gaine de protection m\u00e9tallique pour mon application? - RDC Control","robots":{"index":"index","follow":"follow","max-snippet":"max-snippet:-1","max-image-preview":"max-image-preview:large","max-video-preview":"max-video-preview:-1"},"canonical":"https:\/\/rdccontrol.com\/fr\/thermocouple\/thermocouples-101\/introduction-aux-thermocouples\/quelles-meilleure-gaine-protection-metallique-mon-application\/","twitter_misc":{"Dur\u00e9e de lecture estim\u00e9e":"3 minutes"},"schema":{"@context":"https:\/\/schema.org","@graph":[{"@type":"WebPage","@id":"https:\/\/rdccontrol.com\/fr\/thermocouple\/thermocouples-101\/introduction-aux-thermocouples\/quelles-meilleure-gaine-protection-metallique-mon-application\/","url":"https:\/\/rdccontrol.com\/fr\/thermocouple\/thermocouples-101\/introduction-aux-thermocouples\/quelles-meilleure-gaine-protection-metallique-mon-application\/","name":"Quelles est la meilleure gaine de protection m\u00e9tallique pour mon application? - RDC Control","isPartOf":{"@id":"https:\/\/rdccontrol.com\/fr\/#website"},"primaryImageOfPage":{"@id":"https:\/\/rdccontrol.com\/fr\/thermocouple\/thermocouples-101\/introduction-aux-thermocouples\/quelles-meilleure-gaine-protection-metallique-mon-application\/#primaryimage"},"image":{"@id":"https:\/\/rdccontrol.com\/fr\/thermocouple\/thermocouples-101\/introduction-aux-thermocouples\/quelles-meilleure-gaine-protection-metallique-mon-application\/#primaryimage"},"thumbnailUrl":"http:\/\/rdccontrol.com\/wp-content\/uploads\/2014\/09\/thermocouple-protection-tube.jpg","datePublished":"2014-10-03T15:52:21+00:00","dateModified":"2018-02-06T13:08:56+00:00","breadcrumb":{"@id":"https:\/\/rdccontrol.com\/fr\/thermocouple\/thermocouples-101\/introduction-aux-thermocouples\/quelles-meilleure-gaine-protection-metallique-mon-application\/#breadcrumb"},"inLanguage":"fr-FR","potentialAction":[{"@type":"ReadAction","target":["https:\/\/rdccontrol.com\/fr\/thermocouple\/thermocouples-101\/introduction-aux-thermocouples\/quelles-meilleure-gaine-protection-metallique-mon-application\/"]}]},{"@type":"ImageObject","inLanguage":"fr-FR","@id":"https:\/\/rdccontrol.com\/fr\/thermocouple\/thermocouples-101\/introduction-aux-thermocouples\/quelles-meilleure-gaine-protection-metallique-mon-application\/#primaryimage","url":"http:\/\/rdccontrol.com\/wp-content\/uploads\/2014\/09\/thermocouple-protection-tube.jpg","contentUrl":"http:\/\/rdccontrol.com\/wp-content\/uploads\/2014\/09\/thermocouple-protection-tube.jpg"},{"@type":"BreadcrumbList","@id":"https:\/\/rdccontrol.com\/fr\/thermocouple\/thermocouples-101\/introduction-aux-thermocouples\/quelles-meilleure-gaine-protection-metallique-mon-application\/#breadcrumb","itemListElement":[{"@type":"ListItem","position":1,"name":"Home","item":"https:\/\/rdccontrol.com\/fr\/"},{"@type":"ListItem","position":2,"name":"Thermocouples","item":"https:\/\/rdccontrol.com\/fr\/thermocouple\/"},{"@type":"ListItem","position":3,"name":"Thermocouples 101","item":"https:\/\/rdccontrol.com\/fr\/thermocouple\/thermocouples-101\/"},{"@type":"ListItem","position":4,"name":"Introduction aux thermocouples","item":"https:\/\/rdccontrol.com\/fr\/thermocouple\/thermocouples-101\/introduction-aux-thermocouples\/"},{"@type":"ListItem","position":5,"name":"Quelles est la meilleure gaine de protection m\u00e9tallique pour mon application?"}]},{"@type":"WebSite","@id":"https:\/\/rdccontrol.com\/fr\/#website","url":"https:\/\/rdccontrol.com\/fr\/","name":"RDC Control","description":"A perfect alliance between expertise and know-how","publisher":{"@id":"https:\/\/rdccontrol.com\/fr\/#organization"},"potentialAction":[{"@type":"SearchAction","target":{"@type":"EntryPoint","urlTemplate":"https:\/\/rdccontrol.com\/fr\/?s={search_term_string}"},"query-input":{"@type":"PropertyValueSpecification","valueRequired":true,"valueName":"search_term_string"}}],"inLanguage":"fr-FR"},{"@type":"Organization","@id":"https:\/\/rdccontrol.com\/fr\/#organization","name":"RDC Control","url":"https:\/\/rdccontrol.com\/fr\/","logo":{"@type":"ImageObject","inLanguage":"fr-FR","@id":"https:\/\/rdccontrol.com\/fr\/#\/schema\/logo\/image\/","url":"http:\/\/rdccontrol.com\/wp-content\/uploads\/2016\/05\/Logo_recolored_w.png","contentUrl":"http:\/\/rdccontrol.com\/wp-content\/uploads\/2016\/05\/Logo_recolored_w.png","width":330,"height":378,"caption":"RDC Control"},"image":{"@id":"https:\/\/rdccontrol.com\/fr\/#\/schema\/logo\/image\/"},"sameAs":["http:\/\/www.linkedin.com\/company\/rdc-control-ltd"]}]}},"_links":{"self":[{"href":"https:\/\/rdccontrol.com\/fr\/wp-json\/wp\/v2\/pages\/720","targetHints":{"allow":["GET"]}}],"collection":[{"href":"https:\/\/rdccontrol.com\/fr\/wp-json\/wp\/v2\/pages"}],"about":[{"href":"https:\/\/rdccontrol.com\/fr\/wp-json\/wp\/v2\/types\/page"}],"author":[{"embeddable":true,"href":"https:\/\/rdccontrol.com\/fr\/wp-json\/wp\/v2\/users\/1"}],"replies":[{"embeddable":true,"href":"https:\/\/rdccontrol.com\/fr\/wp-json\/wp\/v2\/comments?post=720"}],"version-history":[{"count":11,"href":"https:\/\/rdccontrol.com\/fr\/wp-json\/wp\/v2\/pages\/720\/revisions"}],"predecessor-version":[{"id":3735,"href":"https:\/\/rdccontrol.com\/fr\/wp-json\/wp\/v2\/pages\/720\/revisions\/3735"}],"up":[{"embeddable":true,"href":"https:\/\/rdccontrol.com\/fr\/wp-json\/wp\/v2\/pages\/590"}],"wp:attachment":[{"href":"https:\/\/rdccontrol.com\/fr\/wp-json\/wp\/v2\/media?parent=720"}],"curies":[{"name":"wp","href":"https:\/\/api.w.org\/{rel}","templated":true}]}}