{"id":698,"date":"2014-09-30T17:43:54","date_gmt":"2014-09-30T21:43:54","guid":{"rendered":"http:\/\/rdcc.cashin.ca\/?page_id=698"},"modified":"2017-12-16T00:28:31","modified_gmt":"2017-12-16T05:28:31","slug":"signifient-les-designations-lettres-thermocouple","status":"publish","type":"page","link":"https:\/\/rdccontrol.com\/fr\/thermocouple\/thermocouples-101\/introduction-aux-thermocouples\/signifient-les-designations-lettres-thermocouple\/","title":{"rendered":"Que signifient les d\u00e9signations de lettres de thermocouple?"},"content":{"rendered":"<div class=\"wpb-content-wrapper\">[mk_page_section padding_top=\u00a0\u00bb50&Prime; padding_bottom=\u00a0\u00bb50&Prime; el_class=\u00a0\u00bbintro-thermo-section desktop-section\u00a0\u00bb sidebar=\u00a0\u00bbsidebar-1&Prime;][vc_column width=\u00a0\u00bb1\/4&Prime; el_class=\u00a0\u00bbleft-sidebar-column\u00a0\u00bb][mk_custom_sidebar sidebar=\u00a0\u00bbsidebar-19&Prime;][\/vc_column][vc_column width=\u00a0\u00bb3\/4&Prime; el_class=\u00a0\u00bbright-side-column\u00a0\u00bb][vc_row_inner][vc_column_inner el_class=\u00a0\u00bbnumber-icon-column\u00a0\u00bb width=\u00a0\u00bb1\/12&Prime;][mk_image src=\u00a0\u00bbhttp:\/\/rdccontrol.com\/wp-content\/uploads\/2017\/12\/1-1.png\u00a0\u00bb image_size=\u00a0\u00bbfull\u00a0\u00bb][\/vc_column_inner][vc_column_inner el_class=\u00a0\u00bbnumber-icon-title-column\u00a0\u00bb width=\u00a0\u00bb5\/6&Prime;][vc_column_text css=\u00a0\u00bb.vc_custom_1513335213005{margin-bottom: 0px !important;}\u00a0\u00bb]\n<h2 class=\"icon-h2\">Que signifient les d\u00e9signations de lettres de thermocouple?<\/h2>\n<div class=\"ctm-space\"><\/div>\n[\/vc_column_text][\/vc_column_inner][\/vc_row_inner][vc_column_text css=\u00a0\u00bb.vc_custom_1513335180370{margin-bottom: 0px !important;}\u00a0\u00bb]Les thermocouples sont classifi\u00e9s par type de calibration ou lettre d\u00e9sign\u00e9e parce que leurs courbes de force \u00e9lectromotrice versus temp\u00e9rature sont diff\u00e9rentes. Certains produisent plus de force \u00e9lectromotrice \u00e0 basse temp\u00e9rature, alors que d\u2019autres ne commencent pas \u00e0 d\u00e9velopper une tension significative m\u00eame soumis \u00e0 des temp\u00e9ratures \u00e9lev\u00e9es.<\/p>\n<p>En outre, les diff\u00e9rents types de calibration de thermocouple sont con\u00e7us pour g\u00e9n\u00e9rer une courbe de tension vs temp\u00e9rature, la plus lin\u00e9aire possible \u00e0 l\u2019int\u00e9rieur de leur gamme de temp\u00e9ratures d\u2019utilisation. Cette conception facilite d\u2019autant plus, pour les instruments de mesures ou contr\u00f4leur de temp\u00e9rature, la corr\u00e9lation entre le voltage re\u00e7u et l\u2019affichage de la temp\u00e9rature.<\/p>\n<p>En plus, les calibrations de thermocouple ont des niveaux de compatibilit\u00e9s diff\u00e9rents avec diff\u00e9rentes atmosph\u00e8res. Une r\u00e9action chimique entre certain type de thermocouple et l\u2019atmosph\u00e8re de l\u2019application, peut causer une d\u00e9gradation m\u00e9tallurgique des alliages, alors qu\u2019un autre type de calibration serait plus appropri\u00e9 pour les m\u00eames conditions.[\/vc_column_text][mk_table el_class=\u00a0\u00bbthermocouple-table\u00a0\u00bb]\n<table class=\"rdc-thermocouple-table\" cellspacing=\"0\" cellpadding=\"3\">\n<thead>\n<tr>\n<th rowspan=\"2\" align=\"center\" width=\"80\"><b>Lettres<br \/>\nASTM<br \/>\nE-230<\/b><\/th>\n<th rowspan=\"2\" align=\"center\" width=\"250\"><b>Alliages des<br \/>\nConducteurs<\/b><\/th>\n<th colspan=\"2\" align=\"center\" nowrap=\"nowrap\"><b>\u00c9chelle de Temp\u00e9ratures<br \/>\nMinimum et Maximum<\/b><\/th>\n<\/tr>\n<tr>\n<th align=\"center\"><b>\u00b0C<\/b><\/th>\n<th align=\"center\"><b>\u00b0F<\/b><\/th>\n<\/tr>\n<\/thead>\n<tbody>\n<tr>\n<td align=\"center\">B<\/td>\n<td style=\"background-color: #eeecdd; text-align: center;\" align=\"center\"><\/td>\n<td rowspan=\"3\" align=\"center\">870 \u00e0 1700<\/td>\n<td rowspan=\"3\" align=\"center\">1600 \u00e0 3100<\/td>\n<\/tr>\n<tr>\n<td align=\"center\">BP (+)<\/td>\n<td align=\"center\">Pt 30% Rh<\/td>\n<\/tr>\n<tr>\n<td align=\"center\">BN (-)<\/td>\n<td align=\"center\">Pt 6% Rh<\/td>\n<\/tr>\n<tr>\n<td align=\"center\">E<\/td>\n<td style=\"background-color: #eeecdd; text-align: center;\" align=\"center\"><\/td>\n<td rowspan=\"3\" align=\"center\">-200 \u00e0 870<\/td>\n<td rowspan=\"3\" align=\"center\">-328 \u00e0 1600<\/td>\n<\/tr>\n<tr>\n<td align=\"center\">EP (+)<\/td>\n<td align=\"center\">Chromel<\/td>\n<\/tr>\n<tr>\n<td align=\"center\">EN (-)<\/td>\n<td align=\"center\">Constantan<\/td>\n<\/tr>\n<tr>\n<td align=\"center\">J<\/td>\n<td style=\"background-color: #eeecdd; text-align: center;\" align=\"center\"><\/td>\n<td rowspan=\"3\" align=\"center\">0 \u00e0 760<\/td>\n<td rowspan=\"3\" align=\"center\">32 \u00e0 1400<\/td>\n<\/tr>\n<tr>\n<td align=\"center\">JP (+)<\/td>\n<td align=\"center\">Fer<\/td>\n<\/tr>\n<tr>\n<td align=\"center\">JN (-)<\/td>\n<td align=\"center\">Constantan<\/td>\n<\/tr>\n<tr>\n<td align=\"center\">K<\/td>\n<td style=\"background-color: #eeecdd; text-align: center;\" align=\"center\"><\/td>\n<td rowspan=\"3\" align=\"center\">-200 \u00e0 1260<\/td>\n<td rowspan=\"3\" align=\"center\">-328 \u00e0 2300<\/td>\n<\/tr>\n<tr>\n<td align=\"center\">KP (+)<\/td>\n<td align=\"center\">Chromel<\/td>\n<\/tr>\n<tr>\n<td align=\"center\">KN (-)<\/td>\n<td align=\"center\">Alumel<\/td>\n<\/tr>\n<tr>\n<td align=\"center\">N<\/td>\n<td style=\"background-color: #eeecdd; text-align: center;\" align=\"center\"><\/td>\n<td rowspan=\"3\" align=\"center\">0 \u00e0 1260<\/td>\n<td rowspan=\"3\" align=\"center\">32 \u00e0 2300<\/td>\n<\/tr>\n<tr>\n<td align=\"center\">NP (+)<\/td>\n<td align=\"center\">Nicrosil<\/td>\n<\/tr>\n<tr>\n<td align=\"center\">NN (-)<\/td>\n<td align=\"center\">Nisil<\/td>\n<\/tr>\n<tr>\n<td align=\"center\">R<\/td>\n<td style=\"background-color: #eeecdd; text-align: center;\" align=\"center\"><\/td>\n<td rowspan=\"3\" align=\"center\">0 \u00e0 1480<\/td>\n<td rowspan=\"3\" align=\"center\">32 \u00e0 2700<\/td>\n<\/tr>\n<tr>\n<td align=\"center\">RP (+)<\/td>\n<td align=\"center\">Pt 13% Rh<\/td>\n<\/tr>\n<tr>\n<td align=\"center\">RN (-)<\/td>\n<td align=\"center\">Platine pure<\/td>\n<\/tr>\n<tr>\n<td align=\"center\">S<\/td>\n<td style=\"background-color: #eeecdd; text-align: center;\" align=\"center\"><\/td>\n<td rowspan=\"3\" align=\"center\">0 \u00e0 1480<\/td>\n<td rowspan=\"3\" align=\"center\">32 \u00e0 2700<\/td>\n<\/tr>\n<tr>\n<td align=\"center\">SP (+)<\/td>\n<td align=\"center\">Pt 10% Rh<\/td>\n<\/tr>\n<tr>\n<td align=\"center\">SN (-)<\/td>\n<td align=\"center\">Platine pure<\/td>\n<\/tr>\n<tr>\n<td align=\"center\">T<\/td>\n<td style=\"background-color: #eeecdd; text-align: center;\" align=\"center\"><\/td>\n<td rowspan=\"3\" align=\"center\">-200 \u00e0 370<\/td>\n<td rowspan=\"3\" align=\"center\">-328 \u00e0 700<\/td>\n<\/tr>\n<tr>\n<td align=\"center\">TP (+)<\/td>\n<td align=\"center\">Cuivre<\/td>\n<\/tr>\n<tr>\n<td align=\"center\">TN (-)<\/td>\n<td align=\"center\">Constantan<\/td>\n<\/tr>\n<\/tbody>\n<\/table>\n[\/mk_table][mk_fancy_title color=\u00a0\u00bb#78776d\u00a0\u00bb size=\u00a0\u00bb30&Prime; font_weight=\u00a0\u00bb600&Prime; margin_top=\u00a0\u00bb10&Prime; margin_bottom=\u00a0\u00bb0&Prime; font_family=\u00a0\u00bbnone\u00a0\u00bb]Temp\u00e9rature vs Millivolt[\/mk_fancy_title][vc_column_text css=\u00a0\u00bb.vc_custom_1512564678949{margin-bottom: 0px !important;}\u00a0\u00bb]Les types de calibration de thermocouple ont \u00e9t\u00e9 \u00e9tablis par la (ASTM) selon leurs caract\u00e9ristiques de temp\u00e9rature vs force \u00e9lectromotrice en accord avec ITS-90 pour la pr\u00e9cision standard et sp\u00e9ciale.[\/vc_column_text][mk_image src=\u00a0\u00bbhttp:\/\/rdccontrol.com\/wp-content\/uploads\/2014\/09\/Thermo-Milivolts_Temp-Curves.png\u00a0\u00bb image_size=\u00a0\u00bbfull\u00a0\u00bb][\/vc_column][\/mk_page_section][mk_page_section padding_top=\u00a0\u00bb50&Prime; padding_bottom=\u00a0\u00bb50&Prime; el_class=\u00a0\u00bbintro-thermo-section mobile-section\u00a0\u00bb sidebar=\u00a0\u00bbsidebar-1&Prime;][vc_column width=\u00a0\u00bb3\/4&Prime; el_class=\u00a0\u00bbright-side-column\u00a0\u00bb][vc_row_inner][vc_column_inner el_class=\u00a0\u00bbnumber-icon-column\u00a0\u00bb width=\u00a0\u00bb1\/12&Prime;][mk_image src=\u00a0\u00bbhttp:\/\/rdccontrol.com\/wp-content\/uploads\/2017\/12\/1-1.png\u00a0\u00bb image_size=\u00a0\u00bbfull\u00a0\u00bb][\/vc_column_inner][vc_column_inner el_class=\u00a0\u00bbnumber-icon-title-column\u00a0\u00bb width=\u00a0\u00bb5\/6&Prime;][vc_column_text css=\u00a0\u00bb.vc_custom_1513335213005{margin-bottom: 0px !important;}\u00a0\u00bb]\n<h2 class=\"icon-h2\">Que signifient les d\u00e9signations de lettres de thermocouple?<\/h2>\n<div class=\"ctm-space\"><\/div>\n[\/vc_column_text][\/vc_column_inner][\/vc_row_inner][vc_column_text css=\u00a0\u00bb.vc_custom_1513335180370{margin-bottom: 0px !important;}\u00a0\u00bb]Les thermocouples sont classifi\u00e9s par type de calibration ou lettre d\u00e9sign\u00e9e parce que leurs courbes de force \u00e9lectromotrice versus temp\u00e9rature sont diff\u00e9rentes. Certains produisent plus de force \u00e9lectromotrice \u00e0 basse temp\u00e9rature, alors que d\u2019autres ne commencent pas \u00e0 d\u00e9velopper une tension significative m\u00eame soumis \u00e0 des temp\u00e9ratures \u00e9lev\u00e9es.<\/p>\n<p>En outre, les diff\u00e9rents types de calibration de thermocouple sont con\u00e7us pour g\u00e9n\u00e9rer une courbe de tension vs temp\u00e9rature, la plus lin\u00e9aire possible \u00e0 l\u2019int\u00e9rieur de leur gamme de temp\u00e9ratures d\u2019utilisation. Cette conception facilite d\u2019autant plus, pour les instruments de mesures ou contr\u00f4leur de temp\u00e9rature, la corr\u00e9lation entre le voltage re\u00e7u et l\u2019affichage de la temp\u00e9rature.<\/p>\n<p>En plus, les calibrations de thermocouple ont des niveaux de compatibilit\u00e9s diff\u00e9rents avec diff\u00e9rentes atmosph\u00e8res. Une r\u00e9action chimique entre certain type de thermocouple et l\u2019atmosph\u00e8re de l\u2019application, peut causer une d\u00e9gradation m\u00e9tallurgique des alliages, alors qu\u2019un autre type de calibration serait plus appropri\u00e9 pour les m\u00eames conditions.[\/vc_column_text][mk_table el_class=\u00a0\u00bbthermocouple-table\u00a0\u00bb]\n<table class=\"rdc-thermocouple-table\" cellspacing=\"0\" cellpadding=\"3\">\n<thead>\n<tr>\n<th rowspan=\"2\" align=\"center\" width=\"80\"><b>Lettres<br \/>\nASTM<br \/>\nE-230<\/b><\/th>\n<th rowspan=\"2\" align=\"center\" width=\"250\"><b>Alliages des<br \/>\nConducteurs<\/b><\/th>\n<th colspan=\"2\" align=\"center\" nowrap=\"nowrap\"><b>\u00c9chelle de Temp\u00e9ratures<br \/>\nMinimum et Maximum<\/b><\/th>\n<\/tr>\n<tr>\n<th align=\"center\"><b>\u00b0C<\/b><\/th>\n<th align=\"center\"><b>\u00b0F<\/b><\/th>\n<\/tr>\n<\/thead>\n<tbody>\n<tr>\n<td align=\"center\">B<\/td>\n<td style=\"background-color: #eeecdd; text-align: center;\" align=\"center\"><\/td>\n<td rowspan=\"3\" align=\"center\">870 \u00e0 1700<\/td>\n<td rowspan=\"3\" align=\"center\">1600 \u00e0 3100<\/td>\n<\/tr>\n<tr>\n<td align=\"center\">BP (+)<\/td>\n<td align=\"center\">Pt 30% Rh<\/td>\n<\/tr>\n<tr>\n<td align=\"center\">BN (-)<\/td>\n<td align=\"center\">Pt 6% Rh<\/td>\n<\/tr>\n<tr>\n<td align=\"center\">E<\/td>\n<td style=\"background-color: #eeecdd; text-align: center;\" align=\"center\"><\/td>\n<td rowspan=\"3\" align=\"center\">-200 \u00e0 870<\/td>\n<td rowspan=\"3\" align=\"center\">-328 \u00e0 1600<\/td>\n<\/tr>\n<tr>\n<td align=\"center\">EP (+)<\/td>\n<td align=\"center\">Chromel<\/td>\n<\/tr>\n<tr>\n<td align=\"center\">EN (-)<\/td>\n<td align=\"center\">Constantan<\/td>\n<\/tr>\n<tr>\n<td align=\"center\">J<\/td>\n<td style=\"background-color: #eeecdd; text-align: center;\" align=\"center\"><\/td>\n<td rowspan=\"3\" align=\"center\">0 \u00e0 760<\/td>\n<td rowspan=\"3\" align=\"center\">32 \u00e0 1400<\/td>\n<\/tr>\n<tr>\n<td align=\"center\">JP (+)<\/td>\n<td align=\"center\">Fer<\/td>\n<\/tr>\n<tr>\n<td align=\"center\">JN (-)<\/td>\n<td align=\"center\">Constantan<\/td>\n<\/tr>\n<tr>\n<td align=\"center\">K<\/td>\n<td style=\"background-color: #eeecdd; text-align: center;\" align=\"center\"><\/td>\n<td rowspan=\"3\" align=\"center\">-200 \u00e0 1260<\/td>\n<td rowspan=\"3\" align=\"center\">-328 \u00e0 2300<\/td>\n<\/tr>\n<tr>\n<td align=\"center\">KP (+)<\/td>\n<td align=\"center\">Chromel<\/td>\n<\/tr>\n<tr>\n<td align=\"center\">KN (-)<\/td>\n<td align=\"center\">Alumel<\/td>\n<\/tr>\n<tr>\n<td align=\"center\">N<\/td>\n<td style=\"background-color: #eeecdd; text-align: center;\" align=\"center\"><\/td>\n<td rowspan=\"3\" align=\"center\">0 \u00e0 1260<\/td>\n<td rowspan=\"3\" align=\"center\">32 \u00e0 2300<\/td>\n<\/tr>\n<tr>\n<td align=\"center\">NP (+)<\/td>\n<td align=\"center\">Nicrosil<\/td>\n<\/tr>\n<tr>\n<td align=\"center\">NN (-)<\/td>\n<td align=\"center\">Nisil<\/td>\n<\/tr>\n<tr>\n<td align=\"center\">R<\/td>\n<td style=\"background-color: #eeecdd; text-align: center;\" align=\"center\"><\/td>\n<td rowspan=\"3\" align=\"center\">0 \u00e0 1480<\/td>\n<td rowspan=\"3\" align=\"center\">32 \u00e0 2700<\/td>\n<\/tr>\n<tr>\n<td align=\"center\">RP (+)<\/td>\n<td align=\"center\">Pt 13% Rh<\/td>\n<\/tr>\n<tr>\n<td align=\"center\">RN (-)<\/td>\n<td align=\"center\">Platine pure<\/td>\n<\/tr>\n<tr>\n<td align=\"center\">S<\/td>\n<td style=\"background-color: #eeecdd; text-align: center;\" align=\"center\"><\/td>\n<td rowspan=\"3\" align=\"center\">0 \u00e0 1480<\/td>\n<td rowspan=\"3\" align=\"center\">32 \u00e0 2700<\/td>\n<\/tr>\n<tr>\n<td align=\"center\">SP (+)<\/td>\n<td align=\"center\">Pt 10% Rh<\/td>\n<\/tr>\n<tr>\n<td align=\"center\">SN (-)<\/td>\n<td align=\"center\">Platine pure<\/td>\n<\/tr>\n<tr>\n<td align=\"center\">T<\/td>\n<td style=\"background-color: #eeecdd; text-align: center;\" align=\"center\"><\/td>\n<td rowspan=\"3\" align=\"center\">-200 \u00e0 370<\/td>\n<td rowspan=\"3\" align=\"center\">-328 \u00e0 700<\/td>\n<\/tr>\n<tr>\n<td align=\"center\">TP (+)<\/td>\n<td align=\"center\">Cuivre<\/td>\n<\/tr>\n<tr>\n<td align=\"center\">TN (-)<\/td>\n<td align=\"center\">Constantan<\/td>\n<\/tr>\n<\/tbody>\n<\/table>\n[\/mk_table][mk_fancy_title color=\u00a0\u00bb#78776d\u00a0\u00bb size=\u00a0\u00bb30&Prime; font_weight=\u00a0\u00bb600&Prime; margin_top=\u00a0\u00bb10&Prime; margin_bottom=\u00a0\u00bb0&Prime; font_family=\u00a0\u00bbnone\u00a0\u00bb]Temp\u00e9rature vs Millivolt[\/mk_fancy_title][vc_column_text css=\u00a0\u00bb.vc_custom_1512564678949{margin-bottom: 0px !important;}\u00a0\u00bb]Les types de calibration de thermocouple ont \u00e9t\u00e9 \u00e9tablis par la (ASTM) selon leurs caract\u00e9ristiques de temp\u00e9rature vs force \u00e9lectromotrice en accord avec ITS-90 pour la pr\u00e9cision standard et sp\u00e9ciale.[\/vc_column_text][mk_image src=\u00a0\u00bbhttp:\/\/rdccontrol.com\/wp-content\/uploads\/2014\/09\/Thermo-Milivolts_Temp-Curves.png\u00a0\u00bb image_size=\u00a0\u00bbfull\u00a0\u00bb][\/vc_column][vc_column width=\u00a0\u00bb1\/4&Prime; el_class=\u00a0\u00bbleft-sidebar-column\u00a0\u00bb][mk_custom_sidebar sidebar=\u00a0\u00bbsidebar-19&Prime;][\/vc_column][\/mk_page_section]\n<\/div>","protected":false},"excerpt":{"rendered":"<p>[mk_page_section padding_top=\u00a0\u00bb50&Prime; padding_bottom=\u00a0\u00bb50&Prime; el_class=\u00a0\u00bbintro-thermo-section desktop-section\u00a0\u00bb sidebar=\u00a0\u00bbsidebar-1&Prime;][vc_column width=\u00a0\u00bb1\/4&Prime; el_class=\u00a0\u00bbleft-sidebar-column\u00a0\u00bb][mk_custom_sidebar sidebar=\u00a0\u00bbsidebar-19&Prime;][\/vc_column][vc_column width=\u00a0\u00bb3\/4&Prime; el_class=\u00a0\u00bbright-side-column\u00a0\u00bb][vc_row_inner][vc_column_inner el_class=\u00a0\u00bbnumber-icon-column\u00a0\u00bb width=\u00a0\u00bb1\/12&Prime;][mk_image src=\u00a0\u00bbhttp:\/\/rdccontrol.com\/wp-content\/uploads\/2017\/12\/1-1.png\u00a0\u00bb image_size=\u00a0\u00bbfull\u00a0\u00bb][\/vc_column_inner][vc_column_inner el_class=\u00a0\u00bbnumber-icon-title-column\u00a0\u00bb width=\u00a0\u00bb5\/6&Prime;][vc_column_text css=\u00a0\u00bb.vc_custom_1513335213005{margin-bottom: 0px !important;}\u00a0\u00bb] Que signifient les d\u00e9signations de lettres de thermocouple? [\/vc_column_text][\/vc_column_inner][\/vc_row_inner][vc_column_text css=\u00a0\u00bb.vc_custom_1513335180370{margin-bottom: 0px !important;}\u00a0\u00bb]Les thermocouples sont classifi\u00e9s par type de calibration ou lettre d\u00e9sign\u00e9e parce que leurs courbes de force \u00e9lectromotrice versus temp\u00e9rature sont diff\u00e9rentes. Certains produisent [&hellip;]<\/p>\n","protected":false},"author":1,"featured_media":0,"parent":590,"menu_order":18,"comment_status":"closed","ping_status":"closed","template":"","meta":{"footnotes":""},"class_list":["post-698","page","type-page","status-publish","hentry"],"yoast_head":"<!-- This site is optimized with the Yoast SEO plugin v27.3 - https:\/\/yoast.com\/product\/yoast-seo-wordpress\/ -->\n<title>Que signifient les d\u00e9signations de lettres de thermocouple? - RDC Control<\/title>\n<meta name=\"robots\" content=\"index, follow, max-snippet:-1, max-image-preview:large, max-video-preview:-1\" \/>\n<link rel=\"canonical\" href=\"https:\/\/rdccontrol.com\/fr\/thermocouple\/thermocouples-101\/introduction-aux-thermocouples\/signifient-les-designations-lettres-thermocouple\/\" \/>\n<meta name=\"twitter:label1\" content=\"Dur\u00e9e de lecture estim\u00e9e\" \/>\n\t<meta name=\"twitter:data1\" content=\"5 minutes\" \/>\n<script type=\"application\/ld+json\" class=\"yoast-schema-graph\">{\"@context\":\"https:\\\/\\\/schema.org\",\"@graph\":[{\"@type\":\"WebPage\",\"@id\":\"https:\\\/\\\/rdccontrol.com\\\/fr\\\/thermocouple\\\/thermocouples-101\\\/introduction-aux-thermocouples\\\/signifient-les-designations-lettres-thermocouple\\\/\",\"url\":\"https:\\\/\\\/rdccontrol.com\\\/fr\\\/thermocouple\\\/thermocouples-101\\\/introduction-aux-thermocouples\\\/signifient-les-designations-lettres-thermocouple\\\/\",\"name\":\"Que signifient les d\u00e9signations de lettres de thermocouple? - RDC Control\",\"isPartOf\":{\"@id\":\"https:\\\/\\\/rdccontrol.com\\\/fr\\\/#website\"},\"datePublished\":\"2014-09-30T21:43:54+00:00\",\"dateModified\":\"2017-12-16T05:28:31+00:00\",\"breadcrumb\":{\"@id\":\"https:\\\/\\\/rdccontrol.com\\\/fr\\\/thermocouple\\\/thermocouples-101\\\/introduction-aux-thermocouples\\\/signifient-les-designations-lettres-thermocouple\\\/#breadcrumb\"},\"inLanguage\":\"fr-FR\",\"potentialAction\":[{\"@type\":\"ReadAction\",\"target\":[\"https:\\\/\\\/rdccontrol.com\\\/fr\\\/thermocouple\\\/thermocouples-101\\\/introduction-aux-thermocouples\\\/signifient-les-designations-lettres-thermocouple\\\/\"]}]},{\"@type\":\"BreadcrumbList\",\"@id\":\"https:\\\/\\\/rdccontrol.com\\\/fr\\\/thermocouple\\\/thermocouples-101\\\/introduction-aux-thermocouples\\\/signifient-les-designations-lettres-thermocouple\\\/#breadcrumb\",\"itemListElement\":[{\"@type\":\"ListItem\",\"position\":1,\"name\":\"Home\",\"item\":\"https:\\\/\\\/rdccontrol.com\\\/fr\\\/\"},{\"@type\":\"ListItem\",\"position\":2,\"name\":\"Thermocouples\",\"item\":\"https:\\\/\\\/rdccontrol.com\\\/fr\\\/thermocouple\\\/\"},{\"@type\":\"ListItem\",\"position\":3,\"name\":\"Thermocouples 101\",\"item\":\"https:\\\/\\\/rdccontrol.com\\\/fr\\\/thermocouple\\\/thermocouples-101\\\/\"},{\"@type\":\"ListItem\",\"position\":4,\"name\":\"Introduction aux thermocouples\",\"item\":\"https:\\\/\\\/rdccontrol.com\\\/fr\\\/thermocouple\\\/thermocouples-101\\\/introduction-aux-thermocouples\\\/\"},{\"@type\":\"ListItem\",\"position\":5,\"name\":\"Que signifient les d\u00e9signations de lettres de thermocouple?\"}]},{\"@type\":\"WebSite\",\"@id\":\"https:\\\/\\\/rdccontrol.com\\\/fr\\\/#website\",\"url\":\"https:\\\/\\\/rdccontrol.com\\\/fr\\\/\",\"name\":\"RDC Control\",\"description\":\"A perfect alliance between expertise and know-how\",\"publisher\":{\"@id\":\"https:\\\/\\\/rdccontrol.com\\\/fr\\\/#organization\"},\"potentialAction\":[{\"@type\":\"SearchAction\",\"target\":{\"@type\":\"EntryPoint\",\"urlTemplate\":\"https:\\\/\\\/rdccontrol.com\\\/fr\\\/?s={search_term_string}\"},\"query-input\":{\"@type\":\"PropertyValueSpecification\",\"valueRequired\":true,\"valueName\":\"search_term_string\"}}],\"inLanguage\":\"fr-FR\"},{\"@type\":\"Organization\",\"@id\":\"https:\\\/\\\/rdccontrol.com\\\/fr\\\/#organization\",\"name\":\"RDC Control\",\"url\":\"https:\\\/\\\/rdccontrol.com\\\/fr\\\/\",\"logo\":{\"@type\":\"ImageObject\",\"inLanguage\":\"fr-FR\",\"@id\":\"https:\\\/\\\/rdccontrol.com\\\/fr\\\/#\\\/schema\\\/logo\\\/image\\\/\",\"url\":\"http:\\\/\\\/rdccontrol.com\\\/wp-content\\\/uploads\\\/2016\\\/05\\\/Logo_recolored_w.png\",\"contentUrl\":\"http:\\\/\\\/rdccontrol.com\\\/wp-content\\\/uploads\\\/2016\\\/05\\\/Logo_recolored_w.png\",\"width\":330,\"height\":378,\"caption\":\"RDC Control\"},\"image\":{\"@id\":\"https:\\\/\\\/rdccontrol.com\\\/fr\\\/#\\\/schema\\\/logo\\\/image\\\/\"},\"sameAs\":[\"http:\\\/\\\/www.linkedin.com\\\/company\\\/rdc-control-ltd\"]}]}<\/script>\n<!-- \/ Yoast SEO plugin. -->","yoast_head_json":{"title":"Que signifient les d\u00e9signations de lettres de thermocouple? - RDC Control","robots":{"index":"index","follow":"follow","max-snippet":"max-snippet:-1","max-image-preview":"max-image-preview:large","max-video-preview":"max-video-preview:-1"},"canonical":"https:\/\/rdccontrol.com\/fr\/thermocouple\/thermocouples-101\/introduction-aux-thermocouples\/signifient-les-designations-lettres-thermocouple\/","twitter_misc":{"Dur\u00e9e de lecture estim\u00e9e":"5 minutes"},"schema":{"@context":"https:\/\/schema.org","@graph":[{"@type":"WebPage","@id":"https:\/\/rdccontrol.com\/fr\/thermocouple\/thermocouples-101\/introduction-aux-thermocouples\/signifient-les-designations-lettres-thermocouple\/","url":"https:\/\/rdccontrol.com\/fr\/thermocouple\/thermocouples-101\/introduction-aux-thermocouples\/signifient-les-designations-lettres-thermocouple\/","name":"Que signifient les d\u00e9signations de lettres de thermocouple? - RDC Control","isPartOf":{"@id":"https:\/\/rdccontrol.com\/fr\/#website"},"datePublished":"2014-09-30T21:43:54+00:00","dateModified":"2017-12-16T05:28:31+00:00","breadcrumb":{"@id":"https:\/\/rdccontrol.com\/fr\/thermocouple\/thermocouples-101\/introduction-aux-thermocouples\/signifient-les-designations-lettres-thermocouple\/#breadcrumb"},"inLanguage":"fr-FR","potentialAction":[{"@type":"ReadAction","target":["https:\/\/rdccontrol.com\/fr\/thermocouple\/thermocouples-101\/introduction-aux-thermocouples\/signifient-les-designations-lettres-thermocouple\/"]}]},{"@type":"BreadcrumbList","@id":"https:\/\/rdccontrol.com\/fr\/thermocouple\/thermocouples-101\/introduction-aux-thermocouples\/signifient-les-designations-lettres-thermocouple\/#breadcrumb","itemListElement":[{"@type":"ListItem","position":1,"name":"Home","item":"https:\/\/rdccontrol.com\/fr\/"},{"@type":"ListItem","position":2,"name":"Thermocouples","item":"https:\/\/rdccontrol.com\/fr\/thermocouple\/"},{"@type":"ListItem","position":3,"name":"Thermocouples 101","item":"https:\/\/rdccontrol.com\/fr\/thermocouple\/thermocouples-101\/"},{"@type":"ListItem","position":4,"name":"Introduction aux thermocouples","item":"https:\/\/rdccontrol.com\/fr\/thermocouple\/thermocouples-101\/introduction-aux-thermocouples\/"},{"@type":"ListItem","position":5,"name":"Que signifient les d\u00e9signations de lettres de thermocouple?"}]},{"@type":"WebSite","@id":"https:\/\/rdccontrol.com\/fr\/#website","url":"https:\/\/rdccontrol.com\/fr\/","name":"RDC Control","description":"A perfect alliance between expertise and know-how","publisher":{"@id":"https:\/\/rdccontrol.com\/fr\/#organization"},"potentialAction":[{"@type":"SearchAction","target":{"@type":"EntryPoint","urlTemplate":"https:\/\/rdccontrol.com\/fr\/?s={search_term_string}"},"query-input":{"@type":"PropertyValueSpecification","valueRequired":true,"valueName":"search_term_string"}}],"inLanguage":"fr-FR"},{"@type":"Organization","@id":"https:\/\/rdccontrol.com\/fr\/#organization","name":"RDC Control","url":"https:\/\/rdccontrol.com\/fr\/","logo":{"@type":"ImageObject","inLanguage":"fr-FR","@id":"https:\/\/rdccontrol.com\/fr\/#\/schema\/logo\/image\/","url":"http:\/\/rdccontrol.com\/wp-content\/uploads\/2016\/05\/Logo_recolored_w.png","contentUrl":"http:\/\/rdccontrol.com\/wp-content\/uploads\/2016\/05\/Logo_recolored_w.png","width":330,"height":378,"caption":"RDC Control"},"image":{"@id":"https:\/\/rdccontrol.com\/fr\/#\/schema\/logo\/image\/"},"sameAs":["http:\/\/www.linkedin.com\/company\/rdc-control-ltd"]}]}},"_links":{"self":[{"href":"https:\/\/rdccontrol.com\/fr\/wp-json\/wp\/v2\/pages\/698","targetHints":{"allow":["GET"]}}],"collection":[{"href":"https:\/\/rdccontrol.com\/fr\/wp-json\/wp\/v2\/pages"}],"about":[{"href":"https:\/\/rdccontrol.com\/fr\/wp-json\/wp\/v2\/types\/page"}],"author":[{"embeddable":true,"href":"https:\/\/rdccontrol.com\/fr\/wp-json\/wp\/v2\/users\/1"}],"replies":[{"embeddable":true,"href":"https:\/\/rdccontrol.com\/fr\/wp-json\/wp\/v2\/comments?post=698"}],"version-history":[{"count":16,"href":"https:\/\/rdccontrol.com\/fr\/wp-json\/wp\/v2\/pages\/698\/revisions"}],"predecessor-version":[{"id":3248,"href":"https:\/\/rdccontrol.com\/fr\/wp-json\/wp\/v2\/pages\/698\/revisions\/3248"}],"up":[{"embeddable":true,"href":"https:\/\/rdccontrol.com\/fr\/wp-json\/wp\/v2\/pages\/590"}],"wp:attachment":[{"href":"https:\/\/rdccontrol.com\/fr\/wp-json\/wp\/v2\/media?parent=698"}],"curies":[{"name":"wp","href":"https:\/\/api.w.org\/{rel}","templated":true}]}}