{"id":649,"date":"2014-09-27T14:43:23","date_gmt":"2014-09-27T18:43:23","guid":{"rendered":"http:\/\/rdcc.cashin.ca\/?page_id=649"},"modified":"2018-02-22T00:35:35","modified_gmt":"2018-02-22T05:35:35","slug":"types-de-thermocouples","status":"publish","type":"page","link":"https:\/\/rdccontrol.com\/fr\/thermocouple\/thermocouples-101\/types-de-thermocouples\/","title":{"rendered":"Types de thermocouples"},"content":{"rendered":"<div class=\"wpb-content-wrapper\">[mk_page_section padding_top=\u00a0\u00bb50&Prime; padding_bottom=\u00a0\u00bb20&Prime; sidebar=\u00a0\u00bbsidebar-1&Prime;][vc_column][vc_row_inner][vc_column_inner width=\u00a0\u00bb1\/2&Prime;][mk_content_box heading=\u00a0\u00bbThermocouples MGO\u00a0\u00bb el_class=\u00a0\u00bbthermo-types-content-box box-1&Prime;][vc_column_text css=\u00a0\u00bb.vc_custom_1512973372092{margin-bottom: 0px !important;}\u00a0\u00bb]Nos thermocouples MGO r\u00e9pondent rapidement, sont durables et peuvent supporter des temp\u00e9ratures \u00e9lev\u00e9es.[\/vc_column_text][mk_button dimension=\u00a0\u00bbflat\u00a0\u00bb corner_style=\u00a0\u00bbrounded\u00a0\u00bb size=\u00a0\u00bbmedium\u00a0\u00bb url=\u00a0\u00bb\/fr\/thermocouple\/thermocouples-101\/types-de-thermocouples\/thermocouples-mgo\/\u00a0\u00bb el_class=\u00a0\u00bbthermo-types-more-btn\u00a0\u00bb]En savoir plus[\/mk_button][\/mk_content_box][\/vc_column_inner][vc_column_inner width=\u00a0\u00bb1\/2&Prime;][mk_content_box heading=\u00a0\u00bbThermocouples d\u2019application g\u00e9n\u00e9rale\u00a0\u00bb el_class=\u00a0\u00bbthermo-types-content-box box-2&Prime;][vc_column_text css=\u00a0\u00bb.vc_custom_1512974311068{margin-bottom: 0px !important;}\u00a0\u00bb]Flexible avec ba\u00efonnette et ressort ajustable, Flexible avec ba\u00efonnette et ressort ajustable et armure m\u00e9tallique, Rigide, petit ou gros diam\u00e8tre (construction avec fil de thermocouple)\u2026[\/vc_column_text][mk_button dimension=\u00a0\u00bbflat\u00a0\u00bb corner_style=\u00a0\u00bbrounded\u00a0\u00bb size=\u00a0\u00bbmedium\u00a0\u00bb url=\u00a0\u00bb\/fr\/thermocouple\/thermocouples-101\/types-de-thermocouples\/application-generale\/\u00a0\u00bb el_class=\u00a0\u00bbthermo-types-more-btn\u00a0\u00bb]En savoir plus[\/mk_button][\/mk_content_box][\/vc_column_inner][\/vc_row_inner][mk_padding_divider size=\u00a0\u00bb20&Prime;][vc_row_inner][vc_column_inner width=\u00a0\u00bb1\/2&Prime;][mk_content_box heading=\u00a0\u00bbThermocouples pour l\u2019industrie de l\u2019aluminium\u00a0\u00bb el_class=\u00a0\u00bbthermo-types-content-box box-3&Prime;][vc_column_text css=\u00a0\u00bb.vc_custom_1512973982708{margin-bottom: 0px !important;}\u00a0\u00bb]Thermocouple de four, Thermocouple pour cuisson d\u2019anode, Thermocouple pour bain \u00e9lectrolytique\u2026[\/vc_column_text][mk_button dimension=\u00a0\u00bbflat\u00a0\u00bb corner_style=\u00a0\u00bbrounded\u00a0\u00bb size=\u00a0\u00bbmedium\u00a0\u00bb url=\u00a0\u00bb\/fr\/thermocouple\/thermocouples-101\/types-de-thermocouples\/industrie-de-laluminium\/\u00a0\u00bb el_class=\u00a0\u00bbthermo-types-more-btn\u00a0\u00bb]En savoir plus[\/mk_button][\/mk_content_box][\/vc_column_inner][vc_column_inner width=\u00a0\u00bb1\/2&Prime;][mk_content_box heading=\u00a0\u00bbThermocouples pour application industrielle\u00a0\u00bb el_class=\u00a0\u00bbthermo-types-content-box box-4&Prime;][vc_column_text css=\u00a0\u00bb.vc_custom_1512974332316{margin-bottom: 0px !important;}\u00a0\u00bb]Thermocouple avec tube de protection, Thermocouple avec Thermowell, De surface avec \u00ab pad \u00bb\u2026[\/vc_column_text][mk_button dimension=\u00a0\u00bbflat\u00a0\u00bb corner_style=\u00a0\u00bbrounded\u00a0\u00bb size=\u00a0\u00bbmedium\u00a0\u00bb url=\u00a0\u00bb\/fr\/thermocouple\/thermocouples-101\/types-de-thermocouples\/application-industrielle\/\u00a0\u00bb el_class=\u00a0\u00bbthermo-types-more-btn\u00a0\u00bb]En savoir plus[\/mk_button][\/mk_content_box][\/vc_column_inner][\/vc_row_inner][mk_padding_divider size=\u00a0\u00bb20&Prime;][vc_row_inner][vc_column_inner width=\u00a0\u00bb1\/2&Prime;][mk_content_box heading=\u00a0\u00bbThermowell et tube de protection\u00a0\u00bb el_class=\u00a0\u00bbthermo-types-content-box box-5&Prime;][vc_column_text css=\u00a0\u00bb.vc_custom_1512973816915{margin-bottom: 0px !important;}\u00a0\u00bb]Les thermowells ou tubes de protection sont ferm\u00e9 \u00e0 une extrimit\u00e9 souvent cot\u00e9 proc\u00e8d\u00e9 et ouvert cot\u00e9 raccordement.[\/vc_column_text][mk_button dimension=\u00a0\u00bbflat\u00a0\u00bb corner_style=\u00a0\u00bbrounded\u00a0\u00bb size=\u00a0\u00bbmedium\u00a0\u00bb url=\u00a0\u00bb\/fr\/thermocouple\/thermocouples-101\/types-de-thermocouples\/thermowell-et-tube-de-protection\/\u00a0\u00bb el_class=\u00a0\u00bbthermo-types-more-btn\u00a0\u00bb]En savoir plus[\/mk_button][\/mk_content_box][\/vc_column_inner][vc_column_inner width=\u00a0\u00bb1\/2&Prime;][mk_content_box heading=\u00a0\u00bbAccessoires de branchement et de raccordement\u00a0\u00bb el_class=\u00a0\u00bbthermo-types-content-box box-6&Prime;][vc_column_text css=\u00a0\u00bb.vc_custom_1512973833387{margin-bottom: 0px !important;}\u00a0\u00bb]Connecteurs, Bornier de connection, Panneau et bo\u00eete de jonction\u2026[\/vc_column_text][mk_button dimension=\u00a0\u00bbflat\u00a0\u00bb corner_style=\u00a0\u00bbrounded\u00a0\u00bb size=\u00a0\u00bbmedium\u00a0\u00bb url=\u00a0\u00bb\/fr\/thermocouple\/thermocouples-101\/types-de-thermocouples\/accessoires-de-branchement-et-de-raccordement\/\u00a0\u00bb el_class=\u00a0\u00bbthermo-types-more-btn\u00a0\u00bb]En savoir plus[\/mk_button][\/mk_content_box][\/vc_column_inner][\/vc_row_inner][mk_padding_divider][\/vc_column][\/mk_page_section]\n<\/div>","protected":false},"excerpt":{"rendered":"<p>[mk_page_section padding_top=\u00a0\u00bb50&Prime; padding_bottom=\u00a0\u00bb20&Prime; sidebar=\u00a0\u00bbsidebar-1&Prime;][vc_column][vc_row_inner][vc_column_inner width=\u00a0\u00bb1\/2&Prime;][mk_content_box heading=\u00a0\u00bbThermocouples MGO\u00a0\u00bb el_class=\u00a0\u00bbthermo-types-content-box box-1&Prime;][vc_column_text css=\u00a0\u00bb.vc_custom_1512973372092{margin-bottom: 0px !important;}\u00a0\u00bb]Nos thermocouples MGO r\u00e9pondent rapidement, sont durables et peuvent supporter des temp\u00e9ratures \u00e9lev\u00e9es.[\/vc_column_text][mk_button dimension=\u00a0\u00bbflat\u00a0\u00bb corner_style=\u00a0\u00bbrounded\u00a0\u00bb size=\u00a0\u00bbmedium\u00a0\u00bb url=\u00a0\u00bb\/fr\/thermocouple\/thermocouples-101\/types-de-thermocouples\/thermocouples-mgo\/\u00a0\u00bb el_class=\u00a0\u00bbthermo-types-more-btn\u00a0\u00bb]En savoir plus[\/mk_button][\/mk_content_box][\/vc_column_inner][vc_column_inner width=\u00a0\u00bb1\/2&Prime;][mk_content_box heading=\u00a0\u00bbThermocouples d\u2019application g\u00e9n\u00e9rale\u00a0\u00bb el_class=\u00a0\u00bbthermo-types-content-box box-2&Prime;][vc_column_text css=\u00a0\u00bb.vc_custom_1512974311068{margin-bottom: 0px !important;}\u00a0\u00bb]Flexible avec ba\u00efonnette et ressort ajustable, Flexible avec ba\u00efonnette et ressort ajustable et armure m\u00e9tallique, Rigide, [&hellip;]<\/p>\n","protected":false},"author":1,"featured_media":0,"parent":589,"menu_order":30,"comment_status":"closed","ping_status":"closed","template":"","meta":{"footnotes":""},"class_list":["post-649","page","type-page","status-publish","hentry"],"yoast_head":"<!-- This site is optimized with the Yoast SEO plugin v27.3 - https:\/\/yoast.com\/product\/yoast-seo-wordpress\/ -->\n<title>Types de thermocouples - RDC Control<\/title>\n<meta name=\"robots\" content=\"index, follow, max-snippet:-1, max-image-preview:large, max-video-preview:-1\" \/>\n<link rel=\"canonical\" href=\"https:\/\/rdccontrol.com\/fr\/thermocouple\/thermocouples-101\/types-de-thermocouples\/\" \/>\n<meta name=\"twitter:label1\" content=\"Dur\u00e9e de lecture estim\u00e9e\" \/>\n\t<meta name=\"twitter:data1\" content=\"2 minutes\" \/>\n<script type=\"application\/ld+json\" class=\"yoast-schema-graph\">{\"@context\":\"https:\\\/\\\/schema.org\",\"@graph\":[{\"@type\":\"WebPage\",\"@id\":\"https:\\\/\\\/rdccontrol.com\\\/fr\\\/thermocouple\\\/thermocouples-101\\\/types-de-thermocouples\\\/\",\"url\":\"https:\\\/\\\/rdccontrol.com\\\/fr\\\/thermocouple\\\/thermocouples-101\\\/types-de-thermocouples\\\/\",\"name\":\"Types de thermocouples - RDC Control\",\"isPartOf\":{\"@id\":\"https:\\\/\\\/rdccontrol.com\\\/fr\\\/#website\"},\"datePublished\":\"2014-09-27T18:43:23+00:00\",\"dateModified\":\"2018-02-22T05:35:35+00:00\",\"breadcrumb\":{\"@id\":\"https:\\\/\\\/rdccontrol.com\\\/fr\\\/thermocouple\\\/thermocouples-101\\\/types-de-thermocouples\\\/#breadcrumb\"},\"inLanguage\":\"fr-FR\",\"potentialAction\":[{\"@type\":\"ReadAction\",\"target\":[\"https:\\\/\\\/rdccontrol.com\\\/fr\\\/thermocouple\\\/thermocouples-101\\\/types-de-thermocouples\\\/\"]}]},{\"@type\":\"BreadcrumbList\",\"@id\":\"https:\\\/\\\/rdccontrol.com\\\/fr\\\/thermocouple\\\/thermocouples-101\\\/types-de-thermocouples\\\/#breadcrumb\",\"itemListElement\":[{\"@type\":\"ListItem\",\"position\":1,\"name\":\"Home\",\"item\":\"https:\\\/\\\/rdccontrol.com\\\/fr\\\/\"},{\"@type\":\"ListItem\",\"position\":2,\"name\":\"Thermocouples\",\"item\":\"https:\\\/\\\/rdccontrol.com\\\/fr\\\/thermocouple\\\/\"},{\"@type\":\"ListItem\",\"position\":3,\"name\":\"Thermocouples 101\",\"item\":\"https:\\\/\\\/rdccontrol.com\\\/fr\\\/thermocouple\\\/thermocouples-101\\\/\"},{\"@type\":\"ListItem\",\"position\":4,\"name\":\"Types de thermocouples\"}]},{\"@type\":\"WebSite\",\"@id\":\"https:\\\/\\\/rdccontrol.com\\\/fr\\\/#website\",\"url\":\"https:\\\/\\\/rdccontrol.com\\\/fr\\\/\",\"name\":\"RDC Control\",\"description\":\"A perfect alliance between expertise and know-how\",\"publisher\":{\"@id\":\"https:\\\/\\\/rdccontrol.com\\\/fr\\\/#organization\"},\"potentialAction\":[{\"@type\":\"SearchAction\",\"target\":{\"@type\":\"EntryPoint\",\"urlTemplate\":\"https:\\\/\\\/rdccontrol.com\\\/fr\\\/?s={search_term_string}\"},\"query-input\":{\"@type\":\"PropertyValueSpecification\",\"valueRequired\":true,\"valueName\":\"search_term_string\"}}],\"inLanguage\":\"fr-FR\"},{\"@type\":\"Organization\",\"@id\":\"https:\\\/\\\/rdccontrol.com\\\/fr\\\/#organization\",\"name\":\"RDC Control\",\"url\":\"https:\\\/\\\/rdccontrol.com\\\/fr\\\/\",\"logo\":{\"@type\":\"ImageObject\",\"inLanguage\":\"fr-FR\",\"@id\":\"https:\\\/\\\/rdccontrol.com\\\/fr\\\/#\\\/schema\\\/logo\\\/image\\\/\",\"url\":\"http:\\\/\\\/rdccontrol.com\\\/wp-content\\\/uploads\\\/2016\\\/05\\\/Logo_recolored_w.png\",\"contentUrl\":\"http:\\\/\\\/rdccontrol.com\\\/wp-content\\\/uploads\\\/2016\\\/05\\\/Logo_recolored_w.png\",\"width\":330,\"height\":378,\"caption\":\"RDC Control\"},\"image\":{\"@id\":\"https:\\\/\\\/rdccontrol.com\\\/fr\\\/#\\\/schema\\\/logo\\\/image\\\/\"},\"sameAs\":[\"http:\\\/\\\/www.linkedin.com\\\/company\\\/rdc-control-ltd\"]}]}<\/script>\n<!-- \/ Yoast SEO plugin. -->","yoast_head_json":{"title":"Types de thermocouples - RDC Control","robots":{"index":"index","follow":"follow","max-snippet":"max-snippet:-1","max-image-preview":"max-image-preview:large","max-video-preview":"max-video-preview:-1"},"canonical":"https:\/\/rdccontrol.com\/fr\/thermocouple\/thermocouples-101\/types-de-thermocouples\/","twitter_misc":{"Dur\u00e9e de lecture estim\u00e9e":"2 minutes"},"schema":{"@context":"https:\/\/schema.org","@graph":[{"@type":"WebPage","@id":"https:\/\/rdccontrol.com\/fr\/thermocouple\/thermocouples-101\/types-de-thermocouples\/","url":"https:\/\/rdccontrol.com\/fr\/thermocouple\/thermocouples-101\/types-de-thermocouples\/","name":"Types de thermocouples - RDC Control","isPartOf":{"@id":"https:\/\/rdccontrol.com\/fr\/#website"},"datePublished":"2014-09-27T18:43:23+00:00","dateModified":"2018-02-22T05:35:35+00:00","breadcrumb":{"@id":"https:\/\/rdccontrol.com\/fr\/thermocouple\/thermocouples-101\/types-de-thermocouples\/#breadcrumb"},"inLanguage":"fr-FR","potentialAction":[{"@type":"ReadAction","target":["https:\/\/rdccontrol.com\/fr\/thermocouple\/thermocouples-101\/types-de-thermocouples\/"]}]},{"@type":"BreadcrumbList","@id":"https:\/\/rdccontrol.com\/fr\/thermocouple\/thermocouples-101\/types-de-thermocouples\/#breadcrumb","itemListElement":[{"@type":"ListItem","position":1,"name":"Home","item":"https:\/\/rdccontrol.com\/fr\/"},{"@type":"ListItem","position":2,"name":"Thermocouples","item":"https:\/\/rdccontrol.com\/fr\/thermocouple\/"},{"@type":"ListItem","position":3,"name":"Thermocouples 101","item":"https:\/\/rdccontrol.com\/fr\/thermocouple\/thermocouples-101\/"},{"@type":"ListItem","position":4,"name":"Types de thermocouples"}]},{"@type":"WebSite","@id":"https:\/\/rdccontrol.com\/fr\/#website","url":"https:\/\/rdccontrol.com\/fr\/","name":"RDC Control","description":"A perfect alliance between expertise and know-how","publisher":{"@id":"https:\/\/rdccontrol.com\/fr\/#organization"},"potentialAction":[{"@type":"SearchAction","target":{"@type":"EntryPoint","urlTemplate":"https:\/\/rdccontrol.com\/fr\/?s={search_term_string}"},"query-input":{"@type":"PropertyValueSpecification","valueRequired":true,"valueName":"search_term_string"}}],"inLanguage":"fr-FR"},{"@type":"Organization","@id":"https:\/\/rdccontrol.com\/fr\/#organization","name":"RDC Control","url":"https:\/\/rdccontrol.com\/fr\/","logo":{"@type":"ImageObject","inLanguage":"fr-FR","@id":"https:\/\/rdccontrol.com\/fr\/#\/schema\/logo\/image\/","url":"http:\/\/rdccontrol.com\/wp-content\/uploads\/2016\/05\/Logo_recolored_w.png","contentUrl":"http:\/\/rdccontrol.com\/wp-content\/uploads\/2016\/05\/Logo_recolored_w.png","width":330,"height":378,"caption":"RDC Control"},"image":{"@id":"https:\/\/rdccontrol.com\/fr\/#\/schema\/logo\/image\/"},"sameAs":["http:\/\/www.linkedin.com\/company\/rdc-control-ltd"]}]}},"_links":{"self":[{"href":"https:\/\/rdccontrol.com\/fr\/wp-json\/wp\/v2\/pages\/649","targetHints":{"allow":["GET"]}}],"collection":[{"href":"https:\/\/rdccontrol.com\/fr\/wp-json\/wp\/v2\/pages"}],"about":[{"href":"https:\/\/rdccontrol.com\/fr\/wp-json\/wp\/v2\/types\/page"}],"author":[{"embeddable":true,"href":"https:\/\/rdccontrol.com\/fr\/wp-json\/wp\/v2\/users\/1"}],"replies":[{"embeddable":true,"href":"https:\/\/rdccontrol.com\/fr\/wp-json\/wp\/v2\/comments?post=649"}],"version-history":[{"count":23,"href":"https:\/\/rdccontrol.com\/fr\/wp-json\/wp\/v2\/pages\/649\/revisions"}],"predecessor-version":[{"id":3785,"href":"https:\/\/rdccontrol.com\/fr\/wp-json\/wp\/v2\/pages\/649\/revisions\/3785"}],"up":[{"embeddable":true,"href":"https:\/\/rdccontrol.com\/fr\/wp-json\/wp\/v2\/pages\/589"}],"wp:attachment":[{"href":"https:\/\/rdccontrol.com\/fr\/wp-json\/wp\/v2\/media?parent=649"}],"curies":[{"name":"wp","href":"https:\/\/api.w.org\/{rel}","templated":true}]}}