{"id":635,"date":"2014-09-27T12:41:16","date_gmt":"2014-09-27T16:41:16","guid":{"rendered":"http:\/\/rdcc.cashin.ca\/?page_id=635"},"modified":"2018-02-15T02:04:27","modified_gmt":"2018-02-15T07:04:27","slug":"serie-ps","status":"publish","type":"page","link":"https:\/\/rdccontrol.com\/fr\/verins-industriel\/verins-pneumatiques\/serie-ps\/","title":{"rendered":"S\u00e9rie PS"},"content":{"rendered":"<div class=\"wpb-content-wrapper\">[mk_page_section bg_color=\u00a0\u00bb#f4f4f4&Prime; padding_top=\u00a0\u00bb60&Prime; padding_bottom=\u00a0\u00bb40&Prime; sidebar=\u00a0\u00bbsidebar-1&Prime;][vc_column][vc_row_inner][vc_column_inner width=\u00a0\u00bb1\/2&Prime;][mk_padding_divider size=\u00a0\u00bb60&Prime; visibility=\u00a0\u00bbhidden-sm\u00a0\u00bb][mk_padding_divider size=\u00a0\u00bb30&Prime; visibility=\u00a0\u00bbvisible-sm\u00a0\u00bb][mk_fancy_title color=\u00a0\u00bb#78776d\u00a0\u00bb size=\u00a0\u00bb38&Prime; font_weight=\u00a0\u00bb600&Prime; txt_transform=\u00a0\u00bbuppercase\u00a0\u00bb margin_bottom=\u00a0\u00bb0&Prime; font_family=\u00a0\u00bbnone\u00a0\u00bb el_class=\u00a0\u00bbhp-title\u00a0\u00bb]S\u00e9rie PS[\/mk_fancy_title][mk_fancy_title color=\u00a0\u00bb#78776d\u00a0\u00bb size=\u00a0\u00bb32&Prime; font_weight=\u00a0\u00bb500&Prime; margin_bottom=\u00a0\u00bb10&Prime; font_family=\u00a0\u00bbnone\u00a0\u00bb el_class=\u00a0\u00bbhp-subtitle\u00a0\u00bb]V\u00e9rins pneumatiques ultra robustes<br \/>\nPerc\u00e9e 1\u00bd\u201d \u2013 14\u201d[\/mk_fancy_title][vc_column_text css=\u00a0\u00bb.vc_custom_1512475513150{margin-bottom: 0px !important;}\u00a0\u00bb]RDC Contr\u00f4le fabrique la version PS, le m\u00eame v\u00e9rin de grande endurance que la s\u00e9rie PC, mais en acier inoxydable. Les v\u00e9rins de s\u00e9rie PS offrent en plus la r\u00e9sistance \u00e0 la corrosion chimique.[\/vc_column_text][\/vc_column_inner][vc_column_inner width=\u00a0\u00bb1\/2&Prime;][mk_image src=\u00a0\u00bbhttp:\/\/rdccontrol.com\/wp-content\/uploads\/2017\/12\/series_pc_ps_image.png\u00a0\u00bb image_width=\u00a0\u00bb250&Prime; image_height=\u00a0\u00bb323&Prime; link=\u00a0\u00bbhttp:\/\/rdccontrol.com\/wp-content\/uploads\/2014\/10\/Serie_PC_PS_fr.pdf\u00a0\u00bb target=\u00a0\u00bb_blank\u00a0\u00bb caption_location=\u00a0\u00bboutside-image\u00a0\u00bb align=\u00a0\u00bbcenter\u00a0\u00bb el_class=\u00a0\u00bbbrochure-image\u00a0\u00bb][mk_fancy_title color=\u00a0\u00bb#78776d\u00a0\u00bb size=\u00a0\u00bb28&Prime; font_weight=\u00a0\u00bb600&Prime; margin_bottom=\u00a0\u00bb0&Prime; font_family=\u00a0\u00bbnone\u00a0\u00bb align=\u00a0\u00bbcenter\u00a0\u00bb el_class=\u00a0\u00bbhp-title\u00a0\u00bb]PS S\u00e9rie brochure[\/mk_fancy_title][mk_padding_divider size=\u00a0\u00bb5&Prime;][mk_fancy_title color=\u00a0\u00bb#78776d\u00a0\u00bb size=\u00a0\u00bb16&Prime; font_weight=\u00a0\u00bb300&Prime; margin_bottom=\u00a0\u00bb0&Prime; font_family=\u00a0\u00bbnone\u00a0\u00bb align=\u00a0\u00bbcenter\u00a0\u00bb]Veuillez noter que nos brochures sont publi\u00e9es uniquement \u00e0 titre de r\u00e9f\u00e9rence.[\/mk_fancy_title][vc_column_text align=\u00a0\u00bbcenter\u00a0\u00bb el_class=\u00a0\u00bbhp-text-block\u00a0\u00bb css=\u00a0\u00bb.vc_custom_1513398407246{margin-bottom: 0px !important;}\u00a0\u00bb]\nElles sont pr\u00e9sentement mises \u00e0 jour. Veuillez remplir le formulaire ci-dessous pour savoir \u00e0 quel moment les nouvelles brochures seront de nouveaux disponibles.<br \/>\n[\/vc_column_text][\/vc_column_inner][\/vc_row_inner][mk_padding_divider size=\u00a0\u00bb10&Prime;][vc_row_inner][vc_column_inner width=\u00a0\u00bb1\/2&Prime;][mk_fancy_title color=\u00a0\u00bb#78776d\u00a0\u00bb size=\u00a0\u00bb36&Prime; font_weight=\u00a0\u00bb600&Prime; margin_bottom=\u00a0\u00bb6&Prime; font_family=\u00a0\u00bbnone\u00a0\u00bb el_class=\u00a0\u00bbhp-title\u00a0\u00bb]Garniture d\u2019amortisseur \u00e0 clapet int\u00e9gr\u00e9 [\/mk_fancy_title][vc_column_text css=\u00a0\u00bb.vc_custom_1512475556255{margin-bottom: 0px !important;}\u00a0\u00bb]Les amortisseurs (offerts en option) des v\u00e9rins pneumatiques de S\u00e9rie PC et PS sont principalement constitu\u00e9s d\u2019un joint d\u2019\u00e9tanch\u00e9it\u00e9 flottant \u00e0 double action \u00e9liminant les probl\u00e8mes reli\u00e9s au d\u00e9salignement ainsi que la pr\u00e9sence d\u2019un clapet m\u00e9canique de retour n\u00e9cessitant plus d\u2019entretien.<\/p>\n<p>Il permet de d\u00e9tourner, en fin de course, l\u2019\u00e9vacuation de l\u2019air vers l\u2019orifice ajustable pour ainsi former un cousin d\u2019amortissement. Lors du mouvement de retour, ce m\u00eame joint se d\u00e9place sous l\u2019effet de la pression, pour laisser passer l\u2019air jusqu\u2019au piston et ainsi obtenir un mouvement de retour rapide.<\/p>\n<p>Les vis d\u2019ajustement d\u2019amortisseurs de RDC Controle sont sp\u00e9cialement con\u00e7ues avec des filets extra fins (UNEF) afin d\u2019obtenir facilement un ajustement parfait. Elles sont normalement situ\u00e9es sur le c\u00f4t\u00e9 no. 2 des v\u00e9rins \u00e0 l\u2019exception de ceux qui sont dot\u00e9s des formes de montage \u00e0 tourillon (T1, T2 et T3) o\u00f9 elles sont situ\u00e9es sur le c\u00f4t\u00e9 no. 3.[\/vc_column_text][\/vc_column_inner][vc_column_inner width=\u00a0\u00bb1\/2&Prime;][mk_fancy_title color=\u00a0\u00bb#78776d\u00a0\u00bb size=\u00a0\u00bb36&Prime; font_weight=\u00a0\u00bb600&Prime; margin_bottom=\u00a0\u00bb6&Prime; font_family=\u00a0\u00bbnone\u00a0\u00bb el_class=\u00a0\u00bbhp-title\u00a0\u00bb]Bande d\u2019usure de piston standard[\/mk_fancy_title][vc_column_text css=\u00a0\u00bb.vc_custom_1512475567853{margin-bottom: 0px !important;}\u00a0\u00bb]Tous les pistons de v\u00e9rins pneumatiques de S\u00e9rie PC et PS sont<br \/>\nmunis d\u2019un ruban de t\u00e9flon renforci de vitre et de bronze. En plus de permettre un ajustement plus serr\u00e9 du piston, les caract\u00e9ristiques auto lubrifiantes de ce ruban prot\u00e8ge la surface int\u00e9rieure du tube et prolonge la dur\u00e9e de vie du v\u00e9rin. [\/vc_column_text][mk_fancy_title color=\u00a0\u00bb#78776d\u00a0\u00bb size=\u00a0\u00bb36&Prime; font_weight=\u00a0\u00bb600&Prime; margin_bottom=\u00a0\u00bb6&Prime; font_family=\u00a0\u00bbnone\u00a0\u00bb el_class=\u00a0\u00bbhp-title\u00a0\u00bb]Manchon de guidage de type cartouche, d\u00e9vissable avec une simple cl\u00e9[\/mk_fancy_title][vc_column_text css=\u00a0\u00bb.vc_custom_1512475579557{margin-bottom: 0px !important;}\u00a0\u00bb]Les v\u00e9rins comportant une tige de piston de diam\u00e8tre inf\u00e9rieure ou \u00e9gale \u00e0 1 3\/4\u201d sont pourvus d\u2019un manchon facilement retirable pour l\u2019entretien des garnitures d\u2019\u00e9tanch\u00e9it\u00e9 sans avoir \u00e0 d\u00e9monter le v\u00e9rin. De plus, nul besoin d\u2019outils sp\u00e9ciaux; une simple cl\u00e9 suffit. Les v\u00e9rins avec tige de piston sup\u00e9rieure \u00e0 1 3\/4\u201d sont munis d\u2019un manchon sans filet et retenu par une plaque boulonn\u00e9e.<br \/>\nLes v\u00e9rins avec tige de piston sup\u00e9rieure \u00e0 1 3\/4\u201d sont munis d\u2019un manchon sans filet et retenu par une plaque boulonn\u00e9e[\/vc_column_text][\/vc_column_inner][\/vc_row_inner][\/vc_column][\/mk_page_section][vc_row][vc_column][mk_padding_divider][mk_image src=\u00a0\u00bbhttp:\/\/rdccontrol.com\/wp-content\/uploads\/2014\/09\/PS-Cylinder.jpg\u00a0\u00bb image_size=\u00a0\u00bbfull\u00a0\u00bb align=\u00a0\u00bbcenter\u00a0\u00bb][\/vc_column][\/vc_row][mk_page_section bg_color=\u00a0\u00bb#ffffff\u00a0\u00bb bg_stretch=\u00a0\u00bbtrue\u00a0\u00bb padding_top=\u00a0\u00bb30&Prime; padding_bottom=\u00a0\u00bb50&Prime; el_class=\u00a0\u00bbimage-number-description-section\u00a0\u00bb sidebar=\u00a0\u00bbsidebar-1&Prime;][vc_column][vc_row_inner][vc_column_inner width=\u00a0\u00bb1\/3&Prime;][mk_custom_box padding_horizental=\u00a0\u00bb17&Prime; el_class=\u00a0\u00bbhp-series-custom-box box-1&Prime;][mk_icon_box2 icon_type=\u00a0\u00bbimage\u00a0\u00bb icon_size=\u00a0\u00bb48&Prime; icon_image=\u00a0\u00bbhttp:\/\/rdccontrol.com\/wp-content\/uploads\/2017\/12\/1-1.png\u00a0\u00bb title=\u00a0\u00bbJoints d\u2019amortisseur\u00a0\u00bb title_size=\u00a0\u00bb26&Prime; title_weight=\u00a0\u00bbbold\u00a0\u00bb title_color=\u00a0\u00bb#78786d\u00a0\u00bb title_top_padding=\u00a0\u00bb5&Prime; align=\u00a0\u00bbleft\u00a0\u00bb el_class=\u00a0\u00bbhp-custom-icon-box-2&Prime;]Garniture flottante en ur\u00e9thane. Elle sert en m\u00eame temps de clapet pour le d\u00e9part rapide du piston.[\/mk_icon_box2][\/mk_custom_box][\/vc_column_inner][vc_column_inner width=\u00a0\u00bb1\/3&Prime;][mk_custom_box padding_horizental=\u00a0\u00bb17&Prime; el_class=\u00a0\u00bbhp-series-custom-box box-2&Prime; bg_stretch=\u00a0\u00bbtrue\u00a0\u00bb][mk_icon_box2 icon_type=\u00a0\u00bbimage\u00a0\u00bb icon_size=\u00a0\u00bb48&Prime; icon_image=\u00a0\u00bbhttp:\/\/rdccontrol.com\/wp-content\/uploads\/2017\/12\/2-1.png\u00a0\u00bb title=\u00a0\u00bb\u00c9crou Plongeur\u00a0\u00bb title_size=\u00a0\u00bb24&Prime; title_weight=\u00a0\u00bbbold\u00a0\u00bb title_color=\u00a0\u00bb#78786d\u00a0\u00bb title_top_padding=\u00a0\u00bb5&Prime; align=\u00a0\u00bbleft\u00a0\u00bb el_class=\u00a0\u00bbhp-custom-icon-box-2&Prime;]Fabriqu\u00e9 en acier, il sert d\u2019amortisseur et retient le piston sur sa tige. Il est remplac\u00e9 par un \u00e9crou standard lorsque le v\u00e9rin est non amorti.[\/mk_icon_box2][\/mk_custom_box][\/vc_column_inner][vc_column_inner width=\u00a0\u00bb1\/3&Prime;][mk_custom_box padding_horizental=\u00a0\u00bb17&Prime; el_class=\u00a0\u00bbhp-series-custom-box box-3&Prime;][mk_icon_box2 icon_type=\u00a0\u00bbimage\u00a0\u00bb icon_size=\u00a0\u00bb48&Prime; icon_image=\u00a0\u00bbhttp:\/\/rdccontrol.com\/wp-content\/uploads\/2017\/12\/3.png\u00a0\u00bb title=\u00a0\u00bbT\u00eate et pied\u00a0\u00bb title_size=\u00a0\u00bb24&Prime; title_weight=\u00a0\u00bbbold\u00a0\u00bb title_color=\u00a0\u00bb#78786d\u00a0\u00bb title_top_padding=\u00a0\u00bb5&Prime; align=\u00a0\u00bbleft\u00a0\u00bb el_class=\u00a0\u00bbhp-custom-icon-box-2&Prime;]Usin\u00e9s sous contr\u00f4le num\u00e9rique \u00e0 partir de plaques d\u2019acier inoxydable 316L lamin\u00e9es \u00e0 chaud.[\/mk_icon_box2][\/mk_custom_box][\/vc_column_inner][\/vc_row_inner][vc_row_inner][vc_column_inner width=\u00a0\u00bb1\/3&Prime;][mk_custom_box padding_horizental=\u00a0\u00bb17&Prime; el_class=\u00a0\u00bbhp-series-custom-box box-1&Prime;][mk_icon_box2 icon_type=\u00a0\u00bbimage\u00a0\u00bb icon_size=\u00a0\u00bb48&Prime; icon_image=\u00a0\u00bbhttp:\/\/rdccontrol.com\/wp-content\/uploads\/2017\/12\/4.png\u00a0\u00bb title=\u00a0\u00bbObturateur du corps\u00a0\u00bb title_size=\u00a0\u00bb24&Prime; title_weight=\u00a0\u00bbbold\u00a0\u00bb title_color=\u00a0\u00bb#78786d\u00a0\u00bb title_top_padding=\u00a0\u00bb5&Prime; align=\u00a0\u00bbleft\u00a0\u00bb el_class=\u00a0\u00bbhp-custom-icon-box-2&Prime;]Joint torique en nitrile.[\/mk_icon_box2][\/mk_custom_box][\/vc_column_inner][vc_column_inner width=\u00a0\u00bb1\/3&Prime;][mk_custom_box padding_horizental=\u00a0\u00bb17&Prime; el_class=\u00a0\u00bbhp-series-custom-box box-2&Prime; bg_stretch=\u00a0\u00bbtrue\u00a0\u00bb][mk_icon_box2 icon_type=\u00a0\u00bbimage\u00a0\u00bb icon_size=\u00a0\u00bb48&Prime; icon_image=\u00a0\u00bbhttp:\/\/rdccontrol.com\/wp-content\/uploads\/2017\/12\/5.png\u00a0\u00bb title=\u00a0\u00bbJoints de piston\u00a0\u00bb title_size=\u00a0\u00bb26&Prime; title_weight=\u00a0\u00bbbold\u00a0\u00bb title_color=\u00a0\u00bb#78786d\u00a0\u00bb title_top_padding=\u00a0\u00bb5&Prime; align=\u00a0\u00bbleft\u00a0\u00bb el_class=\u00a0\u00bbhp-custom-icon-box-2&Prime;]2 coupelles \u00e0 double l\u00e8vres actionn\u00e9es par la pression pour une meilleure \u00e9tanch\u00e9it\u00e9 et long\u00e9vit\u00e9.[\/mk_icon_box2][\/mk_custom_box][\/vc_column_inner][vc_column_inner width=\u00a0\u00bb1\/3&Prime;][mk_custom_box padding_horizental=\u00a0\u00bb17&Prime; el_class=\u00a0\u00bbhp-series-custom-box box-3&Prime;][mk_icon_box2 icon_type=\u00a0\u00bbimage\u00a0\u00bb icon_size=\u00a0\u00bb48&Prime; icon_image=\u00a0\u00bbhttp:\/\/rdccontrol.com\/wp-content\/uploads\/2017\/12\/6.png\u00a0\u00bb title=\u00a0\u00bbCorps du v\u00e9rin\u00a0\u00bb title_size=\u00a0\u00bb24&Prime; title_weight=\u00a0\u00bbbold\u00a0\u00bb title_color=\u00a0\u00bb#78786d\u00a0\u00bb title_top_padding=\u00a0\u00bb5&Prime; align=\u00a0\u00bbleft\u00a0\u00bb el_class=\u00a0\u00bbhp-custom-icon-box-2&Prime;]Tube \u00e0 paroi robuste en acier inoxydable 316 avec int\u00e9rieur poli et chrom\u00e9.[\/mk_icon_box2][\/mk_custom_box][\/vc_column_inner][\/vc_row_inner][vc_row_inner][vc_column_inner width=\u00a0\u00bb1\/3&Prime;][mk_custom_box padding_horizental=\u00a0\u00bb17&Prime; el_class=\u00a0\u00bbhp-series-custom-box box-1&Prime;][mk_icon_box2 icon_type=\u00a0\u00bbimage\u00a0\u00bb icon_size=\u00a0\u00bb48&Prime; icon_image=\u00a0\u00bbhttp:\/\/rdccontrol.com\/wp-content\/uploads\/2017\/12\/7.png\u00a0\u00bb title=\u00a0\u00bbTirants de retenu et \u00e9crous\u00a0\u00bb title_size=\u00a0\u00bb24&Prime; title_weight=\u00a0\u00bbbold\u00a0\u00bb title_color=\u00a0\u00bb#78786d\u00a0\u00bb title_top_padding=\u00a0\u00bb5&Prime; align=\u00a0\u00bbleft\u00a0\u00bb el_class=\u00a0\u00bbhp-custom-icon-box-2&Prime;]Acier inoxydable 303 \u00e0 haute r\u00e9sistance \u00e0 la traction. \u00c9crous en acier inoxydable.[\/mk_icon_box2][\/mk_custom_box][\/vc_column_inner][vc_column_inner width=\u00a0\u00bb1\/3&Prime;][mk_custom_box padding_horizental=\u00a0\u00bb17&Prime; el_class=\u00a0\u00bbhp-series-custom-box box-2&Prime; bg_stretch=\u00a0\u00bbtrue\u00a0\u00bb][mk_icon_box2 icon_type=\u00a0\u00bbimage\u00a0\u00bb icon_size=\u00a0\u00bb48&Prime; icon_image=\u00a0\u00bbhttp:\/\/rdccontrol.com\/wp-content\/uploads\/2017\/12\/8.png\u00a0\u00bb title=\u00a0\u00bbManchon de guidage\u00a0\u00bb title_size=\u00a0\u00bb24&Prime; title_weight=\u00a0\u00bbbold\u00a0\u00bb title_color=\u00a0\u00bb#78786d\u00a0\u00bb title_top_padding=\u00a0\u00bb5&Prime; align=\u00a0\u00bbleft\u00a0\u00bb el_class=\u00a0\u00bbhp-custom-icon-box-2&Prime;]Fabriqu\u00e9 en delrin, il est de type cartouche pour faciliter le remplacement des garnitures d\u2019\u00e9tanch\u00e9it\u00e9 sans avoir \u00e0 d\u00e9monter le v\u00e9rin. De plus, il ne n\u00e9cesite aucun outil sp\u00e9cial.[\/mk_icon_box2][\/mk_custom_box][\/vc_column_inner][vc_column_inner width=\u00a0\u00bb1\/3&Prime;][mk_custom_box padding_horizental=\u00a0\u00bb17&Prime; el_class=\u00a0\u00bbhp-series-custom-box box-3&Prime;][mk_icon_box2 icon_type=\u00a0\u00bbimage\u00a0\u00bb icon_size=\u00a0\u00bb48&Prime; icon_image=\u00a0\u00bbhttp:\/\/rdccontrol.com\/wp-content\/uploads\/2017\/12\/9.png\u00a0\u00bb title=\u00a0\u00bbTige du piston\u00a0\u00bb title_size=\u00a0\u00bb26&Prime; title_weight=\u00a0\u00bbbold\u00a0\u00bb title_color=\u00a0\u00bb#78786d\u00a0\u00bb title_top_padding=\u00a0\u00bb5&Prime; align=\u00a0\u00bbleft\u00a0\u00bb el_class=\u00a0\u00bbhp-custom-icon-box-2&Prime;]Barre d\u2019acier inoxydable 316 polie et durcie d\u2019un rev\u00eatement de chrome.[\/mk_icon_box2][\/mk_custom_box][\/vc_column_inner][\/vc_row_inner][vc_row_inner][vc_column_inner width=\u00a0\u00bb1\/3&Prime;][mk_custom_box padding_horizental=\u00a0\u00bb17&Prime; el_class=\u00a0\u00bbhp-series-custom-box box-1&Prime;][mk_icon_box2 icon_type=\u00a0\u00bbimage\u00a0\u00bb icon_size=\u00a0\u00bb48&Prime; icon_image=\u00a0\u00bbhttp:\/\/rdccontrol.com\/wp-content\/uploads\/2017\/12\/10.png\u00a0\u00bb title=\u00a0\u00bbBande d\u2019usure du piston\u00a0\u00bb title_size=\u00a0\u00bb24&Prime; title_weight=\u00a0\u00bbbold\u00a0\u00bb title_color=\u00a0\u00bb#78786d\u00a0\u00bb title_top_padding=\u00a0\u00bb5&Prime; align=\u00a0\u00bbleft\u00a0\u00bb el_class=\u00a0\u00bbhp-custom-icon-box-2&Prime;]Ruban de t\u00e9flon renforci de micro-particules de bronze et de verre. Elle permet un ajustement plus serr\u00e9 du piston ainsi qu\u2019un meilleur glissement.[\/mk_icon_box2][\/mk_custom_box][\/vc_column_inner][vc_column_inner width=\u00a0\u00bb1\/3&Prime;][mk_custom_box padding_horizental=\u00a0\u00bb17&Prime; el_class=\u00a0\u00bbhp-series-custom-box box-2&Prime; bg_stretch=\u00a0\u00bbtrue\u00a0\u00bb][mk_icon_box2 icon_type=\u00a0\u00bbimage\u00a0\u00bb icon_size=\u00a0\u00bb48&Prime; icon_image=\u00a0\u00bbhttp:\/\/rdccontrol.com\/wp-content\/uploads\/2017\/12\/11.png\u00a0\u00bb title=\u00a0\u00bbPiston\u00a0\u00bb title_size=\u00a0\u00bb24&Prime; title_weight=\u00a0\u00bbbold\u00a0\u00bb title_color=\u00a0\u00bb#78786d\u00a0\u00bb title_top_padding=\u00a0\u00bb5&Prime; align=\u00a0\u00bbleft\u00a0\u00bb el_class=\u00a0\u00bbhp-custom-icon-box-2&Prime;]<strong>Perc\u00e9es de 3 1\/4 \u00e0 8\u201d:<\/strong><br \/>\nUsin\u00e9 sous contr\u00f4le num\u00e9rique \u00e0 partir de barre d\u2019aluminium \u00e0 haute r\u00e9sistance \u00e0 la traction (6061-T6).<br \/>\n<strong>Perc\u00e9es de 10\u201d \u00e0 14\u201d:<\/strong><br \/>\nFabriqu\u00e9 en acier de haute qualit\u00e9.[\/mk_icon_box2][\/mk_custom_box][\/vc_column_inner][vc_column_inner width=\u00a0\u00bb1\/3&Prime;][mk_custom_box padding_horizental=\u00a0\u00bb17&Prime; el_class=\u00a0\u00bbhp-series-custom-box box-3&Prime;][mk_icon_box2 icon_type=\u00a0\u00bbimage\u00a0\u00bb icon_size=\u00a0\u00bb48&Prime; icon_image=\u00a0\u00bbhttp:\/\/rdccontrol.com\/wp-content\/uploads\/2017\/12\/12.png\u00a0\u00bb title=\u00a0\u00bbPlongeur\u00a0\u00bb title_size=\u00a0\u00bb24&Prime; title_weight=\u00a0\u00bbbold\u00a0\u00bb title_color=\u00a0\u00bb#78786d\u00a0\u00bb title_top_padding=\u00a0\u00bb5&Prime; align=\u00a0\u00bbleft\u00a0\u00bb el_class=\u00a0\u00bbhp-custom-icon-box-2&Prime;]Acier doux. Ajustement l\u00e9g\u00e8rement flottant pour auto-centrage de l\u2019amortisseur.[\/mk_icon_box2][\/mk_custom_box][\/vc_column_inner][\/vc_row_inner][vc_row_inner][vc_column_inner width=\u00a0\u00bb1\/3&Prime;][mk_custom_box padding_horizental=\u00a0\u00bb17&Prime; el_class=\u00a0\u00bbhp-series-custom-box box-1&Prime;][mk_icon_box2 icon_type=\u00a0\u00bbimage\u00a0\u00bb icon_size=\u00a0\u00bb48&Prime; icon_image=\u00a0\u00bbhttp:\/\/rdccontrol.com\/wp-content\/uploads\/2017\/12\/13.png\u00a0\u00bb title=\u00a0\u00bbVis d\u2019ajustement d\u2019amortisseur\u00a0\u00bb title_size=\u00a0\u00bb24&Prime; title_weight=\u00a0\u00bbbold\u00a0\u00bb title_color=\u00a0\u00bb#78786d\u00a0\u00bb title_top_padding=\u00a0\u00bb5&Prime; align=\u00a0\u00bbleft\u00a0\u00bb el_class=\u00a0\u00bbhp-custom-icon-box-2&Prime;]Fabriqu\u00e9e en acier inoxydable 303 et munie de filets extra-fins.[\/mk_icon_box2][\/mk_custom_box][\/vc_column_inner][vc_column_inner width=\u00a0\u00bb1\/3&Prime;][mk_custom_box padding_horizental=\u00a0\u00bb17&Prime; el_class=\u00a0\u00bbhp-series-custom-box box-2&Prime; bg_stretch=\u00a0\u00bbtrue\u00a0\u00bb][mk_icon_box2 icon_type=\u00a0\u00bbimage\u00a0\u00bb icon_size=\u00a0\u00bb48&Prime; icon_image=\u00a0\u00bbhttp:\/\/rdccontrol.com\/wp-content\/uploads\/2017\/12\/14.png\u00a0\u00bb title=\u00a0\u00bbGarnitures d\u2019\u00e9tanch\u00e9it\u00e9\u00a0\u00bb title_size=\u00a0\u00bb24&Prime; title_weight=\u00a0\u00bbbold\u00a0\u00bb title_color=\u00a0\u00bb#78786d\u00a0\u00bb title_top_padding=\u00a0\u00bb5&Prime; align=\u00a0\u00bbleft\u00a0\u00bb el_class=\u00a0\u00bbhp-custom-icon-box-2&Prime;]COUPELLE EN \u201cU\u201d ET JOINT TORIQUE pour plus de fiabilit\u00e9. Elles sont offertes de fa\u00e7on standard en nitrile de haute qualit\u00e9 r\u00e9sistant \u00e0 des temp\u00e9ratures de -34\u00b0C (-30\u00b0F) \u00e0 80\u00b0C (180\u00b0F). Elles peuvent \u00eatre remplac\u00e9es \u00e0 la demande par du fluorocarbone (viton) pour des temp\u00e9ratures jusqu\u2019\u00e0 250\u00b0C (450\u00b0F).[\/mk_icon_box2][\/mk_custom_box][\/vc_column_inner][vc_column_inner width=\u00a0\u00bb1\/3&Prime;][mk_custom_box padding_horizental=\u00a0\u00bb17&Prime; el_class=\u00a0\u00bbhp-series-custom-box box-3&Prime;][mk_icon_box2 icon_type=\u00a0\u00bbimage\u00a0\u00bb icon_size=\u00a0\u00bb48&Prime; icon_image=\u00a0\u00bbhttp:\/\/rdccontrol.com\/wp-content\/uploads\/2017\/12\/15.png\u00a0\u00bb title=\u00a0\u00bbFrotteur de tige\u00a0\u00bb title_size=\u00a0\u00bb24&Prime; title_weight=\u00a0\u00bbbold\u00a0\u00bb title_color=\u00a0\u00bb#78786d\u00a0\u00bb title_top_padding=\u00a0\u00bb5&Prime; align=\u00a0\u00bbleft\u00a0\u00bb el_class=\u00a0\u00bbhp-custom-icon-box-2&Prime;]Emp\u00eache les poussi\u00e8res de p\u00e9n\u00e9trer \u00e0 l\u2019int\u00e9rieur. Il est offert de fa\u00e7on standard en polyur\u00e9thane. On le remplace par du viton pour les hautes temp\u00e9ratures.[\/mk_icon_box2][\/mk_custom_box][\/vc_column_inner][\/vc_row_inner][\/vc_column][\/mk_page_section]\n<\/div>","protected":false},"excerpt":{"rendered":"<p>[mk_page_section bg_color=\u00a0\u00bb#f4f4f4&Prime; padding_top=\u00a0\u00bb60&Prime; padding_bottom=\u00a0\u00bb40&Prime; sidebar=\u00a0\u00bbsidebar-1&Prime;][vc_column][vc_row_inner][vc_column_inner width=\u00a0\u00bb1\/2&Prime;][mk_padding_divider size=\u00a0\u00bb60&Prime; visibility=\u00a0\u00bbhidden-sm\u00a0\u00bb][mk_padding_divider size=\u00a0\u00bb30&Prime; visibility=\u00a0\u00bbvisible-sm\u00a0\u00bb][mk_fancy_title color=\u00a0\u00bb#78776d\u00a0\u00bb size=\u00a0\u00bb38&Prime; font_weight=\u00a0\u00bb600&Prime; txt_transform=\u00a0\u00bbuppercase\u00a0\u00bb margin_bottom=\u00a0\u00bb0&Prime; font_family=\u00a0\u00bbnone\u00a0\u00bb el_class=\u00a0\u00bbhp-title\u00a0\u00bb]S\u00e9rie PS[\/mk_fancy_title][mk_fancy_title color=\u00a0\u00bb#78776d\u00a0\u00bb size=\u00a0\u00bb32&Prime; font_weight=\u00a0\u00bb500&Prime; margin_bottom=\u00a0\u00bb10&Prime; font_family=\u00a0\u00bbnone\u00a0\u00bb el_class=\u00a0\u00bbhp-subtitle\u00a0\u00bb]V\u00e9rins pneumatiques ultra robustes Perc\u00e9e 1\u00bd\u201d \u2013 14\u201d[\/mk_fancy_title][vc_column_text css=\u00a0\u00bb.vc_custom_1512475513150{margin-bottom: 0px !important;}\u00a0\u00bb]RDC Contr\u00f4le fabrique la version PS, le m\u00eame v\u00e9rin de grande endurance que la s\u00e9rie PC, mais en acier inoxydable. Les v\u00e9rins [&hellip;]<\/p>\n","protected":false},"author":1,"featured_media":0,"parent":607,"menu_order":6,"comment_status":"closed","ping_status":"closed","template":"","meta":{"footnotes":""},"class_list":["post-635","page","type-page","status-publish","hentry"],"_links":{"self":[{"href":"https:\/\/rdccontrol.com\/fr\/wp-json\/wp\/v2\/pages\/635","targetHints":{"allow":["GET"]}}],"collection":[{"href":"https:\/\/rdccontrol.com\/fr\/wp-json\/wp\/v2\/pages"}],"about":[{"href":"https:\/\/rdccontrol.com\/fr\/wp-json\/wp\/v2\/types\/page"}],"author":[{"embeddable":true,"href":"https:\/\/rdccontrol.com\/fr\/wp-json\/wp\/v2\/users\/1"}],"replies":[{"embeddable":true,"href":"https:\/\/rdccontrol.com\/fr\/wp-json\/wp\/v2\/comments?post=635"}],"version-history":[{"count":62,"href":"https:\/\/rdccontrol.com\/fr\/wp-json\/wp\/v2\/pages\/635\/revisions"}],"predecessor-version":[{"id":3750,"href":"https:\/\/rdccontrol.com\/fr\/wp-json\/wp\/v2\/pages\/635\/revisions\/3750"}],"up":[{"embeddable":true,"href":"https:\/\/rdccontrol.com\/fr\/wp-json\/wp\/v2\/pages\/607"}],"wp:attachment":[{"href":"https:\/\/rdccontrol.com\/fr\/wp-json\/wp\/v2\/media?parent=635"}],"curies":[{"name":"wp","href":"https:\/\/api.w.org\/{rel}","templated":true}]}}