{"id":623,"date":"2014-09-23T10:24:49","date_gmt":"2014-09-23T14:24:49","guid":{"rendered":"http:\/\/rdcc.cashin.ca\/?page_id=623"},"modified":"2018-02-06T07:08:53","modified_gmt":"2018-02-06T12:08:53","slug":"actionneurs-hydrauliques","status":"publish","type":"page","link":"https:\/\/rdccontrol.com\/fr\/actionneurs-de-vannes\/actionneurs-hydrauliques\/","title":{"rendered":"Actionneurs hydrauliques"},"content":{"rendered":"<div class=\"wpb-content-wrapper\">[mk_page_section bg_color=\u00a0\u00bb#f4f4f4&Prime; padding_top=\u00a0\u00bb60&Prime; padding_bottom=\u00a0\u00bb30&Prime; sidebar=\u00a0\u00bbsidebar-1&Prime;][vc_column][vc_row_inner][vc_column_inner width=\u00a0\u00bb1\/2&Prime;][mk_fancy_title color=\u00a0\u00bb#78776d\u00a0\u00bb size=\u00a0\u00bb38&Prime; font_weight=\u00a0\u00bb600&Prime; txt_transform=\u00a0\u00bbuppercase\u00a0\u00bb margin_bottom=\u00a0\u00bb0&Prime; font_family=\u00a0\u00bbnone\u00a0\u00bb el_class=\u00a0\u00bbhp-title\u00a0\u00bb]S\u00e9rie HP3000[\/mk_fancy_title][mk_fancy_title color=\u00a0\u00bb#78776d\u00a0\u00bb size=\u00a0\u00bb32&Prime; font_weight=\u00a0\u00bb500&Prime; margin_bottom=\u00a0\u00bb10&Prime; font_family=\u00a0\u00bbnone\u00a0\u00bb el_class=\u00a0\u00bbhp-subtitle\u00a0\u00bb]V\u00e9rins hydrauliques pour actionneurs de vannes<br \/>\nPerc\u00e9e : 1 \u00bd\u201d \u2013 14\u201d[\/mk_fancy_title][vc_column_text css=\u00a0\u00bb.vc_custom_1512449964490{margin-bottom: 0px !important;}\u00a0\u00bb]Les v\u00e9rins hydrauliques de s\u00e9rie HP sont con\u00e7us pour fonctionner dans les pires conditions d\u2019utilisation. Il r\u00e9pondent aux normes de la N.F.P.A. Pour les v\u00e9rins ultra-robustes de pression nominale de 3000 psi et sont parfaitement interchangeables avec les autres v\u00e9rins de cette cat\u00e9gorie. Ils sont offerts en 9 perc\u00e9es, de 1 1\/2\u2033 \u00e0 14\u2033 ainsi qu\u2019en 18 formes de montages dff\u00e9rentes.<\/p>\n<p>Ces mod\u00e8les sont parfaitement interchangeables avec d\u2019autres v\u00e9rins de la m\u00eame cat\u00e9gorie. Communiquez avec nous pour des al\u00e9sages de plus grande taille. Communiquez avec nous pour des al\u00e9sages de plus grandes dimensions. Chez RDC Contr\u00f4le Lt\u00e9e nous choisissons les mat\u00e9riaux de la meilleure qualit\u00e9 disponible pour la fabrication de nos v\u00e9rins. Les composantes de la s\u00e9rie HP3000 sont fabriqu\u00e9es avec les \u00e9quipements de pr\u00e9cision les plus perfectionn\u00e9s. Chaque v\u00e9rin est assembl\u00e9 et test\u00e9 individuellement dans les conditions de qualit\u00e9 les plus strictes.[\/vc_column_text][\/vc_column_inner][vc_column_inner width=\u00a0\u00bb1\/2&Prime;][mk_image src=\u00a0\u00bbhttp:\/\/rdccontrol.com\/wp-content\/uploads\/2017\/12\/hp-3000_web_pdf_image.png\u00a0\u00bb image_width=\u00a0\u00bb250&Prime; image_height=\u00a0\u00bb323&Prime; link=\u00a0\u00bbhttp:\/\/rdccontrol.com\/wp-content\/uploads\/2017\/12\/hp-3000_web.pdf\u00a0\u00bb target=\u00a0\u00bb_blank\u00a0\u00bb caption_location=\u00a0\u00bboutside-image\u00a0\u00bb align=\u00a0\u00bbcenter\u00a0\u00bb el_class=\u00a0\u00bbbrochure-image\u00a0\u00bb][mk_fancy_title color=\u00a0\u00bb#78776d\u00a0\u00bb size=\u00a0\u00bb28&Prime; font_weight=\u00a0\u00bb600&Prime; margin_bottom=\u00a0\u00bb0&Prime; font_family=\u00a0\u00bbnone\u00a0\u00bb align=\u00a0\u00bbcenter\u00a0\u00bb el_class=\u00a0\u00bbhp-title\u00a0\u00bb]HP3000 S\u00e9rie brochure[\/mk_fancy_title][mk_padding_divider size=\u00a0\u00bb5&Prime;][mk_fancy_title color=\u00a0\u00bb#78776d\u00a0\u00bb size=\u00a0\u00bb16&Prime; font_weight=\u00a0\u00bb300&Prime; margin_bottom=\u00a0\u00bb0&Prime; font_family=\u00a0\u00bbnone\u00a0\u00bb align=\u00a0\u00bbcenter\u00a0\u00bb]Veuillez noter que nos brochures sont publi\u00e9es uniquement \u00e0 titre de r\u00e9f\u00e9rence.[\/mk_fancy_title][vc_column_text align=\u00a0\u00bbcenter\u00a0\u00bb el_class=\u00a0\u00bbhp-text-block\u00a0\u00bb css=\u00a0\u00bb.vc_custom_1513398978712{margin-bottom: 0px !important;}\u00a0\u00bb]\nElles sont pr\u00e9sentement mises \u00e0 jour. Veuillez remplir le formulaire ci-dessous pour savoir \u00e0 quel moment les nouvelles brochures seront de nouveaux disponibles.<\/p>\n[\/vc_column_text][\/vc_column_inner][\/vc_row_inner][mk_padding_divider size=\u00a0\u00bb20&Prime;][\/vc_column][\/mk_page_section][vc_row][vc_column][mk_image src=\u00a0\u00bbhttp:\/\/rdccontrol.com\/wp-content\/uploads\/2015\/01\/HP-Actuator.jpg\u00a0\u00bb image_size=\u00a0\u00bbfull\u00a0\u00bb align=\u00a0\u00bbcenter\u00a0\u00bb][\/vc_column][\/vc_row][mk_page_section bg_color=\u00a0\u00bb#ffffff\u00a0\u00bb bg_stretch=\u00a0\u00bbtrue\u00a0\u00bb padding_top=\u00a0\u00bb50&Prime; padding_bottom=\u00a0\u00bb50&Prime; el_class=\u00a0\u00bbimage-number-description-section\u00a0\u00bb sidebar=\u00a0\u00bbsidebar-1&Prime;][vc_column][vc_row_inner][vc_column_inner width=\u00a0\u00bb1\/3&Prime;][mk_custom_box padding_horizental=\u00a0\u00bb17&Prime; el_class=\u00a0\u00bbhp-series-custom-box box-1&Prime;][mk_icon_box2 icon_type=\u00a0\u00bbimage\u00a0\u00bb icon_size=\u00a0\u00bb48&Prime; icon_image=\u00a0\u00bbhttp:\/\/rdccontrol.com\/wp-content\/uploads\/2017\/12\/1-1.png\u00a0\u00bb title=\u00a0\u00bbGarnitures d\u2019\u00e9tanch\u00e9it\u00e9\u00a0\u00bb title_size=\u00a0\u00bb26&Prime; title_weight=\u00a0\u00bbbold\u00a0\u00bb title_color=\u00a0\u00bb#78786d\u00a0\u00bb title_top_padding=\u00a0\u00bb5&Prime; align=\u00a0\u00bbleft\u00a0\u00bb el_class=\u00a0\u00bbhp-custom-icon-box-2&Prime;]Une bague en t\u00e9flon assure une \u00e9tanch\u00e9it\u00e9 anti-extrusion et prot\u00e8ge contre les fuites positives. Disponible aussi en fluorocarbone (viton) pour des temp\u00e9ratures plus \u00e9lev\u00e9es.[\/mk_icon_box2][\/mk_custom_box][\/vc_column_inner][vc_column_inner width=\u00a0\u00bb1\/3&Prime;][mk_custom_box padding_horizental=\u00a0\u00bb17&Prime; el_class=\u00a0\u00bbhp-series-custom-box box-2&Prime; bg_stretch=\u00a0\u00bbtrue\u00a0\u00bb][mk_icon_box2 icon_type=\u00a0\u00bbimage\u00a0\u00bb icon_size=\u00a0\u00bb48&Prime; icon_image=\u00a0\u00bbhttp:\/\/rdccontrol.com\/wp-content\/uploads\/2017\/12\/2-1.png\u00a0\u00bb title=\u00a0\u00bbT\u00eate et pied\u00a0\u00bb title_size=\u00a0\u00bb24&Prime; title_weight=\u00a0\u00bbbold\u00a0\u00bb title_color=\u00a0\u00bb#78786d\u00a0\u00bb title_top_padding=\u00a0\u00bb5&Prime; align=\u00a0\u00bbleft\u00a0\u00bb el_class=\u00a0\u00bbhp-custom-icon-box-2&Prime;]Usin\u00e9s sous contr\u00f4le num\u00e9rique \u00e0 partir de plaques d\u2019acier lamin\u00e9 \u00e0 chaud ASTM A36 ou sup\u00e9rieur.[\/mk_icon_box2][\/mk_custom_box][\/vc_column_inner][vc_column_inner width=\u00a0\u00bb1\/3&Prime;][mk_custom_box padding_horizental=\u00a0\u00bb17&Prime; el_class=\u00a0\u00bbhp-series-custom-box box-3&Prime;][mk_icon_box2 icon_type=\u00a0\u00bbimage\u00a0\u00bb icon_size=\u00a0\u00bb48&Prime; icon_image=\u00a0\u00bbhttp:\/\/rdccontrol.com\/wp-content\/uploads\/2017\/12\/3.png\u00a0\u00bb title=\u00a0\u00bbBagues d\u2019amortisseur\u00a0\u00bb title_size=\u00a0\u00bb24&Prime; title_weight=\u00a0\u00bbbold\u00a0\u00bb title_color=\u00a0\u00bb#78786d\u00a0\u00bb title_top_padding=\u00a0\u00bb5&Prime; align=\u00a0\u00bbleft\u00a0\u00bb el_class=\u00a0\u00bbhp-custom-icon-box-2&Prime;](en option)<br \/>\nAssure la d\u00e9c\u00e9l\u00e9ration et aide \u00e0 \u00e9liminer les chocs.[\/mk_icon_box2][\/mk_custom_box][\/vc_column_inner][\/vc_row_inner][vc_row_inner][vc_column_inner width=\u00a0\u00bb1\/3&Prime;][mk_custom_box padding_horizental=\u00a0\u00bb17&Prime; el_class=\u00a0\u00bbhp-series-custom-box box-1&Prime;][mk_icon_box2 icon_type=\u00a0\u00bbimage\u00a0\u00bb icon_size=\u00a0\u00bb48&Prime; icon_image=\u00a0\u00bbhttp:\/\/rdccontrol.com\/wp-content\/uploads\/2017\/12\/4.png\u00a0\u00bb title=\u00a0\u00bbOrifices d\u2019alimentation\u00a0\u00bb title_size=\u00a0\u00bb24&Prime; title_weight=\u00a0\u00bbbold\u00a0\u00bb title_color=\u00a0\u00bb#78786d\u00a0\u00bb title_top_padding=\u00a0\u00bb5&Prime; align=\u00a0\u00bbleft\u00a0\u00bb el_class=\u00a0\u00bbhp-custom-icon-box-2&Prime;]Des orifices d\u2019alimentation SAE standard, NPT et surdimensionn\u00e9s sont aussi disponibles.[\/mk_icon_box2][\/mk_custom_box][\/vc_column_inner][vc_column_inner width=\u00a0\u00bb1\/3&Prime;][mk_custom_box padding_horizental=\u00a0\u00bb17&Prime; el_class=\u00a0\u00bbhp-series-custom-box box-2&Prime; bg_stretch=\u00a0\u00bbtrue\u00a0\u00bb][mk_icon_box2 icon_type=\u00a0\u00bbimage\u00a0\u00bb icon_size=\u00a0\u00bb48&Prime; icon_image=\u00a0\u00bbhttp:\/\/rdccontrol.com\/wp-content\/uploads\/2017\/12\/5.png\u00a0\u00bb title=\u00a0\u00bbPlongeur d\u2019amortisseur\u00a0\u00bb title_size=\u00a0\u00bb26&Prime; title_weight=\u00a0\u00bbbold\u00a0\u00bb title_color=\u00a0\u00bb#78786d\u00a0\u00bb title_top_padding=\u00a0\u00bb5&Prime; align=\u00a0\u00bbleft\u00a0\u00bb el_class=\u00a0\u00bbhp-custom-icon-box-2&Prime;](en option)<br \/>\nFabriqu\u00e9s en acier doux, le plongeur poss\u00e8de un ajustement flottant pour un auto-centrage ad\u00e9quat et un alignement constant. Une conception \u00e0 deux niveaux permet des cycles plus rapides et des performances am\u00e9lior\u00e9es par la r\u00e9duction des chocs hydrauliques.[\/mk_icon_box2][\/mk_custom_box][\/vc_column_inner][vc_column_inner width=\u00a0\u00bb1\/3&Prime;][mk_custom_box padding_horizental=\u00a0\u00bb17&Prime; el_class=\u00a0\u00bbhp-series-custom-box box-3&Prime;][mk_icon_box2 icon_type=\u00a0\u00bbimage\u00a0\u00bb icon_size=\u00a0\u00bb48&Prime; icon_image=\u00a0\u00bbhttp:\/\/rdccontrol.com\/wp-content\/uploads\/2017\/12\/6.png\u00a0\u00bb title=\u00a0\u00bbCorps du v\u00e9rin\u00a0\u00bb title_size=\u00a0\u00bb24&Prime; title_weight=\u00a0\u00bbbold\u00a0\u00bb title_color=\u00a0\u00bb#78786d\u00a0\u00bb title_top_padding=\u00a0\u00bb5&Prime; align=\u00a0\u00bbleft\u00a0\u00bb el_class=\u00a0\u00bbhp-custom-icon-box-2&Prime;]Tube sans joint \u00e0 parois robuste en acier, avec micro-polissage de la face interne permettant de r\u00e9duire la friction et d\u2019augmenter la dur\u00e9e de vie des bagues d\u2019\u00e9tanch\u00e9it\u00e9.[\/mk_icon_box2][\/mk_custom_box][\/vc_column_inner][\/vc_row_inner][vc_row_inner][vc_column_inner width=\u00a0\u00bb1\/3&Prime;][mk_custom_box padding_horizental=\u00a0\u00bb17&Prime; el_class=\u00a0\u00bbhp-series-custom-box box-1&Prime;][mk_icon_box2 icon_type=\u00a0\u00bbimage\u00a0\u00bb icon_size=\u00a0\u00bb48&Prime; icon_image=\u00a0\u00bbhttp:\/\/rdccontrol.com\/wp-content\/uploads\/2017\/12\/7.png\u00a0\u00bb title=\u00a0\u00bbManchon de guidage\u00a0\u00bb title_size=\u00a0\u00bb24&Prime; title_weight=\u00a0\u00bbbold\u00a0\u00bb title_color=\u00a0\u00bb#78786d\u00a0\u00bb title_top_padding=\u00a0\u00bb5&Prime; align=\u00a0\u00bbleft\u00a0\u00bb el_class=\u00a0\u00bbhp-custom-icon-box-2&Prime;]Fait de bronze SAE 660, le manchon de guidage est con\u00e7u pour offrir le maximum de support \u00e0 la tige de piston pour la prot\u00e9ger des charges lat\u00e9rales et r\u00e9sister \u00e0 l\u2019usure. Dans la plupart de nos montages N.F.P.A, le manchon peut \u00eatre retir\u00e9 facilement ce qui permet le remplacement des garnitures d\u2019\u00e9tanch\u00e9it\u00e9 sans avoir \u00e0 d\u00e9monter les tiges du piston du v\u00e9rin.[\/mk_icon_box2][\/mk_custom_box][\/vc_column_inner][vc_column_inner width=\u00a0\u00bb1\/3&Prime;][mk_custom_box padding_horizental=\u00a0\u00bb17&Prime; el_class=\u00a0\u00bbhp-series-custom-box box-2&Prime; bg_stretch=\u00a0\u00bbtrue\u00a0\u00bb][mk_icon_box2 icon_type=\u00a0\u00bbimage\u00a0\u00bb icon_size=\u00a0\u00bb48&Prime; icon_image=\u00a0\u00bbhttp:\/\/rdccontrol.com\/wp-content\/uploads\/2017\/12\/8.png\u00a0\u00bb title=\u00a0\u00bbJoint de piston\u00a0\u00bb title_size=\u00a0\u00bb24&Prime; title_weight=\u00a0\u00bbbold\u00a0\u00bb title_color=\u00a0\u00bb#78786d\u00a0\u00bb title_top_padding=\u00a0\u00bb5&Prime; align=\u00a0\u00bbleft\u00a0\u00bb el_class=\u00a0\u00bbhp-custom-icon-box-2&Prime;]Il est compos\u00e9 d\u2019un joint bidirectionnel et d\u2019une bande d\u2019usure form\u00e9e de particules de verre et de bronze permettant un glissement plus facile, un ajustement plus serr\u00e9 du piston et une r\u00e9sistance \u00e0 d\u2019importants forces lat\u00e9rales. Il \u00e9limine les contacts m\u00e9tal sur m\u00e9tal et la possibilit\u00e9 d\u2019\u00e9rafler les tubes dispendieux du v\u00e9rin. L\u2019\u00e9tanch\u00e9it\u00e9 parfaite ainsi cr\u00e9\u00e9e minimise la friction de la course et pr\u00e9vient un pontage du piston. Communiquez avec nous pour demander des montages de jointage particulier pour votre application.[\/mk_icon_box2][\/mk_custom_box][\/vc_column_inner][vc_column_inner width=\u00a0\u00bb1\/3&Prime;][mk_custom_box padding_horizental=\u00a0\u00bb17&Prime; el_class=\u00a0\u00bbhp-series-custom-box box-3&Prime;][mk_icon_box2 icon_type=\u00a0\u00bbimage\u00a0\u00bb icon_size=\u00a0\u00bb48&Prime; icon_image=\u00a0\u00bbhttp:\/\/rdccontrol.com\/wp-content\/uploads\/2017\/12\/9.png\u00a0\u00bb title=\u00a0\u00bbPiston\u00a0\u00bb title_size=\u00a0\u00bb26&Prime; title_weight=\u00a0\u00bbbold\u00a0\u00bb title_color=\u00a0\u00bb#78786d\u00a0\u00bb title_top_padding=\u00a0\u00bb5&Prime; align=\u00a0\u00bbleft\u00a0\u00bb el_class=\u00a0\u00bbhp-custom-icon-box-2&Prime;]Pistons standards ultra-r\u00e9sistants en fonte, con\u00e7us pour r\u00e9sister \u00e0 d\u2019importantes forces lat\u00e9rales. La conception en une seule pi\u00e8ce offre un haut niveau de r\u00e9sistance, une meilleure fiabilit\u00e9 et prolonge la dur\u00e9e de vie du piston.[\/mk_icon_box2][\/mk_custom_box][\/vc_column_inner][\/vc_row_inner][vc_row_inner][vc_column_inner width=\u00a0\u00bb1\/3&Prime;][mk_custom_box padding_horizental=\u00a0\u00bb17&Prime; el_class=\u00a0\u00bbhp-series-custom-box box-1&Prime;][mk_icon_box2 icon_type=\u00a0\u00bbimage\u00a0\u00bb icon_size=\u00a0\u00bb48&Prime; icon_image=\u00a0\u00bbhttp:\/\/rdccontrol.com\/wp-content\/uploads\/2017\/12\/10.png\u00a0\u00bb title=\u00a0\u00bbTirants de retenue et \u00e9crous\u00a0\u00bb title_size=\u00a0\u00bb24&Prime; title_weight=\u00a0\u00bbbold\u00a0\u00bb title_color=\u00a0\u00bb#78786d\u00a0\u00bb title_top_padding=\u00a0\u00bb5&Prime; align=\u00a0\u00bbleft\u00a0\u00bb el_class=\u00a0\u00bbhp-custom-icon-box-2&Prime;]Fabriqu\u00e9 \u00e0 partir d\u2019acier \u00e0 haute r\u00e9sistance et d\u2019une limite minimum d\u2019\u00e9lasticit\u00e9 de 100 000 PSI avec des \u00e9crous en acier plaqu\u00e9s de zinc de Grade 8 \u00e0 l\u2019\u00e9preuve de la corrosion.[\/mk_icon_box2][\/mk_custom_box][\/vc_column_inner][vc_column_inner width=\u00a0\u00bb1\/3&Prime;][mk_custom_box padding_horizental=\u00a0\u00bb17&Prime; el_class=\u00a0\u00bbhp-series-custom-box box-2&Prime; bg_stretch=\u00a0\u00bbtrue\u00a0\u00bb][mk_icon_box2 icon_type=\u00a0\u00bbimage\u00a0\u00bb icon_size=\u00a0\u00bb48&Prime; icon_image=\u00a0\u00bbhttp:\/\/rdccontrol.com\/wp-content\/uploads\/2017\/12\/11.png\u00a0\u00bb title=\u00a0\u00bbGarnitures d\u2019\u00e9tanch\u00e9it\u00e9\u00a0\u00bb title_size=\u00a0\u00bb24&Prime; title_weight=\u00a0\u00bbbold\u00a0\u00bb title_color=\u00a0\u00bb#78786d\u00a0\u00bb title_top_padding=\u00a0\u00bb5&Prime; align=\u00a0\u00bbleft\u00a0\u00bb el_class=\u00a0\u00bbhp-custom-icon-box-2&Prime;]L\u2019\u00e9tanch\u00e9it\u00e9 de piston est assur\u00e9e par un double joint \u00e0 l\u00e8vre en ur\u00e9thane. Un troisi\u00e8me joint \u00e0 l\u00e8vre est ajout\u00e9 pour assurer la stabilit\u00e9 de la tige tout en r\u00e9duisant la friction de la course du v\u00e9rin. Ces joints standards peuvent r\u00e9sister \u00e0 des plages de temp\u00e9rature de 34\u00b0C \u00e0 80\u00b0C (-30\u00b0F \u00e0 180\u00b0F). Les garnitures d\u2019\u00e9tanch\u00e9it\u00e9 en fluorocarbone (viton) sont disponibles dans des mod\u00e8les pouvant r\u00e9sister \u00e0 des temp\u00e9ratures maximales de 250\u00b0C (450\u00b0F).[\/mk_icon_box2][\/mk_custom_box][\/vc_column_inner][vc_column_inner width=\u00a0\u00bb1\/3&Prime;][mk_custom_box padding_horizental=\u00a0\u00bb17&Prime; el_class=\u00a0\u00bbhp-series-custom-box box-3&Prime;][mk_icon_box2 icon_type=\u00a0\u00bbimage\u00a0\u00bb icon_size=\u00a0\u00bb48&Prime; icon_image=\u00a0\u00bbhttp:\/\/rdccontrol.com\/wp-content\/uploads\/2017\/12\/12.png\u00a0\u00bb title=\u00a0\u00bbFrotteur de tige\u00a0\u00bb title_size=\u00a0\u00bb24&Prime; title_weight=\u00a0\u00bbbold\u00a0\u00bb title_color=\u00a0\u00bb#78786d\u00a0\u00bb title_top_padding=\u00a0\u00bb5&Prime; align=\u00a0\u00bbleft\u00a0\u00bb el_class=\u00a0\u00bbhp-custom-icon-box-2&Prime;]Pr\u00e9vient l\u2019entr\u00e9e de poussi\u00e8re et autres contaminants dans le v\u00e9rin et agit en tant que joint de s\u00e9curit\u00e9 de la tige. G\u00e9n\u00e9ralement fabriqu\u00e9 en polyur\u00e9thane. Il peut \u00eatre remplac\u00e9 par du fluorocarbone (viton) pour des applications \u00e0 plus hautes temp\u00e9ratures. Un grattoir de tige de fabrication plus robuste en ur\u00e9thane ou un grattoir m\u00e9tallique sont aussi disponibles pour des applications plus s\u00e9v\u00e8res.[\/mk_icon_box2][\/mk_custom_box][\/vc_column_inner][\/vc_row_inner][vc_row_inner][vc_column_inner width=\u00a0\u00bb1\/3&Prime;][mk_custom_box padding_horizental=\u00a0\u00bb17&Prime; el_class=\u00a0\u00bbhp-series-custom-box box-1&Prime;][mk_icon_box2 icon_type=\u00a0\u00bbimage\u00a0\u00bb icon_size=\u00a0\u00bb48&Prime; icon_image=\u00a0\u00bbhttp:\/\/rdccontrol.com\/wp-content\/uploads\/2017\/12\/13.png\u00a0\u00bb title=\u00a0\u00bbTige du piston\u00a0\u00bb title_size=\u00a0\u00bb24&Prime; title_weight=\u00a0\u00bbbold\u00a0\u00bb title_color=\u00a0\u00bb#78786d\u00a0\u00bb title_top_padding=\u00a0\u00bb5&Prime; align=\u00a0\u00bbleft\u00a0\u00bb el_class=\u00a0\u00bbhp-custom-icon-box-2&Prime;]Tige en acier alli\u00e9 \u00e0 haut rendement, enduit de chrome dur avec finition \u00e0 10 RMS. Solidement boulonn\u00e9 dans le piston et fermement fix\u00e9 \u00e0 l\u2019aide d\u2019un adh\u00e9sif ana\u00e9robie. Le joint torique assure l\u2019\u00e9tanch\u00e9it\u00e9 du joint entre le piston et la tige du piston. Des tiges en acier inoxydable 316 et 17-4 PH enduites de chrome sont aussi disponibles.<\/p>\n[\/mk_icon_box2][\/mk_custom_box][\/vc_column_inner][vc_column_inner width=\u00a0\u00bb1\/3&Prime;][\/vc_column_inner][vc_column_inner width=\u00a0\u00bb1\/3&Prime;][\/vc_column_inner][\/vc_row_inner][\/vc_column][\/mk_page_section]\n<\/div>","protected":false},"excerpt":{"rendered":"<p>[mk_page_section bg_color=\u00a0\u00bb#f4f4f4&Prime; padding_top=\u00a0\u00bb60&Prime; padding_bottom=\u00a0\u00bb30&Prime; sidebar=\u00a0\u00bbsidebar-1&Prime;][vc_column][vc_row_inner][vc_column_inner width=\u00a0\u00bb1\/2&Prime;][mk_fancy_title color=\u00a0\u00bb#78776d\u00a0\u00bb size=\u00a0\u00bb38&Prime; font_weight=\u00a0\u00bb600&Prime; txt_transform=\u00a0\u00bbuppercase\u00a0\u00bb margin_bottom=\u00a0\u00bb0&Prime; font_family=\u00a0\u00bbnone\u00a0\u00bb el_class=\u00a0\u00bbhp-title\u00a0\u00bb]S\u00e9rie HP3000[\/mk_fancy_title][mk_fancy_title color=\u00a0\u00bb#78776d\u00a0\u00bb size=\u00a0\u00bb32&Prime; font_weight=\u00a0\u00bb500&Prime; margin_bottom=\u00a0\u00bb10&Prime; font_family=\u00a0\u00bbnone\u00a0\u00bb el_class=\u00a0\u00bbhp-subtitle\u00a0\u00bb]V\u00e9rins hydrauliques pour actionneurs de vannes Perc\u00e9e : 1 \u00bd\u201d \u2013 14\u201d[\/mk_fancy_title][vc_column_text css=\u00a0\u00bb.vc_custom_1512449964490{margin-bottom: 0px !important;}\u00a0\u00bb]Les v\u00e9rins hydrauliques de s\u00e9rie HP sont con\u00e7us pour fonctionner dans les pires conditions d\u2019utilisation. Il r\u00e9pondent aux normes de la N.F.P.A. [&hellip;]<\/p>\n","protected":false},"author":1,"featured_media":0,"parent":614,"menu_order":0,"comment_status":"closed","ping_status":"closed","template":"","meta":{"footnotes":""},"class_list":["post-623","page","type-page","status-publish","hentry"],"yoast_head":"<!-- This site is optimized with the Yoast SEO plugin v27.3 - https:\/\/yoast.com\/product\/yoast-seo-wordpress\/ -->\n<title>Actionneurs hydrauliques - RDC Control<\/title>\n<meta name=\"robots\" content=\"index, follow, max-snippet:-1, max-image-preview:large, max-video-preview:-1\" \/>\n<link rel=\"canonical\" href=\"https:\/\/rdccontrol.com\/fr\/actionneurs-de-vannes\/actionneurs-hydrauliques\/\" \/>\n<meta name=\"twitter:label1\" content=\"Dur\u00e9e de lecture estim\u00e9e\" \/>\n\t<meta name=\"twitter:data1\" content=\"9 minutes\" \/>\n<script type=\"application\/ld+json\" class=\"yoast-schema-graph\">{\"@context\":\"https:\\\/\\\/schema.org\",\"@graph\":[{\"@type\":\"WebPage\",\"@id\":\"https:\\\/\\\/rdccontrol.com\\\/fr\\\/actionneurs-de-vannes\\\/actionneurs-hydrauliques\\\/\",\"url\":\"https:\\\/\\\/rdccontrol.com\\\/fr\\\/actionneurs-de-vannes\\\/actionneurs-hydrauliques\\\/\",\"name\":\"Actionneurs hydrauliques - RDC Control\",\"isPartOf\":{\"@id\":\"https:\\\/\\\/rdccontrol.com\\\/fr\\\/#website\"},\"datePublished\":\"2014-09-23T14:24:49+00:00\",\"dateModified\":\"2018-02-06T12:08:53+00:00\",\"breadcrumb\":{\"@id\":\"https:\\\/\\\/rdccontrol.com\\\/fr\\\/actionneurs-de-vannes\\\/actionneurs-hydrauliques\\\/#breadcrumb\"},\"inLanguage\":\"fr-FR\",\"potentialAction\":[{\"@type\":\"ReadAction\",\"target\":[\"https:\\\/\\\/rdccontrol.com\\\/fr\\\/actionneurs-de-vannes\\\/actionneurs-hydrauliques\\\/\"]}]},{\"@type\":\"BreadcrumbList\",\"@id\":\"https:\\\/\\\/rdccontrol.com\\\/fr\\\/actionneurs-de-vannes\\\/actionneurs-hydrauliques\\\/#breadcrumb\",\"itemListElement\":[{\"@type\":\"ListItem\",\"position\":1,\"name\":\"Home\",\"item\":\"https:\\\/\\\/rdccontrol.com\\\/fr\\\/\"},{\"@type\":\"ListItem\",\"position\":2,\"name\":\"Actionneurs de vannes\",\"item\":\"https:\\\/\\\/rdccontrol.com\\\/fr\\\/actionneurs-de-vannes\\\/\"},{\"@type\":\"ListItem\",\"position\":3,\"name\":\"Actionneurs hydrauliques\"}]},{\"@type\":\"WebSite\",\"@id\":\"https:\\\/\\\/rdccontrol.com\\\/fr\\\/#website\",\"url\":\"https:\\\/\\\/rdccontrol.com\\\/fr\\\/\",\"name\":\"RDC Control\",\"description\":\"A perfect alliance between expertise and know-how\",\"publisher\":{\"@id\":\"https:\\\/\\\/rdccontrol.com\\\/fr\\\/#organization\"},\"potentialAction\":[{\"@type\":\"SearchAction\",\"target\":{\"@type\":\"EntryPoint\",\"urlTemplate\":\"https:\\\/\\\/rdccontrol.com\\\/fr\\\/?s={search_term_string}\"},\"query-input\":{\"@type\":\"PropertyValueSpecification\",\"valueRequired\":true,\"valueName\":\"search_term_string\"}}],\"inLanguage\":\"fr-FR\"},{\"@type\":\"Organization\",\"@id\":\"https:\\\/\\\/rdccontrol.com\\\/fr\\\/#organization\",\"name\":\"RDC Control\",\"url\":\"https:\\\/\\\/rdccontrol.com\\\/fr\\\/\",\"logo\":{\"@type\":\"ImageObject\",\"inLanguage\":\"fr-FR\",\"@id\":\"https:\\\/\\\/rdccontrol.com\\\/fr\\\/#\\\/schema\\\/logo\\\/image\\\/\",\"url\":\"http:\\\/\\\/rdccontrol.com\\\/wp-content\\\/uploads\\\/2016\\\/05\\\/Logo_recolored_w.png\",\"contentUrl\":\"http:\\\/\\\/rdccontrol.com\\\/wp-content\\\/uploads\\\/2016\\\/05\\\/Logo_recolored_w.png\",\"width\":330,\"height\":378,\"caption\":\"RDC Control\"},\"image\":{\"@id\":\"https:\\\/\\\/rdccontrol.com\\\/fr\\\/#\\\/schema\\\/logo\\\/image\\\/\"},\"sameAs\":[\"http:\\\/\\\/www.linkedin.com\\\/company\\\/rdc-control-ltd\"]}]}<\/script>\n<!-- \/ Yoast SEO plugin. -->","yoast_head_json":{"title":"Actionneurs hydrauliques - RDC Control","robots":{"index":"index","follow":"follow","max-snippet":"max-snippet:-1","max-image-preview":"max-image-preview:large","max-video-preview":"max-video-preview:-1"},"canonical":"https:\/\/rdccontrol.com\/fr\/actionneurs-de-vannes\/actionneurs-hydrauliques\/","twitter_misc":{"Dur\u00e9e de lecture estim\u00e9e":"9 minutes"},"schema":{"@context":"https:\/\/schema.org","@graph":[{"@type":"WebPage","@id":"https:\/\/rdccontrol.com\/fr\/actionneurs-de-vannes\/actionneurs-hydrauliques\/","url":"https:\/\/rdccontrol.com\/fr\/actionneurs-de-vannes\/actionneurs-hydrauliques\/","name":"Actionneurs hydrauliques - RDC Control","isPartOf":{"@id":"https:\/\/rdccontrol.com\/fr\/#website"},"datePublished":"2014-09-23T14:24:49+00:00","dateModified":"2018-02-06T12:08:53+00:00","breadcrumb":{"@id":"https:\/\/rdccontrol.com\/fr\/actionneurs-de-vannes\/actionneurs-hydrauliques\/#breadcrumb"},"inLanguage":"fr-FR","potentialAction":[{"@type":"ReadAction","target":["https:\/\/rdccontrol.com\/fr\/actionneurs-de-vannes\/actionneurs-hydrauliques\/"]}]},{"@type":"BreadcrumbList","@id":"https:\/\/rdccontrol.com\/fr\/actionneurs-de-vannes\/actionneurs-hydrauliques\/#breadcrumb","itemListElement":[{"@type":"ListItem","position":1,"name":"Home","item":"https:\/\/rdccontrol.com\/fr\/"},{"@type":"ListItem","position":2,"name":"Actionneurs de vannes","item":"https:\/\/rdccontrol.com\/fr\/actionneurs-de-vannes\/"},{"@type":"ListItem","position":3,"name":"Actionneurs hydrauliques"}]},{"@type":"WebSite","@id":"https:\/\/rdccontrol.com\/fr\/#website","url":"https:\/\/rdccontrol.com\/fr\/","name":"RDC Control","description":"A perfect alliance between expertise and know-how","publisher":{"@id":"https:\/\/rdccontrol.com\/fr\/#organization"},"potentialAction":[{"@type":"SearchAction","target":{"@type":"EntryPoint","urlTemplate":"https:\/\/rdccontrol.com\/fr\/?s={search_term_string}"},"query-input":{"@type":"PropertyValueSpecification","valueRequired":true,"valueName":"search_term_string"}}],"inLanguage":"fr-FR"},{"@type":"Organization","@id":"https:\/\/rdccontrol.com\/fr\/#organization","name":"RDC Control","url":"https:\/\/rdccontrol.com\/fr\/","logo":{"@type":"ImageObject","inLanguage":"fr-FR","@id":"https:\/\/rdccontrol.com\/fr\/#\/schema\/logo\/image\/","url":"http:\/\/rdccontrol.com\/wp-content\/uploads\/2016\/05\/Logo_recolored_w.png","contentUrl":"http:\/\/rdccontrol.com\/wp-content\/uploads\/2016\/05\/Logo_recolored_w.png","width":330,"height":378,"caption":"RDC Control"},"image":{"@id":"https:\/\/rdccontrol.com\/fr\/#\/schema\/logo\/image\/"},"sameAs":["http:\/\/www.linkedin.com\/company\/rdc-control-ltd"]}]}},"_links":{"self":[{"href":"https:\/\/rdccontrol.com\/fr\/wp-json\/wp\/v2\/pages\/623","targetHints":{"allow":["GET"]}}],"collection":[{"href":"https:\/\/rdccontrol.com\/fr\/wp-json\/wp\/v2\/pages"}],"about":[{"href":"https:\/\/rdccontrol.com\/fr\/wp-json\/wp\/v2\/types\/page"}],"author":[{"embeddable":true,"href":"https:\/\/rdccontrol.com\/fr\/wp-json\/wp\/v2\/users\/1"}],"replies":[{"embeddable":true,"href":"https:\/\/rdccontrol.com\/fr\/wp-json\/wp\/v2\/comments?post=623"}],"version-history":[{"count":58,"href":"https:\/\/rdccontrol.com\/fr\/wp-json\/wp\/v2\/pages\/623\/revisions"}],"predecessor-version":[{"id":3723,"href":"https:\/\/rdccontrol.com\/fr\/wp-json\/wp\/v2\/pages\/623\/revisions\/3723"}],"up":[{"embeddable":true,"href":"https:\/\/rdccontrol.com\/fr\/wp-json\/wp\/v2\/pages\/614"}],"wp:attachment":[{"href":"https:\/\/rdccontrol.com\/fr\/wp-json\/wp\/v2\/media?parent=623"}],"curies":[{"name":"wp","href":"https:\/\/api.w.org\/{rel}","templated":true}]}}