{"id":590,"date":"2014-09-18T18:49:11","date_gmt":"2014-09-18T22:49:11","guid":{"rendered":"http:\/\/rdcc.cashin.ca\/?page_id=590"},"modified":"2017-12-16T02:02:34","modified_gmt":"2017-12-16T07:02:34","slug":"introduction-aux-thermocouples","status":"publish","type":"page","link":"https:\/\/rdccontrol.com\/fr\/thermocouple\/thermocouples-101\/introduction-aux-thermocouples\/","title":{"rendered":"Introduction aux thermocouples"},"content":{"rendered":"[mk_page_section padding_top=\u00a0\u00bb50&Prime; padding_bottom=\u00a0\u00bb50&Prime; el_class=\u00a0\u00bbintro-thermo-section desktop-section\u00a0\u00bb sidebar=\u00a0\u00bbsidebar-1&Prime;][vc_column width=\u00a0\u00bb1\/4&Prime; el_class=\u00a0\u00bbleft-sidebar-column\u00a0\u00bb][mk_custom_sidebar sidebar=\u00a0\u00bbsidebar-19&Prime;][\/vc_column][vc_column width=\u00a0\u00bb3\/4&Prime; el_class=\u00a0\u00bbright-side-column\u00a0\u00bb][vc_column_text css=\u00a0\u00bb.vc_custom_1512558857977{margin-bottom: 0px !important;}\u00a0\u00bb]Les thermocouples sont des sondes de temp\u00e9rature de basse-imp\u00e9dance qui produisent des forces \u00e9lectromotrices (milliVolt) qui correspondent \u00e0 des courbes de temp\u00e9rature qui sont particuli\u00e8res et uniques pour chaque calibration de thermocouple. La force \u00e9lectromotrice est produite \u00e0 cause des gradients de temp\u00e9rature se trouvant sur le long des conducteurs et non pas juste \u00e0 la jonction. Ce ph\u00e9nom\u00e8ne est expliqu\u00e9 dans les trois th\u00e9ories scientifiques suivantes : l\u2019effet Seebeck, l\u2019effet Peltier et l\u2019effet Thompson.<\/p>\n<h2>Trois lois expliquent le ph\u00e9nom\u00e8ne de la thermo-\u00e9lectricit\u00e9 :<\/h2>\n<p><strong>1) La Loi des m\u00e9taux interm\u00e9diaires. <\/strong><br \/>\nLes forces \u00e9lectromotrices d\u2019un circuit s\u2019additionnent \u00e0 moins que le circuit lui-m\u00eame soit \u00e0 une temp\u00e9rature uniforme.<\/p>\n<p><strong>2) La Loi des m\u00e9taux homog\u00e8nes. <\/strong><br \/>\nUne force \u00e9l\u00e9ctromotrice ne peut \u00eatre cr\u00e9\u00e9e dans un circuit constitu\u00e9 d\u2019un seul conducteur simple et homog\u00e8ne.<\/p>\n<p><strong>3) La loi des temp\u00e9ratures interm\u00e9diaires.<\/strong><br \/>\nSi deux m\u00e9taux homog\u00e8nes diff\u00e9rents produisent une force \u00e9lectromotrice thermique de X, cette force demeurera inchang\u00e9e m\u00eame si un troisi\u00e8me mat\u00e9riel est introduit dans le circuit et si les deux extr\u00e9mit\u00e9s de ce troisi\u00e8me mat\u00e9riel sont \u00e0 la m\u00eame temp\u00e9rature.<\/p>\n<p>Le signal de milliVolt produit par un thermocouple est un signal de tr\u00e8s, tr\u00e8s bas niveau. Ainsi, la transmission de ce signal sur une longue distance peut \u00eatre difficile \u00e0 cause des \u00ab bruits \u00bb \u00e9trangers pouvant \u00eatre introduits dans le syst\u00e8me. Ces \u201cbruits\u201d peuvent causer des erreurs dans le signal de milliVolt. Un fil d\u2019extension de thermocouple torsad\u00e9 et blind\u00e9 devrait \u00eatre employ\u00e9 dans les secteurs o\u00f9 le \u00ab bruit \u00bb est excessif pour aider \u00e0 \u00e9liminer le probl\u00e8me.<\/p>\n<p>Le fil d\u2019extension de thermocouple doit \u00eatre de la m\u00eame calibration (m\u00eame alliages m\u00e9talliques) que le thermocouple lui-m\u00eame. Ce fil d\u2019extension transmet le signal du thermocouple \u00e0 l\u2019instrument, et si les conducteurs sont des m\u00e9taux homog\u00e8nes, il ne produira pas de forces \u00e9lectromotrices m\u00eame s\u2019il trouve sur son chemin des gradients de la temp\u00e9rature.<\/p>\n<p>L\u2019intensit\u00e9 de la sortie en milliVolt d\u2019un thermocouple d\u00e9pend de la diff\u00e9rence de la temp\u00e9rature entre la jonction de mesure et la jonction de r\u00e9f\u00e9rence. La jonction de r\u00e9f\u00e9rence (ou jonction froide) est l\u2019endroit ou le thermocouple est branch\u00e9. Lorsque la jonction de mesure (jonction chaude) est \u00e0 une temp\u00e9rature donn\u00e9e, la temp\u00e9rature \u00e0 laquelle l\u2019instrument de mesure est expos\u00e9 doit \u00eatre compens\u00e9e. Ceci est accompli par un circuit appel\u00e9 \u00ab compensation de jonction froide. \u00bb La temp\u00e9rature de la jonction froide est mesur\u00e9e et calcul\u00e9e par l\u2019instrument de mesure qui indiquera par la suite la valeur pr\u00e9cise de la temp\u00e9rature de la jonction chaude.<\/p>\n<p>L\u2019optimisation du choix d\u2019un thermocouple et de ses composantes dans un syst\u00e8me thermique est ind\u00e9niablement bas\u00e9e sur un certain nombre de variables ou de facteurs reli\u00e9s \u00e0 l\u2019application. L\u2019\u00e9chelle de temp\u00e9rature, la pr\u00e9cision requise, la r\u00e9sistance aux conditions atmosph\u00e9riques et la pression sont toutes des variables qui doivent \u00eatre prises en consid\u00e9ration.<\/p>\n<p>L\u2019information technique suivante doit servir seulement de guide pour le choix de votre thermocouple.<\/p>\n[\/vc_column_text][\/vc_column][\/mk_page_section][mk_page_section padding_top=\u00a0\u00bb50&Prime; padding_bottom=\u00a0\u00bb50&Prime; el_class=\u00a0\u00bbintro-thermo-section mobile-section\u00a0\u00bb sidebar=\u00a0\u00bbsidebar-1&Prime;][vc_column width=\u00a0\u00bb3\/4&Prime; el_class=\u00a0\u00bbright-side-column\u00a0\u00bb][vc_column_text css=\u00a0\u00bb.vc_custom_1512558857977{margin-bottom: 0px !important;}\u00a0\u00bb]Les thermocouples sont des sondes de temp\u00e9rature de basse-imp\u00e9dance qui produisent des forces \u00e9lectromotrices (milliVolt) qui correspondent \u00e0 des courbes de temp\u00e9rature qui sont particuli\u00e8res et uniques pour chaque calibration de thermocouple. La force \u00e9lectromotrice est produite \u00e0 cause des gradients de temp\u00e9rature se trouvant sur le long des conducteurs et non pas juste \u00e0 la jonction. Ce ph\u00e9nom\u00e8ne est expliqu\u00e9 dans les trois th\u00e9ories scientifiques suivantes : l\u2019effet Seebeck, l\u2019effet Peltier et l\u2019effet Thompson.<\/p>\n<h2>Trois lois expliquent le ph\u00e9nom\u00e8ne de la thermo-\u00e9lectricit\u00e9 :<\/h2>\n<p><strong>1) La Loi des m\u00e9taux interm\u00e9diaires. <\/strong><br \/>\nLes forces \u00e9lectromotrices d\u2019un circuit s\u2019additionnent \u00e0 moins que le circuit lui-m\u00eame soit \u00e0 une temp\u00e9rature uniforme.<\/p>\n<p><strong>2) La Loi des m\u00e9taux homog\u00e8nes. <\/strong><br \/>\nUne force \u00e9l\u00e9ctromotrice ne peut \u00eatre cr\u00e9\u00e9e dans un circuit constitu\u00e9 d\u2019un seul conducteur simple et homog\u00e8ne.<\/p>\n<p><strong>3) La loi des temp\u00e9ratures interm\u00e9diaires.<\/strong><br \/>\nSi deux m\u00e9taux homog\u00e8nes diff\u00e9rents produisent une force \u00e9lectromotrice thermique de X, cette force demeurera inchang\u00e9e m\u00eame si un troisi\u00e8me mat\u00e9riel est introduit dans le circuit et si les deux extr\u00e9mit\u00e9s de ce troisi\u00e8me mat\u00e9riel sont \u00e0 la m\u00eame temp\u00e9rature.<\/p>\n<p>Le signal de milliVolt produit par un thermocouple est un signal de tr\u00e8s, tr\u00e8s bas niveau. Ainsi, la transmission de ce signal sur une longue distance peut \u00eatre difficile \u00e0 cause des \u00ab bruits \u00bb \u00e9trangers pouvant \u00eatre introduits dans le syst\u00e8me. Ces \u201cbruits\u201d peuvent causer des erreurs dans le signal de milliVolt. Un fil d\u2019extension de thermocouple torsad\u00e9 et blind\u00e9 devrait \u00eatre employ\u00e9 dans les secteurs o\u00f9 le \u00ab bruit \u00bb est excessif pour aider \u00e0 \u00e9liminer le probl\u00e8me.<\/p>\n<p>Le fil d\u2019extension de thermocouple doit \u00eatre de la m\u00eame calibration (m\u00eame alliages m\u00e9talliques) que le thermocouple lui-m\u00eame. Ce fil d\u2019extension transmet le signal du thermocouple \u00e0 l\u2019instrument, et si les conducteurs sont des m\u00e9taux homog\u00e8nes, il ne produira pas de forces \u00e9lectromotrices m\u00eame s\u2019il trouve sur son chemin des gradients de la temp\u00e9rature.<\/p>\n<p>L\u2019intensit\u00e9 de la sortie en milliVolt d\u2019un thermocouple d\u00e9pend de la diff\u00e9rence de la temp\u00e9rature entre la jonction de mesure et la jonction de r\u00e9f\u00e9rence. La jonction de r\u00e9f\u00e9rence (ou jonction froide) est l\u2019endroit ou le thermocouple est branch\u00e9. Lorsque la jonction de mesure (jonction chaude) est \u00e0 une temp\u00e9rature donn\u00e9e, la temp\u00e9rature \u00e0 laquelle l\u2019instrument de mesure est expos\u00e9 doit \u00eatre compens\u00e9e. Ceci est accompli par un circuit appel\u00e9 \u00ab compensation de jonction froide. \u00bb La temp\u00e9rature de la jonction froide est mesur\u00e9e et calcul\u00e9e par l\u2019instrument de mesure qui indiquera par la suite la valeur pr\u00e9cise de la temp\u00e9rature de la jonction chaude.<\/p>\n<p>L\u2019optimisation du choix d\u2019un thermocouple et de ses composantes dans un syst\u00e8me thermique est ind\u00e9niablement bas\u00e9e sur un certain nombre de variables ou de facteurs reli\u00e9s \u00e0 l\u2019application. L\u2019\u00e9chelle de temp\u00e9rature, la pr\u00e9cision requise, la r\u00e9sistance aux conditions atmosph\u00e9riques et la pression sont toutes des variables qui doivent \u00eatre prises en consid\u00e9ration.<\/p>\n<p>L\u2019information technique suivante doit servir seulement de guide pour le choix de votre thermocouple.<\/p>\n[\/vc_column_text][\/vc_column][vc_column width=\u00a0\u00bb1\/4&Prime; el_class=\u00a0\u00bbleft-sidebar-column\u00a0\u00bb][mk_custom_sidebar sidebar=\u00a0\u00bbsidebar-19&Prime;][\/vc_column][\/mk_page_section]\n","protected":false},"excerpt":{"rendered":"<p>[mk_page_section padding_top=\u00a0\u00bb50&Prime; padding_bottom=\u00a0\u00bb50&Prime; el_class=\u00a0\u00bbintro-thermo-section desktop-section\u00a0\u00bb sidebar=\u00a0\u00bbsidebar-1&Prime;][vc_column width=\u00a0\u00bb1\/4&Prime; el_class=\u00a0\u00bbleft-sidebar-column\u00a0\u00bb][mk_custom_sidebar sidebar=\u00a0\u00bbsidebar-19&Prime;][\/vc_column][vc_column width=\u00a0\u00bb3\/4&Prime; el_class=\u00a0\u00bbright-side-column\u00a0\u00bb][vc_column_text css=\u00a0\u00bb.vc_custom_1512558857977{margin-bottom: 0px !important;}\u00a0\u00bb]Les thermocouples sont des sondes de temp\u00e9rature de basse-imp\u00e9dance qui produisent des forces \u00e9lectromotrices (milliVolt) qui correspondent \u00e0 des courbes de temp\u00e9rature qui sont particuli\u00e8res et uniques pour chaque calibration de thermocouple. La force \u00e9lectromotrice est produite \u00e0 cause des gradients de [&hellip;]<\/p>\n","protected":false},"author":1,"featured_media":0,"parent":589,"menu_order":17,"comment_status":"closed","ping_status":"closed","template":"","meta":{"footnotes":""},"class_list":["post-590","page","type-page","status-publish","hentry"],"yoast_head":"<!-- This site is optimized with the Yoast SEO plugin v27.3 - https:\/\/yoast.com\/product\/yoast-seo-wordpress\/ -->\n<title>Introduction aux thermocouples - RDC Control<\/title>\n<meta name=\"robots\" content=\"index, follow, max-snippet:-1, max-image-preview:large, max-video-preview:-1\" \/>\n<link rel=\"canonical\" href=\"https:\/\/rdccontrol.com\/fr\/thermocouple\/thermocouples-101\/introduction-aux-thermocouples\/\" \/>\n<meta name=\"twitter:label1\" content=\"Dur\u00e9e de lecture estim\u00e9e\" \/>\n\t<meta name=\"twitter:data1\" content=\"6 minutes\" \/>\n<script type=\"application\/ld+json\" class=\"yoast-schema-graph\">{\"@context\":\"https:\\\/\\\/schema.org\",\"@graph\":[{\"@type\":\"WebPage\",\"@id\":\"https:\\\/\\\/rdccontrol.com\\\/fr\\\/thermocouple\\\/thermocouples-101\\\/introduction-aux-thermocouples\\\/\",\"url\":\"https:\\\/\\\/rdccontrol.com\\\/fr\\\/thermocouple\\\/thermocouples-101\\\/introduction-aux-thermocouples\\\/\",\"name\":\"Introduction aux thermocouples - RDC Control\",\"isPartOf\":{\"@id\":\"https:\\\/\\\/rdccontrol.com\\\/fr\\\/#website\"},\"datePublished\":\"2014-09-18T22:49:11+00:00\",\"dateModified\":\"2017-12-16T07:02:34+00:00\",\"breadcrumb\":{\"@id\":\"https:\\\/\\\/rdccontrol.com\\\/fr\\\/thermocouple\\\/thermocouples-101\\\/introduction-aux-thermocouples\\\/#breadcrumb\"},\"inLanguage\":\"fr-FR\",\"potentialAction\":[{\"@type\":\"ReadAction\",\"target\":[\"https:\\\/\\\/rdccontrol.com\\\/fr\\\/thermocouple\\\/thermocouples-101\\\/introduction-aux-thermocouples\\\/\"]}]},{\"@type\":\"BreadcrumbList\",\"@id\":\"https:\\\/\\\/rdccontrol.com\\\/fr\\\/thermocouple\\\/thermocouples-101\\\/introduction-aux-thermocouples\\\/#breadcrumb\",\"itemListElement\":[{\"@type\":\"ListItem\",\"position\":1,\"name\":\"Home\",\"item\":\"https:\\\/\\\/rdccontrol.com\\\/fr\\\/\"},{\"@type\":\"ListItem\",\"position\":2,\"name\":\"Thermocouples\",\"item\":\"https:\\\/\\\/rdccontrol.com\\\/fr\\\/thermocouple\\\/\"},{\"@type\":\"ListItem\",\"position\":3,\"name\":\"Thermocouples 101\",\"item\":\"https:\\\/\\\/rdccontrol.com\\\/fr\\\/thermocouple\\\/thermocouples-101\\\/\"},{\"@type\":\"ListItem\",\"position\":4,\"name\":\"Introduction aux thermocouples\"}]},{\"@type\":\"WebSite\",\"@id\":\"https:\\\/\\\/rdccontrol.com\\\/fr\\\/#website\",\"url\":\"https:\\\/\\\/rdccontrol.com\\\/fr\\\/\",\"name\":\"RDC Control\",\"description\":\"A perfect alliance between expertise and know-how\",\"publisher\":{\"@id\":\"https:\\\/\\\/rdccontrol.com\\\/fr\\\/#organization\"},\"potentialAction\":[{\"@type\":\"SearchAction\",\"target\":{\"@type\":\"EntryPoint\",\"urlTemplate\":\"https:\\\/\\\/rdccontrol.com\\\/fr\\\/?s={search_term_string}\"},\"query-input\":{\"@type\":\"PropertyValueSpecification\",\"valueRequired\":true,\"valueName\":\"search_term_string\"}}],\"inLanguage\":\"fr-FR\"},{\"@type\":\"Organization\",\"@id\":\"https:\\\/\\\/rdccontrol.com\\\/fr\\\/#organization\",\"name\":\"RDC Control\",\"url\":\"https:\\\/\\\/rdccontrol.com\\\/fr\\\/\",\"logo\":{\"@type\":\"ImageObject\",\"inLanguage\":\"fr-FR\",\"@id\":\"https:\\\/\\\/rdccontrol.com\\\/fr\\\/#\\\/schema\\\/logo\\\/image\\\/\",\"url\":\"http:\\\/\\\/rdccontrol.com\\\/wp-content\\\/uploads\\\/2016\\\/05\\\/Logo_recolored_w.png\",\"contentUrl\":\"http:\\\/\\\/rdccontrol.com\\\/wp-content\\\/uploads\\\/2016\\\/05\\\/Logo_recolored_w.png\",\"width\":330,\"height\":378,\"caption\":\"RDC Control\"},\"image\":{\"@id\":\"https:\\\/\\\/rdccontrol.com\\\/fr\\\/#\\\/schema\\\/logo\\\/image\\\/\"},\"sameAs\":[\"http:\\\/\\\/www.linkedin.com\\\/company\\\/rdc-control-ltd\"]}]}<\/script>\n<!-- \/ Yoast SEO plugin. -->","yoast_head_json":{"title":"Introduction aux thermocouples - RDC Control","robots":{"index":"index","follow":"follow","max-snippet":"max-snippet:-1","max-image-preview":"max-image-preview:large","max-video-preview":"max-video-preview:-1"},"canonical":"https:\/\/rdccontrol.com\/fr\/thermocouple\/thermocouples-101\/introduction-aux-thermocouples\/","twitter_misc":{"Dur\u00e9e de lecture estim\u00e9e":"6 minutes"},"schema":{"@context":"https:\/\/schema.org","@graph":[{"@type":"WebPage","@id":"https:\/\/rdccontrol.com\/fr\/thermocouple\/thermocouples-101\/introduction-aux-thermocouples\/","url":"https:\/\/rdccontrol.com\/fr\/thermocouple\/thermocouples-101\/introduction-aux-thermocouples\/","name":"Introduction aux thermocouples - RDC Control","isPartOf":{"@id":"https:\/\/rdccontrol.com\/fr\/#website"},"datePublished":"2014-09-18T22:49:11+00:00","dateModified":"2017-12-16T07:02:34+00:00","breadcrumb":{"@id":"https:\/\/rdccontrol.com\/fr\/thermocouple\/thermocouples-101\/introduction-aux-thermocouples\/#breadcrumb"},"inLanguage":"fr-FR","potentialAction":[{"@type":"ReadAction","target":["https:\/\/rdccontrol.com\/fr\/thermocouple\/thermocouples-101\/introduction-aux-thermocouples\/"]}]},{"@type":"BreadcrumbList","@id":"https:\/\/rdccontrol.com\/fr\/thermocouple\/thermocouples-101\/introduction-aux-thermocouples\/#breadcrumb","itemListElement":[{"@type":"ListItem","position":1,"name":"Home","item":"https:\/\/rdccontrol.com\/fr\/"},{"@type":"ListItem","position":2,"name":"Thermocouples","item":"https:\/\/rdccontrol.com\/fr\/thermocouple\/"},{"@type":"ListItem","position":3,"name":"Thermocouples 101","item":"https:\/\/rdccontrol.com\/fr\/thermocouple\/thermocouples-101\/"},{"@type":"ListItem","position":4,"name":"Introduction aux thermocouples"}]},{"@type":"WebSite","@id":"https:\/\/rdccontrol.com\/fr\/#website","url":"https:\/\/rdccontrol.com\/fr\/","name":"RDC Control","description":"A perfect alliance between expertise and know-how","publisher":{"@id":"https:\/\/rdccontrol.com\/fr\/#organization"},"potentialAction":[{"@type":"SearchAction","target":{"@type":"EntryPoint","urlTemplate":"https:\/\/rdccontrol.com\/fr\/?s={search_term_string}"},"query-input":{"@type":"PropertyValueSpecification","valueRequired":true,"valueName":"search_term_string"}}],"inLanguage":"fr-FR"},{"@type":"Organization","@id":"https:\/\/rdccontrol.com\/fr\/#organization","name":"RDC Control","url":"https:\/\/rdccontrol.com\/fr\/","logo":{"@type":"ImageObject","inLanguage":"fr-FR","@id":"https:\/\/rdccontrol.com\/fr\/#\/schema\/logo\/image\/","url":"http:\/\/rdccontrol.com\/wp-content\/uploads\/2016\/05\/Logo_recolored_w.png","contentUrl":"http:\/\/rdccontrol.com\/wp-content\/uploads\/2016\/05\/Logo_recolored_w.png","width":330,"height":378,"caption":"RDC Control"},"image":{"@id":"https:\/\/rdccontrol.com\/fr\/#\/schema\/logo\/image\/"},"sameAs":["http:\/\/www.linkedin.com\/company\/rdc-control-ltd"]}]}},"_links":{"self":[{"href":"https:\/\/rdccontrol.com\/fr\/wp-json\/wp\/v2\/pages\/590","targetHints":{"allow":["GET"]}}],"collection":[{"href":"https:\/\/rdccontrol.com\/fr\/wp-json\/wp\/v2\/pages"}],"about":[{"href":"https:\/\/rdccontrol.com\/fr\/wp-json\/wp\/v2\/types\/page"}],"author":[{"embeddable":true,"href":"https:\/\/rdccontrol.com\/fr\/wp-json\/wp\/v2\/users\/1"}],"replies":[{"embeddable":true,"href":"https:\/\/rdccontrol.com\/fr\/wp-json\/wp\/v2\/comments?post=590"}],"version-history":[{"count":15,"href":"https:\/\/rdccontrol.com\/fr\/wp-json\/wp\/v2\/pages\/590\/revisions"}],"predecessor-version":[{"id":3284,"href":"https:\/\/rdccontrol.com\/fr\/wp-json\/wp\/v2\/pages\/590\/revisions\/3284"}],"up":[{"embeddable":true,"href":"https:\/\/rdccontrol.com\/fr\/wp-json\/wp\/v2\/pages\/589"}],"wp:attachment":[{"href":"https:\/\/rdccontrol.com\/fr\/wp-json\/wp\/v2\/media?parent=590"}],"curies":[{"name":"wp","href":"https:\/\/api.w.org\/{rel}","templated":true}]}}