{"id":589,"date":"2014-09-19T14:32:45","date_gmt":"2014-09-19T18:32:45","guid":{"rendered":"http:\/\/rdcc.cashin.ca\/?page_id=589"},"modified":"2017-12-11T08:31:02","modified_gmt":"2017-12-11T13:31:02","slug":"thermocouples-101","status":"publish","type":"page","link":"https:\/\/rdccontrol.com\/fr\/thermocouple\/thermocouples-101\/","title":{"rendered":"Thermocouples 101"},"content":{"rendered":"<div class=\"wpb-content-wrapper\">[mk_page_section el_class=\u00a0\u00bbindus-cylinder-section\u00a0\u00bb sidebar=\u00a0\u00bbsidebar-1&Prime;][vc_column][vc_row_inner el_class=\u00a0\u00bbindus-cylinder-section-row\u00a0\u00bb][vc_column_inner width=\u00a0\u00bb1\/3&Prime;][mk_imagebox show_as=\u00a0\u00bbcolumn\u00a0\u00bb column=\u00a0\u00bb1&Prime; padding=\u00a0\u00bb0&Prime; el_class=\u00a0\u00bbindus-actuators-section-image-box box-1&Prime;][mk_imagebox_item item_image=\u00a0\u00bbhttp:\/\/rdccontrol.com\/wp-content\/uploads\/2017\/12\/thermocouple_1a.jpg\u00a0\u00bb image_padding=\u00a0\u00bbfalse\u00a0\u00bb background_color=\u00a0\u00bb#ffffff\u00a0\u00bb item_title=\u00a0\u00bbIntroduction aux thermocouples\u00a0\u00bb title_text_size=\u00a0\u00bb28&Prime; title_font_weight=\u00a0\u00bb600&Prime; title_color=\u00a0\u00bb#78786d\u00a0\u00bb el_class=\u00a0\u00bbindus-actuators-section-image-item item-1&Prime;]Les thermocouples sont des sondes de temp\u00e9rature de basse-imp\u00e9dance.[\/mk_imagebox_item][\/mk_imagebox][\/vc_column_inner][vc_column_inner width=\u00a0\u00bb1\/3&Prime;][mk_imagebox show_as=\u00a0\u00bbcolumn\u00a0\u00bb column=\u00a0\u00bb1&Prime; padding=\u00a0\u00bb0&Prime; el_class=\u00a0\u00bbindus-actuators-section-image-box box-2&Prime;][mk_imagebox_item item_image=\u00a0\u00bbhttp:\/\/rdccontrol.com\/wp-content\/uploads\/2017\/12\/industrial-thermocouple.jpg\u00a0\u00bb image_padding=\u00a0\u00bbfalse\u00a0\u00bb background_color=\u00a0\u00bb#ffffff\u00a0\u00bb item_title=\u00a0\u00bbTypes de thermocouples\u00a0\u00bb title_text_size=\u00a0\u00bb28&Prime; title_font_weight=\u00a0\u00bb600&Prime; title_color=\u00a0\u00bb#78786d\u00a0\u00bb el_class=\u00a0\u00bbindus-actuators-section-image-item item-2&Prime;]Nos thermocouples MGO r\u00e9pondent rapidement, sont durables et peuvent supporter des temp\u00e9ratures \u00e9lev\u00e9es.[\/mk_imagebox_item][\/mk_imagebox][\/vc_column_inner][vc_column_inner width=\u00a0\u00bb1\/3&Prime;][mk_imagebox show_as=\u00a0\u00bbcolumn\u00a0\u00bb column=\u00a0\u00bb1&Prime; padding=\u00a0\u00bb0&Prime; el_class=\u00a0\u00bbindus-actuators-section-image-box box-3&Prime;][mk_imagebox_item item_image=\u00a0\u00bbhttp:\/\/rdccontrol.com\/wp-content\/uploads\/2017\/12\/thermocouples-3-copy.jpg\u00a0\u00bb image_padding=\u00a0\u00bbfalse\u00a0\u00bb background_color=\u00a0\u00bb#ffffff\u00a0\u00bb item_title=\u00a0\u00bbFils et extensions de thermocouples\u00a0\u00bb title_text_size=\u00a0\u00bb28&Prime; title_font_weight=\u00a0\u00bb600&Prime; title_color=\u00a0\u00bb#78786d\u00a0\u00bb el_class=\u00a0\u00bbindus-actuators-section-image-item item-3&Prime;]Nos fils de thermocouple et d\u2019extension de thermocouple sont manufactur\u00e9s sous des contr\u00f4les de qualit\u00e9 rigides.[\/mk_imagebox_item][\/mk_imagebox][\/vc_column_inner][\/vc_row_inner][\/vc_column][\/mk_page_section]\n<\/div>","protected":false},"excerpt":{"rendered":"<p>[mk_page_section el_class=\u00a0\u00bbindus-cylinder-section\u00a0\u00bb sidebar=\u00a0\u00bbsidebar-1&Prime;][vc_column][vc_row_inner el_class=\u00a0\u00bbindus-cylinder-section-row\u00a0\u00bb][vc_column_inner width=\u00a0\u00bb1\/3&Prime;][mk_imagebox show_as=\u00a0\u00bbcolumn\u00a0\u00bb column=\u00a0\u00bb1&Prime; padding=\u00a0\u00bb0&Prime; el_class=\u00a0\u00bbindus-actuators-section-image-box box-1&Prime;][mk_imagebox_item item_image=\u00a0\u00bbhttp:\/\/rdccontrol.com\/wp-content\/uploads\/2017\/12\/thermocouple_1a.jpg\u00a0\u00bb image_padding=\u00a0\u00bbfalse\u00a0\u00bb background_color=\u00a0\u00bb#ffffff\u00a0\u00bb item_title=\u00a0\u00bbIntroduction aux thermocouples\u00a0\u00bb title_text_size=\u00a0\u00bb28&Prime; title_font_weight=\u00a0\u00bb600&Prime; title_color=\u00a0\u00bb#78786d\u00a0\u00bb el_class=\u00a0\u00bbindus-actuators-section-image-item item-1&Prime;]Les thermocouples sont des sondes de temp\u00e9rature de basse-imp\u00e9dance.[\/mk_imagebox_item][\/mk_imagebox][\/vc_column_inner][vc_column_inner width=\u00a0\u00bb1\/3&Prime;][mk_imagebox show_as=\u00a0\u00bbcolumn\u00a0\u00bb column=\u00a0\u00bb1&Prime; padding=\u00a0\u00bb0&Prime; el_class=\u00a0\u00bbindus-actuators-section-image-box box-2&Prime;][mk_imagebox_item item_image=\u00a0\u00bbhttp:\/\/rdccontrol.com\/wp-content\/uploads\/2017\/12\/industrial-thermocouple.jpg\u00a0\u00bb image_padding=\u00a0\u00bbfalse\u00a0\u00bb background_color=\u00a0\u00bb#ffffff\u00a0\u00bb item_title=\u00a0\u00bbTypes de thermocouples\u00a0\u00bb title_text_size=\u00a0\u00bb28&Prime; title_font_weight=\u00a0\u00bb600&Prime; title_color=\u00a0\u00bb#78786d\u00a0\u00bb el_class=\u00a0\u00bbindus-actuators-section-image-item item-2&Prime;]Nos thermocouples MGO r\u00e9pondent rapidement, sont durables et peuvent supporter [&hellip;]<\/p>\n","protected":false},"author":1,"featured_media":0,"parent":594,"menu_order":0,"comment_status":"closed","ping_status":"closed","template":"","meta":{"footnotes":""},"class_list":["post-589","page","type-page","status-publish","hentry"],"yoast_head":"<!-- This site is optimized with the Yoast SEO plugin v27.3 - https:\/\/yoast.com\/product\/yoast-seo-wordpress\/ -->\n<title>Thermocouples 101 - RDC Control<\/title>\n<meta name=\"robots\" content=\"index, follow, max-snippet:-1, max-image-preview:large, max-video-preview:-1\" \/>\n<link rel=\"canonical\" href=\"https:\/\/rdccontrol.com\/fr\/thermocouple\/thermocouples-101\/\" \/>\n<meta name=\"twitter:label1\" content=\"Dur\u00e9e de lecture estim\u00e9e\" \/>\n\t<meta name=\"twitter:data1\" content=\"1 minute\" \/>\n<script type=\"application\/ld+json\" class=\"yoast-schema-graph\">{\"@context\":\"https:\\\/\\\/schema.org\",\"@graph\":[{\"@type\":\"WebPage\",\"@id\":\"https:\\\/\\\/rdccontrol.com\\\/fr\\\/thermocouple\\\/thermocouples-101\\\/\",\"url\":\"https:\\\/\\\/rdccontrol.com\\\/fr\\\/thermocouple\\\/thermocouples-101\\\/\",\"name\":\"Thermocouples 101 - RDC Control\",\"isPartOf\":{\"@id\":\"https:\\\/\\\/rdccontrol.com\\\/fr\\\/#website\"},\"datePublished\":\"2014-09-19T18:32:45+00:00\",\"dateModified\":\"2017-12-11T13:31:02+00:00\",\"breadcrumb\":{\"@id\":\"https:\\\/\\\/rdccontrol.com\\\/fr\\\/thermocouple\\\/thermocouples-101\\\/#breadcrumb\"},\"inLanguage\":\"fr-FR\",\"potentialAction\":[{\"@type\":\"ReadAction\",\"target\":[\"https:\\\/\\\/rdccontrol.com\\\/fr\\\/thermocouple\\\/thermocouples-101\\\/\"]}]},{\"@type\":\"BreadcrumbList\",\"@id\":\"https:\\\/\\\/rdccontrol.com\\\/fr\\\/thermocouple\\\/thermocouples-101\\\/#breadcrumb\",\"itemListElement\":[{\"@type\":\"ListItem\",\"position\":1,\"name\":\"Home\",\"item\":\"https:\\\/\\\/rdccontrol.com\\\/fr\\\/\"},{\"@type\":\"ListItem\",\"position\":2,\"name\":\"Thermocouples\",\"item\":\"https:\\\/\\\/rdccontrol.com\\\/fr\\\/thermocouple\\\/\"},{\"@type\":\"ListItem\",\"position\":3,\"name\":\"Thermocouples 101\"}]},{\"@type\":\"WebSite\",\"@id\":\"https:\\\/\\\/rdccontrol.com\\\/fr\\\/#website\",\"url\":\"https:\\\/\\\/rdccontrol.com\\\/fr\\\/\",\"name\":\"RDC Control\",\"description\":\"A perfect alliance between expertise and know-how\",\"publisher\":{\"@id\":\"https:\\\/\\\/rdccontrol.com\\\/fr\\\/#organization\"},\"potentialAction\":[{\"@type\":\"SearchAction\",\"target\":{\"@type\":\"EntryPoint\",\"urlTemplate\":\"https:\\\/\\\/rdccontrol.com\\\/fr\\\/?s={search_term_string}\"},\"query-input\":{\"@type\":\"PropertyValueSpecification\",\"valueRequired\":true,\"valueName\":\"search_term_string\"}}],\"inLanguage\":\"fr-FR\"},{\"@type\":\"Organization\",\"@id\":\"https:\\\/\\\/rdccontrol.com\\\/fr\\\/#organization\",\"name\":\"RDC Control\",\"url\":\"https:\\\/\\\/rdccontrol.com\\\/fr\\\/\",\"logo\":{\"@type\":\"ImageObject\",\"inLanguage\":\"fr-FR\",\"@id\":\"https:\\\/\\\/rdccontrol.com\\\/fr\\\/#\\\/schema\\\/logo\\\/image\\\/\",\"url\":\"http:\\\/\\\/rdccontrol.com\\\/wp-content\\\/uploads\\\/2016\\\/05\\\/Logo_recolored_w.png\",\"contentUrl\":\"http:\\\/\\\/rdccontrol.com\\\/wp-content\\\/uploads\\\/2016\\\/05\\\/Logo_recolored_w.png\",\"width\":330,\"height\":378,\"caption\":\"RDC Control\"},\"image\":{\"@id\":\"https:\\\/\\\/rdccontrol.com\\\/fr\\\/#\\\/schema\\\/logo\\\/image\\\/\"},\"sameAs\":[\"http:\\\/\\\/www.linkedin.com\\\/company\\\/rdc-control-ltd\"]}]}<\/script>\n<!-- \/ Yoast SEO plugin. -->","yoast_head_json":{"title":"Thermocouples 101 - RDC Control","robots":{"index":"index","follow":"follow","max-snippet":"max-snippet:-1","max-image-preview":"max-image-preview:large","max-video-preview":"max-video-preview:-1"},"canonical":"https:\/\/rdccontrol.com\/fr\/thermocouple\/thermocouples-101\/","twitter_misc":{"Dur\u00e9e de lecture estim\u00e9e":"1 minute"},"schema":{"@context":"https:\/\/schema.org","@graph":[{"@type":"WebPage","@id":"https:\/\/rdccontrol.com\/fr\/thermocouple\/thermocouples-101\/","url":"https:\/\/rdccontrol.com\/fr\/thermocouple\/thermocouples-101\/","name":"Thermocouples 101 - RDC Control","isPartOf":{"@id":"https:\/\/rdccontrol.com\/fr\/#website"},"datePublished":"2014-09-19T18:32:45+00:00","dateModified":"2017-12-11T13:31:02+00:00","breadcrumb":{"@id":"https:\/\/rdccontrol.com\/fr\/thermocouple\/thermocouples-101\/#breadcrumb"},"inLanguage":"fr-FR","potentialAction":[{"@type":"ReadAction","target":["https:\/\/rdccontrol.com\/fr\/thermocouple\/thermocouples-101\/"]}]},{"@type":"BreadcrumbList","@id":"https:\/\/rdccontrol.com\/fr\/thermocouple\/thermocouples-101\/#breadcrumb","itemListElement":[{"@type":"ListItem","position":1,"name":"Home","item":"https:\/\/rdccontrol.com\/fr\/"},{"@type":"ListItem","position":2,"name":"Thermocouples","item":"https:\/\/rdccontrol.com\/fr\/thermocouple\/"},{"@type":"ListItem","position":3,"name":"Thermocouples 101"}]},{"@type":"WebSite","@id":"https:\/\/rdccontrol.com\/fr\/#website","url":"https:\/\/rdccontrol.com\/fr\/","name":"RDC Control","description":"A perfect alliance between expertise and know-how","publisher":{"@id":"https:\/\/rdccontrol.com\/fr\/#organization"},"potentialAction":[{"@type":"SearchAction","target":{"@type":"EntryPoint","urlTemplate":"https:\/\/rdccontrol.com\/fr\/?s={search_term_string}"},"query-input":{"@type":"PropertyValueSpecification","valueRequired":true,"valueName":"search_term_string"}}],"inLanguage":"fr-FR"},{"@type":"Organization","@id":"https:\/\/rdccontrol.com\/fr\/#organization","name":"RDC Control","url":"https:\/\/rdccontrol.com\/fr\/","logo":{"@type":"ImageObject","inLanguage":"fr-FR","@id":"https:\/\/rdccontrol.com\/fr\/#\/schema\/logo\/image\/","url":"http:\/\/rdccontrol.com\/wp-content\/uploads\/2016\/05\/Logo_recolored_w.png","contentUrl":"http:\/\/rdccontrol.com\/wp-content\/uploads\/2016\/05\/Logo_recolored_w.png","width":330,"height":378,"caption":"RDC Control"},"image":{"@id":"https:\/\/rdccontrol.com\/fr\/#\/schema\/logo\/image\/"},"sameAs":["http:\/\/www.linkedin.com\/company\/rdc-control-ltd"]}]}},"_links":{"self":[{"href":"https:\/\/rdccontrol.com\/fr\/wp-json\/wp\/v2\/pages\/589","targetHints":{"allow":["GET"]}}],"collection":[{"href":"https:\/\/rdccontrol.com\/fr\/wp-json\/wp\/v2\/pages"}],"about":[{"href":"https:\/\/rdccontrol.com\/fr\/wp-json\/wp\/v2\/types\/page"}],"author":[{"embeddable":true,"href":"https:\/\/rdccontrol.com\/fr\/wp-json\/wp\/v2\/users\/1"}],"replies":[{"embeddable":true,"href":"https:\/\/rdccontrol.com\/fr\/wp-json\/wp\/v2\/comments?post=589"}],"version-history":[{"count":14,"href":"https:\/\/rdccontrol.com\/fr\/wp-json\/wp\/v2\/pages\/589\/revisions"}],"predecessor-version":[{"id":2535,"href":"https:\/\/rdccontrol.com\/fr\/wp-json\/wp\/v2\/pages\/589\/revisions\/2535"}],"up":[{"embeddable":true,"href":"https:\/\/rdccontrol.com\/fr\/wp-json\/wp\/v2\/pages\/594"}],"wp:attachment":[{"href":"https:\/\/rdccontrol.com\/fr\/wp-json\/wp\/v2\/media?parent=589"}],"curies":[{"name":"wp","href":"https:\/\/api.w.org\/{rel}","templated":true}]}}